{"id":911,"date":"2019-12-11T14:51:46","date_gmt":"2019-12-11T13:51:46","guid":{"rendered":"http:\/\/www.pompes-funebres-santilly.com\/fr\/?page_id=911"},"modified":"2022-08-30T15:31:35","modified_gmt":"2022-08-30T13:31:35","slug":"nous-rejoindre","status":"publish","type":"page","link":"https:\/\/www.pompes-funebres-santilly.com\/fr\/nous-rejoindre\/","title":{"rendered":"Nous Rejoindre"},"content":{"rendered":"<p>[vc_section css=\u00a0\u00bb.vc_custom_1580464848378{margin-bottom: 40px !important;}\u00a0\u00bb el_id=\u00a0\u00bbabout-intro-section\u00a0\u00bb el_class=\u00a0\u00bborder-content-top\u00a0\u00bb][vc_row][vc_column width=\u00a0\u00bb1\/2&Prime;][vc_column_text css=\u00a0\u00bb.vc_custom_1580464929337{margin-bottom: 30px !important;}\u00a0\u00bb]<\/p>\n<h1>Travailler chez Ets Santilly<\/h1>\n<p>[\/vc_column_text][vc_column_text css=\u00a0\u00bb.vc_custom_1661866284215{margin-bottom: 30px !important;}\u00a0\u00bb bb_tab_container=\u00a0\u00bb\u00a0\u00bb]<\/p>\n<p><span style=\"font-weight: 400;\">Rejoignez nos collaborateurs sp\u00e9cialis\u00e9s dans les m\u00e9tiers du fun\u00e9raire :\u00a0<\/span><\/p>\n<ul>\n<li style=\"font-weight: 400;\" aria-level=\"1\"><span style=\"font-weight: 400;\">porteur-chauffeur ;\u00a0<\/span><\/li>\n<li style=\"font-weight: 400;\" aria-level=\"1\"><span style=\"font-weight: 400;\">ma\u00eetre de c\u00e9r\u00e9monie ;\u00a0<\/span><\/li>\n<li style=\"font-weight: 400;\" aria-level=\"1\"><span style=\"font-weight: 400;\">ouvrier sp\u00e9cialis\u00e9 ;\u00a0<\/span><\/li>\n<li style=\"font-weight: 400;\" aria-level=\"1\"><span style=\"font-weight: 400;\">marbrier ;\u00a0<\/span><\/li>\n<li style=\"font-weight: 400;\" aria-level=\"1\"><span style=\"font-weight: 400;\">conseiller fun\u00e9raire.<\/span><\/li>\n<\/ul>\n<p><span style=\"font-weight: 400;\">Vous souhaitez nous rejoindre ? D\u00e9posez votre candidature en ligne.<\/span><\/p>\n<p>[\/vc_column_text][vc_row_inner][vc_column_inner width=\u00a0\u00bb5\/6&Prime;][vc_btn title=\u00a0\u00bbCandidature Spontan\u00e9e\u00a0\u00bb style=\u00a0\u00bbflat\u00a0\u00bb color=\u00a0\u00bbsuccess\u00a0\u00bb align=\u00a0\u00bbleft\u00a0\u00bb el_class=\u00a0\u00bbpfs-cta-a small half\u00a0\u00bb link=\u00a0\u00bburl:https%3A%2F%2Fwww.pompes-funebres-santilly.com%2Ffr%2Fcandidature-spontanee%2F|title:Candidature%20Spontan%C3%A9e||\u00a0\u00bb css=\u00a0\u00bb.vc_custom_1599143963222{margin-top: 20px !important;}\u00a0\u00bb][\/vc_column_inner][vc_column_inner width=\u00a0\u00bb1\/6&Prime;][\/vc_column_inner][\/vc_row_inner][\/vc_column][vc_column width=\u00a0\u00bb1\/2&Prime;][vc_single_image image=\u00a0\u00bb24351&Prime; img_size=\u00a0\u00bbfull\u00a0\u00bb alignment=\u00a0\u00bbright\u00a0\u00bb][\/vc_column][\/vc_row][\/vc_section][vc_section el_class=\u00a0\u00bborder-content-bottom\u00a0\u00bb][vc_row][vc_column][\/vc_column][\/vc_row][\/vc_section][vc_section el_class=\u00a0\u00bborder-content-bottom\u00a0\u00bb][vc_row][vc_column][vc_column_text css=\u00a0\u00bb.vc_custom_1581624325176{margin-bottom: 30px !important;}\u00a0\u00bb]<\/p>\n<h2>Les valeurs des Pompes Fun\u00e8bres Santilly<\/h2>\n<p>[\/vc_column_text][vc_video link=\u00a0\u00bbhttps:\/\/youtu.be\/lU0-UajivMQ\u00a0\u00bb css=\u00a0\u00bb.vc_custom_1581624337395{margin-bottom: 30px !important;}\u00a0\u00bb][\/vc_column][\/vc_row][\/vc_section]<\/p>\n","protected":false},"excerpt":{"rendered":"<p>[vc_section css=\u00a0\u00bb.vc_custom_1580464848378{margin-bottom: 40px !important;}\u00a0\u00bb el_id=\u00a0\u00bbabout-intro-section\u00a0\u00bb el_class=\u00a0\u00bborder-content-top\u00a0\u00bb][vc_row][vc_column width=\u00a0\u00bb1\/2&Prime;][vc_column_text css=\u00a0\u00bb.vc_custom_1580464929337{margin-bottom: 30px !important;}\u00a0\u00bb] Travailler chez Ets Santilly [\/vc_column_text][vc_column_text css=\u00a0\u00bb.vc_custom_1661866284215{margin-bottom: 30px !important;}\u00a0\u00bb bb_tab_container=\u00a0\u00bb\u00a0\u00bb] Rejoignez nos collaborateurs sp\u00e9cialis\u00e9s dans les m\u00e9tiers du fun\u00e9raire :\u00a0 porteur-chauffeur ;\u00a0 ma\u00eetre de c\u00e9r\u00e9monie ;\u00a0 ouvrier sp\u00e9cialis\u00e9 ;\u00a0 marbrier ;\u00a0 conseiller fun\u00e9raire. Vous souhaitez nous rejoindre ? D\u00e9posez votre candidature en ligne. [\/vc_column_text][vc_row_inner][vc_column_inner width=\u00a0\u00bb5\/6&Prime;][vc_btn title=\u00a0\u00bbCandidature [&hellip;]<\/p>\n","protected":false},"author":1,"featured_media":0,"parent":0,"menu_order":0,"comment_status":"closed","ping_status":"closed","template":"template-offre_emploi.php","meta":{"_acf_changed":false,"footnotes":""},"class_list":["post-911","page","type-page","status-publish","hentry"],"acf":false,"yoast_head":"<!-- This site is optimized with the Yoast SEO plugin v26.5 - https:\/\/yoast.com\/wordpress\/plugins\/seo\/ -->\n<title>Pompes funebres emploi - Offre d&#039;emploi pompes funebres - Pompes Fun\u00e8bres Santilly<\/title>\n<meta name=\"description\" content=\"Les \u00e9tablissements Santilly proposent des emplois dans les diff\u00e9rentes agences sur la r\u00e9gion parisienne. D\u00e9couvrez toutes les offres.\" \/>\n<meta name=\"robots\" content=\"index, follow, max-snippet:-1, max-image-preview:large, max-video-preview:-1\" \/>\n<link rel=\"canonical\" href=\"https:\/\/www.pompes-funebres-santilly.com\/fr\/nous-rejoindre\/\" \/>\n<meta property=\"og:locale\" content=\"fr_FR\" \/>\n<meta property=\"og:type\" content=\"article\" \/>\n<meta property=\"og:title\" content=\"Pompes funebres emploi - Offre d&#039;emploi pompes funebres - Pompes Fun\u00e8bres Santilly\" \/>\n<meta property=\"og:description\" content=\"Les \u00e9tablissements Santilly proposent des emplois dans les diff\u00e9rentes agences sur la r\u00e9gion parisienne. D\u00e9couvrez toutes les offres.\" \/>\n<meta property=\"og:url\" content=\"https:\/\/www.pompes-funebres-santilly.com\/fr\/nous-rejoindre\/\" \/>\n<meta property=\"og:site_name\" content=\"Pompes Fun\u00e8bres Santilly\" \/>\n<meta property=\"article:modified_time\" content=\"2022-08-30T13:31:35+00:00\" \/>\n<meta name=\"twitter:card\" content=\"summary_large_image\" \/>\n<meta name=\"twitter:label1\" content=\"Dur\u00e9e de lecture est.\" \/>\n\t<meta name=\"twitter:data1\" content=\"1 minute\" \/>\n<script type=\"application\/ld+json\" class=\"yoast-schema-graph\">{\"@context\":\"https:\/\/schema.org\",\"@graph\":[{\"@type\":\"WebPage\",\"@id\":\"https:\/\/www.pompes-funebres-santilly.com\/fr\/nous-rejoindre\/\",\"url\":\"https:\/\/www.pompes-funebres-santilly.com\/fr\/nous-rejoindre\/\",\"name\":\"Pompes funebres emploi - Offre d'emploi pompes funebres - Pompes Fun\u00e8bres Santilly\",\"isPartOf\":{\"@id\":\"https:\/\/www.pompes-funebres-santilly.com\/fr\/#website\"},\"datePublished\":\"2019-12-11T13:51:46+00:00\",\"dateModified\":\"2022-08-30T13:31:35+00:00\",\"description\":\"Les \u00e9tablissements Santilly proposent des emplois dans les diff\u00e9rentes agences sur la r\u00e9gion parisienne. D\u00e9couvrez toutes les offres.\",\"breadcrumb\":{\"@id\":\"https:\/\/www.pompes-funebres-santilly.com\/fr\/nous-rejoindre\/#breadcrumb\"},\"inLanguage\":\"fr-FR\",\"potentialAction\":[{\"@type\":\"ReadAction\",\"target\":[\"https:\/\/www.pompes-funebres-santilly.com\/fr\/nous-rejoindre\/\"]}]},{\"@type\":\"BreadcrumbList\",\"@id\":\"https:\/\/www.pompes-funebres-santilly.com\/fr\/nous-rejoindre\/#breadcrumb\",\"itemListElement\":[{\"@type\":\"ListItem\",\"position\":1,\"name\":\"Accueil\",\"item\":\"https:\/\/www.pompes-funebres-santilly.com\/fr\/\"},{\"@type\":\"ListItem\",\"position\":2,\"name\":\"Nous Rejoindre\"}]},{\"@type\":\"WebSite\",\"@id\":\"https:\/\/www.pompes-funebres-santilly.com\/fr\/#website\",\"url\":\"https:\/\/www.pompes-funebres-santilly.com\/fr\/\",\"name\":\"Pompes Fun\u00e8bres Santilly\",\"description\":\"\",\"publisher\":{\"@id\":\"https:\/\/www.pompes-funebres-santilly.com\/fr\/#organization\"},\"potentialAction\":[{\"@type\":\"SearchAction\",\"target\":{\"@type\":\"EntryPoint\",\"urlTemplate\":\"https:\/\/www.pompes-funebres-santilly.com\/fr\/?s={search_term_string}\"},\"query-input\":{\"@type\":\"PropertyValueSpecification\",\"valueRequired\":true,\"valueName\":\"search_term_string\"}}],\"inLanguage\":\"fr-FR\"},{\"@type\":\"Organization\",\"@id\":\"https:\/\/www.pompes-funebres-santilly.com\/fr\/#organization\",\"name\":\"LCF Santilly\",\"url\":\"https:\/\/www.pompes-funebres-santilly.com\/fr\/\",\"logo\":{\"@type\":\"ImageObject\",\"inLanguage\":\"fr-FR\",\"@id\":\"https:\/\/www.pompes-funebres-santilly.com\/fr\/#\/schema\/logo\/image\/\",\"url\":\"https:\/\/www.pompes-funebres-santilly.com\/wp-content\/uploads\/2019\/12\/logo-1.png\",\"contentUrl\":\"https:\/\/www.pompes-funebres-santilly.com\/wp-content\/uploads\/2019\/12\/logo-1.png\",\"width\":433,\"height\":115,\"caption\":\"LCF Santilly\"},\"image\":{\"@id\":\"https:\/\/www.pompes-funebres-santilly.com\/fr\/#\/schema\/logo\/image\/\"}}]}<\/script>\n<!-- \/ Yoast SEO plugin. -->","yoast_head_json":{"title":"Pompes funebres emploi - Offre d'emploi pompes funebres - Pompes Fun\u00e8bres Santilly","description":"Les \u00e9tablissements Santilly proposent des emplois dans les diff\u00e9rentes agences sur la r\u00e9gion parisienne. D\u00e9couvrez toutes les offres.","robots":{"index":"index","follow":"follow","max-snippet":"max-snippet:-1","max-image-preview":"max-image-preview:large","max-video-preview":"max-video-preview:-1"},"canonical":"https:\/\/www.pompes-funebres-santilly.com\/fr\/nous-rejoindre\/","og_locale":"fr_FR","og_type":"article","og_title":"Pompes funebres emploi - Offre d'emploi pompes funebres - Pompes Fun\u00e8bres Santilly","og_description":"Les \u00e9tablissements Santilly proposent des emplois dans les diff\u00e9rentes agences sur la r\u00e9gion parisienne. D\u00e9couvrez toutes les offres.","og_url":"https:\/\/www.pompes-funebres-santilly.com\/fr\/nous-rejoindre\/","og_site_name":"Pompes Fun\u00e8bres Santilly","article_modified_time":"2022-08-30T13:31:35+00:00","twitter_card":"summary_large_image","twitter_misc":{"Dur\u00e9e de lecture est.":"1 minute"},"schema":{"@context":"https:\/\/schema.org","@graph":[{"@type":"WebPage","@id":"https:\/\/www.pompes-funebres-santilly.com\/fr\/nous-rejoindre\/","url":"https:\/\/www.pompes-funebres-santilly.com\/fr\/nous-rejoindre\/","name":"Pompes funebres emploi - Offre d'emploi pompes funebres - Pompes Fun\u00e8bres Santilly","isPartOf":{"@id":"https:\/\/www.pompes-funebres-santilly.com\/fr\/#website"},"datePublished":"2019-12-11T13:51:46+00:00","dateModified":"2022-08-30T13:31:35+00:00","description":"Les \u00e9tablissements Santilly proposent des emplois dans les diff\u00e9rentes agences sur la r\u00e9gion parisienne. D\u00e9couvrez toutes les offres.","breadcrumb":{"@id":"https:\/\/www.pompes-funebres-santilly.com\/fr\/nous-rejoindre\/#breadcrumb"},"inLanguage":"fr-FR","potentialAction":[{"@type":"ReadAction","target":["https:\/\/www.pompes-funebres-santilly.com\/fr\/nous-rejoindre\/"]}]},{"@type":"BreadcrumbList","@id":"https:\/\/www.pompes-funebres-santilly.com\/fr\/nous-rejoindre\/#breadcrumb","itemListElement":[{"@type":"ListItem","position":1,"name":"Accueil","item":"https:\/\/www.pompes-funebres-santilly.com\/fr\/"},{"@type":"ListItem","position":2,"name":"Nous Rejoindre"}]},{"@type":"WebSite","@id":"https:\/\/www.pompes-funebres-santilly.com\/fr\/#website","url":"https:\/\/www.pompes-funebres-santilly.com\/fr\/","name":"Pompes Fun\u00e8bres Santilly","description":"","publisher":{"@id":"https:\/\/www.pompes-funebres-santilly.com\/fr\/#organization"},"potentialAction":[{"@type":"SearchAction","target":{"@type":"EntryPoint","urlTemplate":"https:\/\/www.pompes-funebres-santilly.com\/fr\/?s={search_term_string}"},"query-input":{"@type":"PropertyValueSpecification","valueRequired":true,"valueName":"search_term_string"}}],"inLanguage":"fr-FR"},{"@type":"Organization","@id":"https:\/\/www.pompes-funebres-santilly.com\/fr\/#organization","name":"LCF Santilly","url":"https:\/\/www.pompes-funebres-santilly.com\/fr\/","logo":{"@type":"ImageObject","inLanguage":"fr-FR","@id":"https:\/\/www.pompes-funebres-santilly.com\/fr\/#\/schema\/logo\/image\/","url":"https:\/\/www.pompes-funebres-santilly.com\/wp-content\/uploads\/2019\/12\/logo-1.png","contentUrl":"https:\/\/www.pompes-funebres-santilly.com\/wp-content\/uploads\/2019\/12\/logo-1.png","width":433,"height":115,"caption":"LCF Santilly"},"image":{"@id":"https:\/\/www.pompes-funebres-santilly.com\/fr\/#\/schema\/logo\/image\/"}}]}},"_links":{"self":[{"href":"https:\/\/www.pompes-funebres-santilly.com\/fr\/wp-json\/wp\/v2\/pages\/911","targetHints":{"allow":["GET"]}}],"collection":[{"href":"https:\/\/www.pompes-funebres-santilly.com\/fr\/wp-json\/wp\/v2\/pages"}],"about":[{"href":"https:\/\/www.pompes-funebres-santilly.com\/fr\/wp-json\/wp\/v2\/types\/page"}],"author":[{"embeddable":true,"href":"https:\/\/www.pompes-funebres-santilly.com\/fr\/wp-json\/wp\/v2\/users\/1"}],"replies":[{"embeddable":true,"href":"https:\/\/www.pompes-funebres-santilly.com\/fr\/wp-json\/wp\/v2\/comments?post=911"}],"version-history":[{"count":10,"href":"https:\/\/www.pompes-funebres-santilly.com\/fr\/wp-json\/wp\/v2\/pages\/911\/revisions"}],"predecessor-version":[{"id":30539,"href":"https:\/\/www.pompes-funebres-santilly.com\/fr\/wp-json\/wp\/v2\/pages\/911\/revisions\/30539"}],"wp:attachment":[{"href":"https:\/\/www.pompes-funebres-santilly.com\/fr\/wp-json\/wp\/v2\/media?parent=911"}],"curies":[{"name":"wp","href":"https:\/\/api.w.org\/{rel}","templated":true}]}}