{"id":901,"date":"2019-12-11T12:15:17","date_gmt":"2019-12-11T11:15:17","guid":{"rendered":"http:\/\/www.pompes-funebres-santilly.com\/fr\/?page_id=901"},"modified":"2024-02-16T14:26:25","modified_gmt":"2024-02-16T13:26:25","slug":"nos-agences","status":"publish","type":"page","link":"https:\/\/www.pompes-funebres-santilly.com\/fr\/nos-agences\/","title":{"rendered":"Nos agences"},"content":{"rendered":"<p>[vc_section css=\u00a0\u00bb.vc_custom_1580393456091{margin-bottom: 40px !important;}\u00a0\u00bb el_id=\u00a0\u00bbabout-intro-section\u00a0\u00bb el_class=\u00a0\u00bborder-content-top\u00a0\u00bb][vc_row][vc_column][vc_column_text css=\u00a0\u00bb.vc_custom_1661867266925{margin-bottom: 30px !important;}\u00a0\u00bb bb_tab_container=\u00a0\u00bb\u00a0\u00bb]<\/p>\n<h1>Pompes fun\u00e8bres \u00e0 Paris, en Seine-Saint-Denis, Hauts-de-Seine, Val d&rsquo;Oise et Oise<\/h1>\n<p>[\/vc_column_text][vc_column_text css=\u00a0\u00bb.vc_custom_1661867345611{margin-bottom: 30px !important;}\u00a0\u00bb bb_tab_container=\u00a0\u00bb\u00a0\u00bb]<\/p>\n<p><strong>Les \u00e9tablissements Santilly sont situ\u00e9s \u00e0 Paris, en r\u00e9gion parisienne, dans l\u2019Oise et dans les Hauts-de-France<\/strong>. Vous pouvez vous rendre dans une agence Santilly.<\/p>\n<p><span style=\"font-weight: 400;\">Parce que les familles doivent pouvoir se recueillir dans la dignit\u00e9 et le respect, les \u00c9tablissements Santilly poss\u00e8dent trois fun\u00e9rariums. Vous pouvez ainsi vous rassembler dans une chambre fun\u00e9raire des \u00c9tablissements Santilly.<\/span><\/p>\n<p>Au sein de toutes les agences Santilly, un large choix d\u2019articles fun\u00e9raires sont \u00e0 votre disposition pour satisfaire vos besoins et envies. De plus, nos \u00e9quipes peuvent vous aider dans le choix des fleurs pour honorer la m\u00e9moire de vos proches.<\/p>\n<p>[\/vc_column_text][vc_btn title=\u00a0\u00bbDemander un Devis\u00a0\u00bb style=\u00a0\u00bbflat\u00a0\u00bb color=\u00a0\u00bbwhite\u00a0\u00bb align=\u00a0\u00bbcenter\u00a0\u00bb button_block=\u00a0\u00bbtrue\u00a0\u00bb el_class=\u00a0\u00bbpfs-cta-a small\u00a0\u00bb link=\u00a0\u00bburl:https%3A%2F%2Fwww.pompes-funebres-santilly.com%2Ffr%2Fdevis%2F|title:Demander%20un%20devis||\u00a0\u00bb][\/vc_column][\/vc_row][\/vc_section][vc_section el_class=\u00a0\u00bborder-content-bottom\u00a0\u00bb][vc_row][vc_column][\/vc_column][\/vc_row][\/vc_section]<\/p>\n","protected":false},"excerpt":{"rendered":"<p>[vc_section css=\u00a0\u00bb.vc_custom_1580393456091{margin-bottom: 40px !important;}\u00a0\u00bb el_id=\u00a0\u00bbabout-intro-section\u00a0\u00bb el_class=\u00a0\u00bborder-content-top\u00a0\u00bb][vc_row][vc_column][vc_column_text css=\u00a0\u00bb.vc_custom_1661867266925{margin-bottom: 30px !important;}\u00a0\u00bb bb_tab_container=\u00a0\u00bb\u00a0\u00bb] Pompes fun\u00e8bres \u00e0 Paris, en Seine-Saint-Denis, Hauts-de-Seine, Val d&rsquo;Oise et Oise [\/vc_column_text][vc_column_text css=\u00a0\u00bb.vc_custom_1661867345611{margin-bottom: 30px !important;}\u00a0\u00bb bb_tab_container=\u00a0\u00bb\u00a0\u00bb] Les \u00e9tablissements Santilly sont situ\u00e9s \u00e0 Paris, en r\u00e9gion parisienne, dans l\u2019Oise et dans les Hauts-de-France. Vous pouvez vous rendre dans une agence Santilly. Parce que les familles doivent [&hellip;]<\/p>\n","protected":false},"author":1,"featured_media":0,"parent":0,"menu_order":0,"comment_status":"closed","ping_status":"closed","template":"template-agences.php","meta":{"_acf_changed":false,"footnotes":""},"class_list":["post-901","page","type-page","status-publish","hentry"],"acf":{"content_pages_transactionals":""},"yoast_head":"<!-- This site is optimized with the Yoast SEO plugin v26.5 - https:\/\/yoast.com\/wordpress\/plugins\/seo\/ -->\n<title>Pompes fun\u00e8bres \u00e0 Paris, en Seine-Saint-Denis, Hauts-de-Seine, Val d&#039;Oise et l&#039;Oise<\/title>\n<meta name=\"description\" content=\"Les \u00e9tablissements Santilly interviennent sur toute la r\u00e9gion parisienne. Ils vous accueillent du Lundi au Samedi pour vous conseiller et vous aider.\" \/>\n<meta name=\"robots\" content=\"index, follow, max-snippet:-1, max-image-preview:large, max-video-preview:-1\" \/>\n<link rel=\"canonical\" href=\"https:\/\/www.pompes-funebres-santilly.com\/fr\/nos-agences\/\" \/>\n<meta property=\"og:locale\" content=\"fr_FR\" \/>\n<meta property=\"og:type\" content=\"article\" \/>\n<meta property=\"og:title\" content=\"Pompes fun\u00e8bres \u00e0 Paris, en Seine-Saint-Denis, Hauts-de-Seine, Val d&#039;Oise et l&#039;Oise\" \/>\n<meta property=\"og:description\" content=\"Les \u00e9tablissements Santilly interviennent sur toute la r\u00e9gion parisienne. Ils vous accueillent du Lundi au Samedi pour vous conseiller et vous aider.\" \/>\n<meta property=\"og:url\" content=\"https:\/\/www.pompes-funebres-santilly.com\/fr\/nos-agences\/\" \/>\n<meta property=\"og:site_name\" content=\"Pompes Fun\u00e8bres Santilly\" \/>\n<meta property=\"article:modified_time\" content=\"2024-02-16T13:26:25+00:00\" \/>\n<meta name=\"twitter:card\" content=\"summary_large_image\" \/>\n<meta name=\"twitter:label1\" content=\"Dur\u00e9e de lecture est.\" \/>\n\t<meta name=\"twitter:data1\" content=\"1 minute\" \/>\n<script type=\"application\/ld+json\" class=\"yoast-schema-graph\">{\"@context\":\"https:\/\/schema.org\",\"@graph\":[{\"@type\":\"WebPage\",\"@id\":\"https:\/\/www.pompes-funebres-santilly.com\/fr\/nos-agences\/\",\"url\":\"https:\/\/www.pompes-funebres-santilly.com\/fr\/nos-agences\/\",\"name\":\"Pompes fun\u00e8bres \u00e0 Paris, en Seine-Saint-Denis, Hauts-de-Seine, Val d'Oise et l'Oise\",\"isPartOf\":{\"@id\":\"https:\/\/www.pompes-funebres-santilly.com\/fr\/#website\"},\"datePublished\":\"2019-12-11T11:15:17+00:00\",\"dateModified\":\"2024-02-16T13:26:25+00:00\",\"description\":\"Les \u00e9tablissements Santilly interviennent sur toute la r\u00e9gion parisienne. Ils vous accueillent du Lundi au Samedi pour vous conseiller et vous aider.\",\"breadcrumb\":{\"@id\":\"https:\/\/www.pompes-funebres-santilly.com\/fr\/nos-agences\/#breadcrumb\"},\"inLanguage\":\"fr-FR\",\"potentialAction\":[{\"@type\":\"ReadAction\",\"target\":[\"https:\/\/www.pompes-funebres-santilly.com\/fr\/nos-agences\/\"]}]},{\"@type\":\"BreadcrumbList\",\"@id\":\"https:\/\/www.pompes-funebres-santilly.com\/fr\/nos-agences\/#breadcrumb\",\"itemListElement\":[{\"@type\":\"ListItem\",\"position\":1,\"name\":\"Accueil\",\"item\":\"https:\/\/www.pompes-funebres-santilly.com\/fr\/\"},{\"@type\":\"ListItem\",\"position\":2,\"name\":\"Nos agences\"}]},{\"@type\":\"WebSite\",\"@id\":\"https:\/\/www.pompes-funebres-santilly.com\/fr\/#website\",\"url\":\"https:\/\/www.pompes-funebres-santilly.com\/fr\/\",\"name\":\"Pompes Fun\u00e8bres Santilly\",\"description\":\"\",\"publisher\":{\"@id\":\"https:\/\/www.pompes-funebres-santilly.com\/fr\/#organization\"},\"potentialAction\":[{\"@type\":\"SearchAction\",\"target\":{\"@type\":\"EntryPoint\",\"urlTemplate\":\"https:\/\/www.pompes-funebres-santilly.com\/fr\/?s={search_term_string}\"},\"query-input\":{\"@type\":\"PropertyValueSpecification\",\"valueRequired\":true,\"valueName\":\"search_term_string\"}}],\"inLanguage\":\"fr-FR\"},{\"@type\":\"Organization\",\"@id\":\"https:\/\/www.pompes-funebres-santilly.com\/fr\/#organization\",\"name\":\"LCF Santilly\",\"url\":\"https:\/\/www.pompes-funebres-santilly.com\/fr\/\",\"logo\":{\"@type\":\"ImageObject\",\"inLanguage\":\"fr-FR\",\"@id\":\"https:\/\/www.pompes-funebres-santilly.com\/fr\/#\/schema\/logo\/image\/\",\"url\":\"https:\/\/www.pompes-funebres-santilly.com\/wp-content\/uploads\/2019\/12\/logo-1.png\",\"contentUrl\":\"https:\/\/www.pompes-funebres-santilly.com\/wp-content\/uploads\/2019\/12\/logo-1.png\",\"width\":433,\"height\":115,\"caption\":\"LCF Santilly\"},\"image\":{\"@id\":\"https:\/\/www.pompes-funebres-santilly.com\/fr\/#\/schema\/logo\/image\/\"}}]}<\/script>\n<!-- \/ Yoast SEO plugin. -->","yoast_head_json":{"title":"Pompes fun\u00e8bres \u00e0 Paris, en Seine-Saint-Denis, Hauts-de-Seine, Val d'Oise et l'Oise","description":"Les \u00e9tablissements Santilly interviennent sur toute la r\u00e9gion parisienne. Ils vous accueillent du Lundi au Samedi pour vous conseiller et vous aider.","robots":{"index":"index","follow":"follow","max-snippet":"max-snippet:-1","max-image-preview":"max-image-preview:large","max-video-preview":"max-video-preview:-1"},"canonical":"https:\/\/www.pompes-funebres-santilly.com\/fr\/nos-agences\/","og_locale":"fr_FR","og_type":"article","og_title":"Pompes fun\u00e8bres \u00e0 Paris, en Seine-Saint-Denis, Hauts-de-Seine, Val d'Oise et l'Oise","og_description":"Les \u00e9tablissements Santilly interviennent sur toute la r\u00e9gion parisienne. Ils vous accueillent du Lundi au Samedi pour vous conseiller et vous aider.","og_url":"https:\/\/www.pompes-funebres-santilly.com\/fr\/nos-agences\/","og_site_name":"Pompes Fun\u00e8bres Santilly","article_modified_time":"2024-02-16T13:26:25+00:00","twitter_card":"summary_large_image","twitter_misc":{"Dur\u00e9e de lecture est.":"1 minute"},"schema":{"@context":"https:\/\/schema.org","@graph":[{"@type":"WebPage","@id":"https:\/\/www.pompes-funebres-santilly.com\/fr\/nos-agences\/","url":"https:\/\/www.pompes-funebres-santilly.com\/fr\/nos-agences\/","name":"Pompes fun\u00e8bres \u00e0 Paris, en Seine-Saint-Denis, Hauts-de-Seine, Val d'Oise et l'Oise","isPartOf":{"@id":"https:\/\/www.pompes-funebres-santilly.com\/fr\/#website"},"datePublished":"2019-12-11T11:15:17+00:00","dateModified":"2024-02-16T13:26:25+00:00","description":"Les \u00e9tablissements Santilly interviennent sur toute la r\u00e9gion parisienne. Ils vous accueillent du Lundi au Samedi pour vous conseiller et vous aider.","breadcrumb":{"@id":"https:\/\/www.pompes-funebres-santilly.com\/fr\/nos-agences\/#breadcrumb"},"inLanguage":"fr-FR","potentialAction":[{"@type":"ReadAction","target":["https:\/\/www.pompes-funebres-santilly.com\/fr\/nos-agences\/"]}]},{"@type":"BreadcrumbList","@id":"https:\/\/www.pompes-funebres-santilly.com\/fr\/nos-agences\/#breadcrumb","itemListElement":[{"@type":"ListItem","position":1,"name":"Accueil","item":"https:\/\/www.pompes-funebres-santilly.com\/fr\/"},{"@type":"ListItem","position":2,"name":"Nos agences"}]},{"@type":"WebSite","@id":"https:\/\/www.pompes-funebres-santilly.com\/fr\/#website","url":"https:\/\/www.pompes-funebres-santilly.com\/fr\/","name":"Pompes Fun\u00e8bres Santilly","description":"","publisher":{"@id":"https:\/\/www.pompes-funebres-santilly.com\/fr\/#organization"},"potentialAction":[{"@type":"SearchAction","target":{"@type":"EntryPoint","urlTemplate":"https:\/\/www.pompes-funebres-santilly.com\/fr\/?s={search_term_string}"},"query-input":{"@type":"PropertyValueSpecification","valueRequired":true,"valueName":"search_term_string"}}],"inLanguage":"fr-FR"},{"@type":"Organization","@id":"https:\/\/www.pompes-funebres-santilly.com\/fr\/#organization","name":"LCF Santilly","url":"https:\/\/www.pompes-funebres-santilly.com\/fr\/","logo":{"@type":"ImageObject","inLanguage":"fr-FR","@id":"https:\/\/www.pompes-funebres-santilly.com\/fr\/#\/schema\/logo\/image\/","url":"https:\/\/www.pompes-funebres-santilly.com\/wp-content\/uploads\/2019\/12\/logo-1.png","contentUrl":"https:\/\/www.pompes-funebres-santilly.com\/wp-content\/uploads\/2019\/12\/logo-1.png","width":433,"height":115,"caption":"LCF Santilly"},"image":{"@id":"https:\/\/www.pompes-funebres-santilly.com\/fr\/#\/schema\/logo\/image\/"}}]}},"_links":{"self":[{"href":"https:\/\/www.pompes-funebres-santilly.com\/fr\/wp-json\/wp\/v2\/pages\/901","targetHints":{"allow":["GET"]}}],"collection":[{"href":"https:\/\/www.pompes-funebres-santilly.com\/fr\/wp-json\/wp\/v2\/pages"}],"about":[{"href":"https:\/\/www.pompes-funebres-santilly.com\/fr\/wp-json\/wp\/v2\/types\/page"}],"author":[{"embeddable":true,"href":"https:\/\/www.pompes-funebres-santilly.com\/fr\/wp-json\/wp\/v2\/users\/1"}],"replies":[{"embeddable":true,"href":"https:\/\/www.pompes-funebres-santilly.com\/fr\/wp-json\/wp\/v2\/comments?post=901"}],"version-history":[{"count":19,"href":"https:\/\/www.pompes-funebres-santilly.com\/fr\/wp-json\/wp\/v2\/pages\/901\/revisions"}],"predecessor-version":[{"id":32830,"href":"https:\/\/www.pompes-funebres-santilly.com\/fr\/wp-json\/wp\/v2\/pages\/901\/revisions\/32830"}],"wp:attachment":[{"href":"https:\/\/www.pompes-funebres-santilly.com\/fr\/wp-json\/wp\/v2\/media?parent=901"}],"curies":[{"name":"wp","href":"https:\/\/api.w.org\/{rel}","templated":true}]}}