{"id":7468,"date":"2020-02-06T17:35:59","date_gmt":"2020-02-06T16:35:59","guid":{"rendered":"http:\/\/www.pompes-funebres-santilly.com\/fr\/?page_id=7468"},"modified":"2024-09-05T13:01:44","modified_gmt":"2024-09-05T11:01:44","slug":"catalogue-de-monuments","status":"publish","type":"page","link":"https:\/\/www.pompes-funebres-santilly.com\/fr\/marbrerie\/catalogue-de-monuments\/","title":{"rendered":"Catalogue de monuments"},"content":{"rendered":"<p>[vc_section el_id=\u00a0\u00bbcollectivite-service-section\u00a0\u00bb css=\u00a0\u00bb.vc_custom_1580376943631{margin-bottom: 40px !important;}\u00a0\u00bb][vc_row][vc_column][vc_column_text]<\/p>\n<h1>Articles fun\u00e9raires : Catalogue des monuments fun\u00e9raires<\/h1>\n<p>[\/vc_column_text][vc_column_text css=\u00a0\u00bb.vc_custom_1583947470659{margin-bottom: 40px !important;}\u00a0\u00bb]D\u00e9couvrez les monuments fun\u00e9raires des \u00e9tablissements Santilly[\/vc_column_text][vc_btn title=\u00a0\u00bbDemander un devis\u00a0\u00bb style=\u00a0\u00bbflat\u00a0\u00bb color=\u00a0\u00bbsuccess\u00a0\u00bb align=\u00a0\u00bbcenter\u00a0\u00bb button_block=\u00a0\u00bbtrue\u00a0\u00bb el_class=\u00a0\u00bbpfs-cta-a small\u00a0\u00bb link=\u00a0\u00bburl:https%3A%2F%2Fwww.pompes-funebres-santilly.com%2Ffr%2Fdevis%2F|title:Demander%20un%20devis||\u00a0\u00bb][\/vc_column][\/vc_row][\/vc_section][vc_section css=\u00a0\u00bb.vc_custom_1580376950216{margin-bottom: 40px !important;}\u00a0\u00bb][vc_row][vc_column][vc_column_text css=\u00a0\u00bb.vc_custom_1581348839188{margin-bottom: 30px !important;}\u00a0\u00bb]<\/p>\n<h2>En stock*<\/h2>\n<p>[\/vc_column_text][\/vc_column][\/vc_row][\/vc_section][vc_section css=\u00a0\u00bb.vc_custom_1580376950216{margin-bottom: 40px !important;}\u00a0\u00bb][vc_row][vc_column][vc_row_inner el_class=\u00a0\u00bblist-section\u00a0\u00bb][vc_column_inner el_class=\u00a0\u00bbadjust-title\u00a0\u00bb width=\u00a0\u00bb1\/3&Prime;][vc_column_text]<\/p>\n<h3 style=\"text-align: left;\">Mod\u00e8le ECO JLS<\/h3>\n<p>[\/vc_column_text][vc_single_image image=\u00a0\u00bb23435&Prime; img_size=\u00a0\u00bblarge\u00a0\u00bb onclick=\u00a0\u00bblink_image\u00a0\u00bb][vc_column_text]<strong>1290\u20ac TTC<\/strong> hors pose, hors semelle[\/vc_column_text][\/vc_column_inner][vc_column_inner el_class=\u00a0\u00bbadjust-title\u00a0\u00bb width=\u00a0\u00bb1\/3&Prime;][vc_column_text bb_tab_container=\u00a0\u00bb\u00a0\u00bb]<\/p>\n<h3>Mod\u00e8le Anubis<\/h3>\n<p>[\/vc_column_text][vc_single_image image=\u00a0\u00bb33887&Prime; img_size=\u00a0\u00bblarge\u00a0\u00bb onclick=\u00a0\u00bblink_image\u00a0\u00bb bb_tab_container=\u00a0\u00bb\u00a0\u00bb][vc_column_text bb_tab_container=\u00a0\u00bb\u00a0\u00bb]<strong>1 650\u20ac TTC<\/strong> hors pose, hors semelle[\/vc_column_text][\/vc_column_inner][vc_column_inner el_class=\u00a0\u00bbadjust-title\u00a0\u00bb width=\u00a0\u00bb1\/3&Prime;][vc_column_text bb_tab_container=\u00a0\u00bb\u00a0\u00bb]<\/p>\n<h3>Mod\u00e8le M\u00e9tis<\/h3>\n<p>[\/vc_column_text][vc_single_image image=\u00a0\u00bb33896&Prime; img_size=\u00a0\u00bblarge\u00a0\u00bb onclick=\u00a0\u00bblink_image\u00a0\u00bb bb_tab_container=\u00a0\u00bb\u00a0\u00bb][vc_column_text bb_tab_container=\u00a0\u00bb\u00a0\u00bb]<strong>1 950\u20ac TTC<\/strong> hors pose, hors semelle[\/vc_column_text][\/vc_column_inner][\/vc_row_inner][vc_row_inner el_class=\u00a0\u00bblist-section\u00a0\u00bb][vc_column_inner el_class=\u00a0\u00bbadjust-title\u00a0\u00bb width=\u00a0\u00bb1\/3&Prime;][vc_column_text bb_tab_container=\u00a0\u00bb\u00a0\u00bb]<\/p>\n<h3>Mod\u00e8le Iris<\/h3>\n<p>[\/vc_column_text][vc_single_image image=\u00a0\u00bb33893&Prime; img_size=\u00a0\u00bblarge\u00a0\u00bb onclick=\u00a0\u00bblink_image\u00a0\u00bb bb_tab_container=\u00a0\u00bb\u00a0\u00bb][vc_column_text bb_tab_container=\u00a0\u00bb\u00a0\u00bb]<strong>2 380\u20ac TTC<\/strong> hors pose, hors semelle[\/vc_column_text][\/vc_column_inner][vc_column_inner el_class=\u00a0\u00bbadjust-title\u00a0\u00bb width=\u00a0\u00bb1\/3&Prime;][vc_column_text bb_tab_container=\u00a0\u00bb\u00a0\u00bb]<\/p>\n<h3>Mod\u00e8le Ar\u00e8s<\/h3>\n<p>[\/vc_column_text][vc_single_image image=\u00a0\u00bb33890&Prime; img_size=\u00a0\u00bblarge\u00a0\u00bb onclick=\u00a0\u00bblink_image\u00a0\u00bb bb_tab_container=\u00a0\u00bb\u00a0\u00bb][vc_column_text bb_tab_container=\u00a0\u00bb\u00a0\u00bb]<strong>2 650\u20ac TTC<\/strong> hors pose, hors semelle[\/vc_column_text][\/vc_column_inner][vc_column_inner el_class=\u00a0\u00bbadjust-title\u00a0\u00bb width=\u00a0\u00bb1\/3&Prime;][vc_column_text bb_tab_container=\u00a0\u00bb\u00a0\u00bb]<\/p>\n<h3>Mod\u00e8le Z\u00e9phyr<\/h3>\n<p>[\/vc_column_text][vc_single_image image=\u00a0\u00bb33899&Prime; img_size=\u00a0\u00bblarge\u00a0\u00bb onclick=\u00a0\u00bblink_image\u00a0\u00bb bb_tab_container=\u00a0\u00bb\u00a0\u00bb][vc_column_text bb_tab_container=\u00a0\u00bb\u00a0\u00bb]<strong>3 490\u20ac TTC<\/strong> hors pose, hors semelle[\/vc_column_text][\/vc_column_inner][\/vc_row_inner][\/vc_column][\/vc_row][\/vc_section][vc_section css=\u00a0\u00bb.vc_custom_1580376957876{margin-bottom: 40px !important;}\u00a0\u00bb][vc_row full_width=\u00a0\u00bbstretch_row\u00a0\u00bb el_class=\u00a0\u00bblarge-color\u00a0\u00bb css=\u00a0\u00bb.vc_custom_1708952143274{background-color: #f6f4f2 !important;}\u00a0\u00bb][vc_column][vc_column_text]<em style=\"font-size: inherit;\">* Monument inhumation<\/em><\/p>\n<p><em>Tarif TTC. Tarif hors pose, hors semelles, hors accessoire.<\/em><br \/>\n<em>Chaque mod\u00e8le pr\u00e9sent\u00e9 d\u00e9finit le granit quant \u00e0 la provenance et la couleur, mais n&rsquo;implique pas l&rsquo;identit\u00e9 absolue de ton, de veinage entre le mod\u00e8le et la fourniture.<\/em><br \/>\n<em>Mod\u00e8les d\u00e9pos\u00e9s, photos non contractuelles. Granits selon disponibilit\u00e9 des blocs de carri\u00e8res. Dimension hors-tout : 100&#215;200 cm, sauf indications contraires.<\/em>[\/vc_column_text][\/vc_column][\/vc_row][\/vc_section][vc_section el_id=\u00a0\u00bbcollectivite-seo-section\u00a0\u00bb][vc_row][vc_column][vc_column_text css=\u00a0\u00bb.vc_custom_1580994812024{margin-bottom: 30px !important;}\u00a0\u00bb]<\/p>\n<h2>Les valeurs des Pompes Fun\u00e8bres Santilly<\/h2>\n<p>[\/vc_column_text][vc_video link=\u00a0\u00bbhttps:\/\/youtu.be\/lU0-UajivMQ\u00a0\u00bb align=\u00a0\u00bbcenter\u00a0\u00bb css=\u00a0\u00bb.vc_custom_1605273201983{margin-bottom: 30px !important;}\u00a0\u00bb][\/vc_column][\/vc_row][\/vc_section][vc_section s7upf_x_large_css=\u00a0\u00bb.vc_custom_1582187141420{background-color: #f2f5f5 !important;}\u00a0\u00bb el_class=\u00a0\u00bbno-color\u00a0\u00bb css=\u00a0\u00bb.vc_custom_1582187141418{margin-bottom: 60px !important;}\u00a0\u00bb][vc_row full_width=\u00a0\u00bbstretch_row\u00a0\u00bb equal_height=\u00a0\u00bbyes\u00a0\u00bb css=\u00a0\u00bb.vc_custom_1708952155332{padding-top: 50px !important;padding-bottom: 50px !important;background-color: #f6f4f2 !important;background-position: center !important;background-repeat: no-repeat !important;background-size: contain !important;}\u00a0\u00bb el_class=\u00a0\u00bbhome-shop-wrapper\u00a0\u00bb][vc_column][vc_column_text css=\u00a0\u00bb.vc_custom_1581006485131{margin-bottom: 30px !important;}\u00a0\u00bb]<\/p>\n<h2 style=\"text-align: center;\">Demander un Devis<\/h2>\n<p>[\/vc_column_text][vc_column_text]<\/p>\n<p style=\"text-align: center;\">Obtenez gratuitement un devis pour un d\u00e9c\u00e8s, une personne en fin de vie ou \u00e0 titre d&rsquo;information.<\/p>\n<p>[\/vc_column_text][vc_btn title=\u00a0\u00bbDemander un devis\u00a0\u00bb style=\u00a0\u00bbflat\u00a0\u00bb color=\u00a0\u00bbsuccess\u00a0\u00bb align=\u00a0\u00bbcenter\u00a0\u00bb el_class=\u00a0\u00bbpfs-cta-a small\u00a0\u00bb link=\u00a0\u00bburl:https%3A%2F%2Fwww.pompes-funebres-santilly.com%2Ffr%2Fdevis%2F|title:Collectivit%C3%A9s||\u00a0\u00bb][\/vc_column][vc_column el_class=\u00a0\u00bbhome-shop-visual\u00a0\u00bb][vc_single_image image=\u00a0\u00bb32763&Prime; img_size=\u00a0\u00bbfull\u00a0\u00bb alignment=\u00a0\u00bbright\u00a0\u00bb][\/vc_column][\/vc_row][\/vc_section]<\/p>\n","protected":false},"excerpt":{"rendered":"<p>[vc_section el_id=\u00a0\u00bbcollectivite-service-section\u00a0\u00bb css=\u00a0\u00bb.vc_custom_1580376943631{margin-bottom: 40px !important;}\u00a0\u00bb][vc_row][vc_column][vc_column_text] Articles fun\u00e9raires : Catalogue des monuments fun\u00e9raires [\/vc_column_text][vc_column_text css=\u00a0\u00bb.vc_custom_1583947470659{margin-bottom: 40px !important;}\u00a0\u00bb]D\u00e9couvrez les monuments fun\u00e9raires des \u00e9tablissements Santilly[\/vc_column_text][vc_btn title=\u00a0\u00bbDemander un devis\u00a0\u00bb style=\u00a0\u00bbflat\u00a0\u00bb color=\u00a0\u00bbsuccess\u00a0\u00bb align=\u00a0\u00bbcenter\u00a0\u00bb button_block=\u00a0\u00bbtrue\u00a0\u00bb el_class=\u00a0\u00bbpfs-cta-a small\u00a0\u00bb link=\u00a0\u00bburl:https%3A%2F%2Fwww.pompes-funebres-santilly.com%2Ffr%2Fdevis%2F|title:Demander%20un%20devis||\u00a0\u00bb][\/vc_column][\/vc_row][\/vc_section][vc_section css=\u00a0\u00bb.vc_custom_1580376950216{margin-bottom: 40px !important;}\u00a0\u00bb][vc_row][vc_column][vc_column_text css=\u00a0\u00bb.vc_custom_1581348839188{margin-bottom: 30px !important;}\u00a0\u00bb] En stock* [\/vc_column_text][\/vc_column][\/vc_row][\/vc_section][vc_section css=\u00a0\u00bb.vc_custom_1580376950216{margin-bottom: 40px !important;}\u00a0\u00bb][vc_row][vc_column][vc_row_inner el_class=\u00a0\u00bblist-section\u00a0\u00bb][vc_column_inner el_class=\u00a0\u00bbadjust-title\u00a0\u00bb width=\u00a0\u00bb1\/3&Prime;][vc_column_text] Mod\u00e8le ECO JLS [\/vc_column_text][vc_single_image image=\u00a0\u00bb23435&Prime; img_size=\u00a0\u00bblarge\u00a0\u00bb onclick=\u00a0\u00bblink_image\u00a0\u00bb][vc_column_text]1290\u20ac TTC [&hellip;]<\/p>\n","protected":false},"author":1,"featured_media":0,"parent":952,"menu_order":4,"comment_status":"closed","ping_status":"closed","template":"","meta":{"_acf_changed":false,"footnotes":""},"class_list":["post-7468","page","type-page","status-publish","hentry"],"acf":false,"yoast_head":"<!-- This site is optimized with the Yoast SEO plugin v26.5 - https:\/\/yoast.com\/wordpress\/plugins\/seo\/ -->\n<title>Articles fun\u00e9raires : Catalogue des monuments fun\u00e9raires - Pompes Fun\u00e8bres Santilly<\/title>\n<meta name=\"description\" content=\"Catalogue monuments fun\u00e9raires &amp; articles fun\u00e9raires : D\u00e9couvrez les monuments fun\u00e9raires des \u00e9tablissements Santilly pour la cr\u00e9mation et l&#039;inhumation.\" \/>\n<meta name=\"robots\" content=\"index, follow, max-snippet:-1, max-image-preview:large, max-video-preview:-1\" \/>\n<link rel=\"canonical\" href=\"https:\/\/www.pompes-funebres-santilly.com\/fr\/marbrerie\/catalogue-de-monuments\/\" \/>\n<meta property=\"og:locale\" content=\"fr_FR\" \/>\n<meta property=\"og:type\" content=\"article\" \/>\n<meta property=\"og:title\" content=\"Articles fun\u00e9raires : Catalogue des monuments fun\u00e9raires - Pompes Fun\u00e8bres Santilly\" \/>\n<meta property=\"og:description\" content=\"Catalogue monuments fun\u00e9raires &amp; articles fun\u00e9raires : D\u00e9couvrez les monuments fun\u00e9raires des \u00e9tablissements Santilly pour la cr\u00e9mation et l&#039;inhumation.\" \/>\n<meta property=\"og:url\" content=\"https:\/\/www.pompes-funebres-santilly.com\/fr\/marbrerie\/catalogue-de-monuments\/\" \/>\n<meta property=\"og:site_name\" content=\"Pompes Fun\u00e8bres Santilly\" \/>\n<meta property=\"article:modified_time\" content=\"2024-09-05T11:01:44+00:00\" \/>\n<meta name=\"twitter:card\" content=\"summary_large_image\" \/>\n<meta name=\"twitter:label1\" content=\"Dur\u00e9e de lecture est.\" \/>\n\t<meta name=\"twitter:data1\" content=\"4 minutes\" \/>\n<script type=\"application\/ld+json\" class=\"yoast-schema-graph\">{\"@context\":\"https:\/\/schema.org\",\"@graph\":[{\"@type\":\"WebPage\",\"@id\":\"https:\/\/www.pompes-funebres-santilly.com\/fr\/marbrerie\/catalogue-de-monuments\/\",\"url\":\"https:\/\/www.pompes-funebres-santilly.com\/fr\/marbrerie\/catalogue-de-monuments\/\",\"name\":\"Articles fun\u00e9raires : Catalogue des monuments fun\u00e9raires - Pompes Fun\u00e8bres Santilly\",\"isPartOf\":{\"@id\":\"https:\/\/www.pompes-funebres-santilly.com\/fr\/#website\"},\"datePublished\":\"2020-02-06T16:35:59+00:00\",\"dateModified\":\"2024-09-05T11:01:44+00:00\",\"description\":\"Catalogue monuments fun\u00e9raires & articles fun\u00e9raires : D\u00e9couvrez les monuments fun\u00e9raires des \u00e9tablissements Santilly pour la cr\u00e9mation et l'inhumation.\",\"breadcrumb\":{\"@id\":\"https:\/\/www.pompes-funebres-santilly.com\/fr\/marbrerie\/catalogue-de-monuments\/#breadcrumb\"},\"inLanguage\":\"fr-FR\",\"potentialAction\":[{\"@type\":\"ReadAction\",\"target\":[\"https:\/\/www.pompes-funebres-santilly.com\/fr\/marbrerie\/catalogue-de-monuments\/\"]}]},{\"@type\":\"BreadcrumbList\",\"@id\":\"https:\/\/www.pompes-funebres-santilly.com\/fr\/marbrerie\/catalogue-de-monuments\/#breadcrumb\",\"itemListElement\":[{\"@type\":\"ListItem\",\"position\":1,\"name\":\"Accueil\",\"item\":\"https:\/\/www.pompes-funebres-santilly.com\/fr\/\"},{\"@type\":\"ListItem\",\"position\":2,\"name\":\"Marbrerie\",\"item\":\"https:\/\/www.pompes-funebres-santilly.com\/fr\/marbrerie\/\"},{\"@type\":\"ListItem\",\"position\":3,\"name\":\"Catalogue de monuments\"}]},{\"@type\":\"WebSite\",\"@id\":\"https:\/\/www.pompes-funebres-santilly.com\/fr\/#website\",\"url\":\"https:\/\/www.pompes-funebres-santilly.com\/fr\/\",\"name\":\"Pompes Fun\u00e8bres Santilly\",\"description\":\"\",\"publisher\":{\"@id\":\"https:\/\/www.pompes-funebres-santilly.com\/fr\/#organization\"},\"potentialAction\":[{\"@type\":\"SearchAction\",\"target\":{\"@type\":\"EntryPoint\",\"urlTemplate\":\"https:\/\/www.pompes-funebres-santilly.com\/fr\/?s={search_term_string}\"},\"query-input\":{\"@type\":\"PropertyValueSpecification\",\"valueRequired\":true,\"valueName\":\"search_term_string\"}}],\"inLanguage\":\"fr-FR\"},{\"@type\":\"Organization\",\"@id\":\"https:\/\/www.pompes-funebres-santilly.com\/fr\/#organization\",\"name\":\"LCF Santilly\",\"url\":\"https:\/\/www.pompes-funebres-santilly.com\/fr\/\",\"logo\":{\"@type\":\"ImageObject\",\"inLanguage\":\"fr-FR\",\"@id\":\"https:\/\/www.pompes-funebres-santilly.com\/fr\/#\/schema\/logo\/image\/\",\"url\":\"https:\/\/www.pompes-funebres-santilly.com\/wp-content\/uploads\/2019\/12\/logo-1.png\",\"contentUrl\":\"https:\/\/www.pompes-funebres-santilly.com\/wp-content\/uploads\/2019\/12\/logo-1.png\",\"width\":433,\"height\":115,\"caption\":\"LCF Santilly\"},\"image\":{\"@id\":\"https:\/\/www.pompes-funebres-santilly.com\/fr\/#\/schema\/logo\/image\/\"}}]}<\/script>\n<!-- \/ Yoast SEO plugin. -->","yoast_head_json":{"title":"Articles fun\u00e9raires : Catalogue des monuments fun\u00e9raires - Pompes Fun\u00e8bres Santilly","description":"Catalogue monuments fun\u00e9raires & articles fun\u00e9raires : D\u00e9couvrez les monuments fun\u00e9raires des \u00e9tablissements Santilly pour la cr\u00e9mation et l'inhumation.","robots":{"index":"index","follow":"follow","max-snippet":"max-snippet:-1","max-image-preview":"max-image-preview:large","max-video-preview":"max-video-preview:-1"},"canonical":"https:\/\/www.pompes-funebres-santilly.com\/fr\/marbrerie\/catalogue-de-monuments\/","og_locale":"fr_FR","og_type":"article","og_title":"Articles fun\u00e9raires : Catalogue des monuments fun\u00e9raires - Pompes Fun\u00e8bres Santilly","og_description":"Catalogue monuments fun\u00e9raires & articles fun\u00e9raires : D\u00e9couvrez les monuments fun\u00e9raires des \u00e9tablissements Santilly pour la cr\u00e9mation et l'inhumation.","og_url":"https:\/\/www.pompes-funebres-santilly.com\/fr\/marbrerie\/catalogue-de-monuments\/","og_site_name":"Pompes Fun\u00e8bres Santilly","article_modified_time":"2024-09-05T11:01:44+00:00","twitter_card":"summary_large_image","twitter_misc":{"Dur\u00e9e de lecture est.":"4 minutes"},"schema":{"@context":"https:\/\/schema.org","@graph":[{"@type":"WebPage","@id":"https:\/\/www.pompes-funebres-santilly.com\/fr\/marbrerie\/catalogue-de-monuments\/","url":"https:\/\/www.pompes-funebres-santilly.com\/fr\/marbrerie\/catalogue-de-monuments\/","name":"Articles fun\u00e9raires : Catalogue des monuments fun\u00e9raires - Pompes Fun\u00e8bres Santilly","isPartOf":{"@id":"https:\/\/www.pompes-funebres-santilly.com\/fr\/#website"},"datePublished":"2020-02-06T16:35:59+00:00","dateModified":"2024-09-05T11:01:44+00:00","description":"Catalogue monuments fun\u00e9raires & articles fun\u00e9raires : D\u00e9couvrez les monuments fun\u00e9raires des \u00e9tablissements Santilly pour la cr\u00e9mation et l'inhumation.","breadcrumb":{"@id":"https:\/\/www.pompes-funebres-santilly.com\/fr\/marbrerie\/catalogue-de-monuments\/#breadcrumb"},"inLanguage":"fr-FR","potentialAction":[{"@type":"ReadAction","target":["https:\/\/www.pompes-funebres-santilly.com\/fr\/marbrerie\/catalogue-de-monuments\/"]}]},{"@type":"BreadcrumbList","@id":"https:\/\/www.pompes-funebres-santilly.com\/fr\/marbrerie\/catalogue-de-monuments\/#breadcrumb","itemListElement":[{"@type":"ListItem","position":1,"name":"Accueil","item":"https:\/\/www.pompes-funebres-santilly.com\/fr\/"},{"@type":"ListItem","position":2,"name":"Marbrerie","item":"https:\/\/www.pompes-funebres-santilly.com\/fr\/marbrerie\/"},{"@type":"ListItem","position":3,"name":"Catalogue de monuments"}]},{"@type":"WebSite","@id":"https:\/\/www.pompes-funebres-santilly.com\/fr\/#website","url":"https:\/\/www.pompes-funebres-santilly.com\/fr\/","name":"Pompes Fun\u00e8bres Santilly","description":"","publisher":{"@id":"https:\/\/www.pompes-funebres-santilly.com\/fr\/#organization"},"potentialAction":[{"@type":"SearchAction","target":{"@type":"EntryPoint","urlTemplate":"https:\/\/www.pompes-funebres-santilly.com\/fr\/?s={search_term_string}"},"query-input":{"@type":"PropertyValueSpecification","valueRequired":true,"valueName":"search_term_string"}}],"inLanguage":"fr-FR"},{"@type":"Organization","@id":"https:\/\/www.pompes-funebres-santilly.com\/fr\/#organization","name":"LCF Santilly","url":"https:\/\/www.pompes-funebres-santilly.com\/fr\/","logo":{"@type":"ImageObject","inLanguage":"fr-FR","@id":"https:\/\/www.pompes-funebres-santilly.com\/fr\/#\/schema\/logo\/image\/","url":"https:\/\/www.pompes-funebres-santilly.com\/wp-content\/uploads\/2019\/12\/logo-1.png","contentUrl":"https:\/\/www.pompes-funebres-santilly.com\/wp-content\/uploads\/2019\/12\/logo-1.png","width":433,"height":115,"caption":"LCF Santilly"},"image":{"@id":"https:\/\/www.pompes-funebres-santilly.com\/fr\/#\/schema\/logo\/image\/"}}]}},"_links":{"self":[{"href":"https:\/\/www.pompes-funebres-santilly.com\/fr\/wp-json\/wp\/v2\/pages\/7468","targetHints":{"allow":["GET"]}}],"collection":[{"href":"https:\/\/www.pompes-funebres-santilly.com\/fr\/wp-json\/wp\/v2\/pages"}],"about":[{"href":"https:\/\/www.pompes-funebres-santilly.com\/fr\/wp-json\/wp\/v2\/types\/page"}],"author":[{"embeddable":true,"href":"https:\/\/www.pompes-funebres-santilly.com\/fr\/wp-json\/wp\/v2\/users\/1"}],"replies":[{"embeddable":true,"href":"https:\/\/www.pompes-funebres-santilly.com\/fr\/wp-json\/wp\/v2\/comments?post=7468"}],"version-history":[{"count":63,"href":"https:\/\/www.pompes-funebres-santilly.com\/fr\/wp-json\/wp\/v2\/pages\/7468\/revisions"}],"predecessor-version":[{"id":33902,"href":"https:\/\/www.pompes-funebres-santilly.com\/fr\/wp-json\/wp\/v2\/pages\/7468\/revisions\/33902"}],"up":[{"embeddable":true,"href":"https:\/\/www.pompes-funebres-santilly.com\/fr\/wp-json\/wp\/v2\/pages\/952"}],"wp:attachment":[{"href":"https:\/\/www.pompes-funebres-santilly.com\/fr\/wp-json\/wp\/v2\/media?parent=7468"}],"curies":[{"name":"wp","href":"https:\/\/api.w.org\/{rel}","templated":true}]}}