{"id":7466,"date":"2020-02-06T17:35:38","date_gmt":"2020-02-06T16:35:38","guid":{"rendered":"http:\/\/www.pompes-funebres-santilly.com\/fr\/?page_id=7466"},"modified":"2024-02-26T13:54:20","modified_gmt":"2024-02-26T12:54:20","slug":"travaux-de-cimetiere","status":"publish","type":"page","link":"https:\/\/www.pompes-funebres-santilly.com\/fr\/marbrerie\/travaux-de-cimetiere\/","title":{"rendered":"Travaux de cimeti\u00e8re"},"content":{"rendered":"<p>[vc_section el_id=\u00a0\u00bbcollectivite-service-section\u00a0\u00bb css=\u00a0\u00bb.vc_custom_1580376943631{margin-bottom: 40px !important;}\u00a0\u00bb][vc_row full_width=\u00a0\u00bbstretch_row\u00a0\u00bb content_placement=\u00a0\u00bbmiddle\u00a0\u00bb][vc_column width=\u00a0\u00bb1\/2&Prime;][vc_single_image image=\u00a0\u00bb18517&Prime; img_size=\u00a0\u00bblarge\u00a0\u00bb alignment=\u00a0\u00bbcenter\u00a0\u00bb][\/vc_column][vc_column width=\u00a0\u00bb1\/2&Prime;][vc_column_text]<\/p>\n<h1>Des travaux de cimeti\u00e8re : entretien de monuments fun\u00e9raires<\/h1>\n<p>[\/vc_column_text][vc_column_text css=\u00a0\u00bb.vc_custom_1661965390457{margin-bottom: 40px !important;}\u00a0\u00bb]<\/p>\n<div class=\"titre\">\n<p>Un mo\u00adnu\u00adment n\u00e9\u00adces\u00adsite un en\u00adtre\u00adtien r\u00e9\u00adgu\u00adlier et des ac\u00adces\u00adsoi\u00adri\u00adsa\u00adtions.<\/p>\n<p>Dans tous les cas, notre m\u00e9\u00adtier consiste aussi \u00e0 vous aider \u00e0 gar\u00adder in\u00adtact l\u2019em\u00adpla\u00adce\u00adment d\u00e9di\u00e9 \u00e0 vos d\u00e9\u00adfunts.<\/p>\n<\/div>\n<div class=\"post-content\"><\/div>\n<p>[\/vc_column_text][vc_btn title=\u00a0\u00bbDemander un devis\u00a0\u00bb style=\u00a0\u00bbflat\u00a0\u00bb color=\u00a0\u00bbsuccess\u00a0\u00bb align=\u00a0\u00bbcenter\u00a0\u00bb button_block=\u00a0\u00bbtrue\u00a0\u00bb el_class=\u00a0\u00bbpfs-cta-a small half\u00a0\u00bb link=\u00a0\u00bburl:https%3A%2F%2Fwww.pompes-funebres-santilly.com%2Ffr%2Fdevis%2F|title:Demander%20un%20devis||\u00a0\u00bb][\/vc_column][\/vc_row][\/vc_section][vc_section css=\u00a0\u00bb.vc_custom_1580376957876{margin-bottom: 40px !important;}\u00a0\u00bb][vc_row full_width=\u00a0\u00bbstretch_row\u00a0\u00bb content_placement=\u00a0\u00bbmiddle\u00a0\u00bb el_class=\u00a0\u00bblarge-color\u00a0\u00bb css=\u00a0\u00bb.vc_custom_1708951992123{background-color: #f6f4f2 !important;}\u00a0\u00bb bb_tab_container=\u00a0\u00bb\u00a0\u00bb][vc_column width=\u00a0\u00bb1\/2&Prime;][vc_column_text css=\u00a0\u00bb.vc_custom_1581348592884{margin-bottom: 30px !important;}\u00a0\u00bb]<\/p>\n<h2>De quoi est compos\u00e9 le monument fun\u00e9raire ?<\/h2>\n<p>[\/vc_column_text][vc_column_text]<\/p>\n<ul>\n<li>Semelle : base du monument.<\/li>\n<li>Soubassement : partie au sol en contact avec la terre. On peut y ajouter une jardini\u00e8re ou un prie-Dieu.<\/li>\n<li>St\u00e8le : partie verticale du monument. Elle peut \u00eatre ajout\u00e9e en plus pour personnaliser la pierre tombale.<\/li>\n<li>Tombale : dalle plac\u00e9e \u00e0 l\u2019horizontale. Elle recouvre le soubassement qui peut \u00eatre taill\u00e9 avec des formes et des gravures.<\/li>\n<li>Caveau : espace servant accueillir plusieurs s\u00e9pultures d\u2019une m\u00eame famille.<\/li>\n<\/ul>\n<p>[\/vc_column_text][\/vc_column][vc_column width=\u00a0\u00bb1\/2&Prime;][vc_single_image image=\u00a0\u00bb20373&Prime; img_size=\u00a0\u00bblarge\u00a0\u00bb alignment=\u00a0\u00bbcenter\u00a0\u00bb][\/vc_column][\/vc_row][\/vc_section][vc_section css=\u00a0\u00bb.vc_custom_1580376957876{margin-bottom: 40px !important;}\u00a0\u00bb][vc_row full_width=\u00a0\u00bbstretch_row\u00a0\u00bb][vc_column width=\u00a0\u00bb1\/2&Prime;][vc_single_image image=\u00a0\u00bb20368&Prime; img_size=\u00a0\u00bblarge\u00a0\u00bb][\/vc_column][vc_column width=\u00a0\u00bb1\/2&Prime;][vc_column_text css=\u00a0\u00bb.vc_custom_1581348581316{margin-bottom: 30px !important;}\u00a0\u00bb]<\/p>\n<h2>Quels types de travaux ?<\/h2>\n<p>[\/vc_column_text][vc_column_text]<span style=\"font-weight: 400;\">Les \u00c9tablissements Santilly sont \u00e0 votre disposition pour r\u00e9aliser les travaux suivants :<\/span><\/p>\n<ul>\n<li style=\"font-weight: 400;\" aria-level=\"1\"><span style=\"font-weight: 400;\">re\u00admise \u00e0 ni\u00adveau de mo\u00adnu\u00adments ;<\/span><\/li>\n<li style=\"font-weight: 400;\" aria-level=\"1\"><span style=\"font-weight: 400;\">r\u00e9\u00adagraf\u00adfage ;<\/span><\/li>\n<li style=\"font-weight: 400;\" aria-level=\"1\"><span style=\"font-weight: 400;\">en\u00adtre\u00adtien ;<\/span><\/li>\n<li style=\"font-weight: 400;\" aria-level=\"1\"><span style=\"font-weight: 400;\">fleu\u00adris\u00adse\u00adment ;<\/span><\/li>\n<li style=\"font-weight: 400;\" aria-level=\"1\"><span style=\"font-weight: 400;\">com\u00admande ;<\/span><\/li>\n<li style=\"font-weight: 400;\" aria-level=\"1\"><span style=\"font-weight: 400;\">li\u00advrai\u00adson de plaques et sou\u00adve\u00adnirs ;\u00a0<\/span><\/li>\n<li style=\"font-weight: 400;\" aria-level=\"1\"><span style=\"font-weight: 400;\">r\u00e9\u00adfec\u00adtion de gra\u00advures ;<\/span><\/li>\n<li style=\"font-weight: 400;\" aria-level=\"1\"><span style=\"font-weight: 400;\">etc.<\/span><\/li>\n<\/ul>\n<p>[\/vc_column_text][\/vc_column][\/vc_row][\/vc_section][vc_section s7upf_x_large_css=\u00a0\u00bb.vc_custom_1582187141420{background-color: #f2f5f5 !important;}\u00a0\u00bb el_class=\u00a0\u00bbno-color\u00a0\u00bb css=\u00a0\u00bb.vc_custom_1582187141418{margin-bottom: 60px !important;}\u00a0\u00bb][vc_row full_width=\u00a0\u00bbstretch_row\u00a0\u00bb equal_height=\u00a0\u00bbyes\u00a0\u00bb css=\u00a0\u00bb.vc_custom_1708952006825{padding-top: 50px !important;padding-bottom: 50px !important;background-color: #f6f4f2 !important;background-position: center !important;background-repeat: no-repeat !important;background-size: contain !important;}\u00a0\u00bb el_class=\u00a0\u00bbhome-shop-wrapper\u00a0\u00bb bb_tab_container=\u00a0\u00bb\u00a0\u00bb][vc_column][vc_column_text css=\u00a0\u00bb.vc_custom_1581006485131{margin-bottom: 30px !important;}\u00a0\u00bb]<\/p>\n<h2 style=\"text-align: center;\">Demander un Devis<\/h2>\n<p>[\/vc_column_text][vc_column_text]<\/p>\n<p style=\"text-align: center;\">Obtenez gratuitement un devis pour un d\u00e9c\u00e8s, une personne en fin de vie ou \u00e0 titre d&rsquo;information.<\/p>\n<p>[\/vc_column_text][vc_btn title=\u00a0\u00bbDemander un devis\u00a0\u00bb style=\u00a0\u00bbflat\u00a0\u00bb color=\u00a0\u00bbsuccess\u00a0\u00bb align=\u00a0\u00bbcenter\u00a0\u00bb el_class=\u00a0\u00bbpfs-cta-a small\u00a0\u00bb link=\u00a0\u00bburl:https%3A%2F%2Fwww.pompes-funebres-santilly.com%2Ffr%2Fdevis%2F|title:Collectivit%C3%A9s||\u00a0\u00bb][\/vc_column][vc_column bb_tab_container=\u00a0\u00bb\u00a0\u00bb el_class=\u00a0\u00bbhome-shop-visual\u00a0\u00bb][vc_single_image image=\u00a0\u00bb32763&Prime; img_size=\u00a0\u00bbfull\u00a0\u00bb alignment=\u00a0\u00bbright\u00a0\u00bb bb_tab_container=\u00a0\u00bb\u00a0\u00bb][\/vc_column][\/vc_row][\/vc_section][vc_section full_width=\u00a0\u00bbstretch_row\u00a0\u00bb el_id=\u00a0\u00bbfaq_embed\u00a0\u00bb css=\u00a0\u00bb.vc_custom_1603873163112{margin-top: 30px !important;background-color: #e1eced !important;}\u00a0\u00bb][vc_row][vc_column][vc_column_text]<\/p>\n<h2 style=\"text-align: center;\">Questions Fr\u00e9quentes<\/h2>\n<p>[\/vc_column_text][\/vc_column][\/vc_row][vc_row][vc_column][vc_column_text]\r\n    <div class=\"container-fluid to_moove\">\r\n\r\n        <div class=\"row\">\r\n    \r\n            <div class=\"col-md\">\r\n    \r\n            \r\n\r\n                <div class=\"card question\" data-cat=\"Ce qu'il faut savoir sur les monuments fun\u00e9raires\">\r\n\r\n                <div class=\"container\">\r\n                    <div class=\"card-header spacer-card-faq arrow question_trigger\" data-toggle=\"collapse\" data-target=\"#collapse_0\" aria-expanded=\"false\" aria-controls=\"collapseExample\">\r\n                        <h3 class=\"card-title\">\r\n                            Qu\u2019est-ce qu\u2019un caveau ?                        <\/h3>\r\n                        <img decoding=\"async\" class=\"arrow-icon\" src=\"https:\/\/www.pompes-funebres-santilly.com\/wp-content\/themes\/geschaft-child\/images\/Arrow.png\" width=\"30\" height=\"30\" alt=\"arrow bottom\" \/>\r\n\r\n\r\n                    <\/div>\r\n    \r\n                    <div class=\"content collapse card-body\" id=\"collapse_0\">\r\n                        <p><span style=\"font-weight: 400;\">Il s\u2019agit de la cavit\u00e9 creus\u00e9e, avec des parois en b\u00e9ton, destin\u00e9e \u00e0 accueillir les cercueils (de 2 cercueils jusqu\u2019\u00e0 10 dans le cas d\u2019un caveau familial), ainsi que des urnes fun\u00e9raires. Il les pr\u00e9serve de l\u2019usure du temps et des al\u00e9as climatiques. Si un caveau est r\u00e9serv\u00e9, mais pas encore r\u00e9alis\u00e9 lors du d\u00e9c\u00e8s d\u2019un b\u00e9n\u00e9ficiaire, son cercueil peut \u00eatre d\u00e9pos\u00e9 en caveau provisoire en attendant sa construction.<\/span><\/p>\n                    <\/div>\r\n                <\/div>\r\n\r\n                <\/div>\r\n\r\n\r\n\r\n    \r\n            \r\n\r\n                <div class=\"card question\" data-cat=\"Ce qu'il faut savoir sur les monuments fun\u00e9raires\">\r\n\r\n                <div class=\"container\">\r\n                    <div class=\"card-header spacer-card-faq arrow question_trigger\" data-toggle=\"collapse\" data-target=\"#collapse_1\" aria-expanded=\"false\" aria-controls=\"collapseExample\">\r\n                        <h3 class=\"card-title\">\r\n                            Quels sont les diff\u00e9rents types de fosses ?                        <\/h3>\r\n                        <img decoding=\"async\" class=\"arrow-icon\" src=\"https:\/\/www.pompes-funebres-santilly.com\/wp-content\/themes\/geschaft-child\/images\/Arrow.png\" width=\"30\" height=\"30\" alt=\"arrow bottom\" \/>\r\n\r\n\r\n                    <\/div>\r\n    \r\n                    <div class=\"content collapse card-body\" id=\"collapse_1\">\r\n                        <p><span style=\"font-weight: 400;\">Il existe diff\u00e9rents types de caveaux : le caveau fun\u00e9raire dont l\u2019int\u00e9rieur est b\u00e9tonn\u00e9 et le caveau fun\u00e9raire pr\u00e9fabriqu\u00e9 (on place un caisson dans l\u2019emplacement excav\u00e9). On trouve \u00e9galement des caveaux hors sols, notamment dans le sud de la France. En attendant la r\u00e9alisation du caveau, il est possible de d\u00e9poser le cercueil d\u2019un nouveau d\u00e9funt dans un caveau provisoire.<\/span><\/p>\n<p>&nbsp;<\/p>\n                    <\/div>\r\n                <\/div>\r\n\r\n                <\/div>\r\n\r\n\r\n\r\n    \r\n            \r\n\r\n                <div class=\"card question\" data-cat=\"Ce qu'il faut savoir sur les monuments fun\u00e9raires\">\r\n\r\n                <div class=\"container\">\r\n                    <div class=\"card-header spacer-card-faq arrow question_trigger\" data-toggle=\"collapse\" data-target=\"#collapse_2\" aria-expanded=\"false\" aria-controls=\"collapseExample\">\r\n                        <h3 class=\"card-title\">\r\n                            Quels sont les tarifs pratiqu\u00e9s pour la construction d\u2019un caveau ?                        <\/h3>\r\n                        <img decoding=\"async\" class=\"arrow-icon\" src=\"https:\/\/www.pompes-funebres-santilly.com\/wp-content\/themes\/geschaft-child\/images\/Arrow.png\" width=\"30\" height=\"30\" alt=\"arrow bottom\" \/>\r\n\r\n\r\n                    <\/div>\r\n    \r\n                    <div class=\"content collapse card-body\" id=\"collapse_2\">\r\n                        <h3><span style=\"font-weight: 400;\">Le prix d\u2019un caveau est \u00e9tabli par le marbrier fun\u00e9raire en fonction de plusieurs crit\u00e8res. La r\u00e9gion d\u2019ex\u00e9cution entre souvent en ligne de compte. Ensuite, le prix d\u00e9pend du nombre de places, des types de travaux engendr\u00e9s, de l\u2019accessibilit\u00e9 de la concession et du mod\u00e8le choisi par vos soins. En g\u00e9n\u00e9ral, les prix pratiqu\u00e9s se situent dans une \u00e9chelle comprise entre 2 000 \u20ac et 6 000 \u20ac.<\/span><\/h3>\n<h3><span style=\"font-weight: 400;\">Il est plus judicieux pour une m\u00eame famille d\u2019envisager un caveau familial. En effet, \u00e0 terme, ce sera plus \u00e9conomique qu\u2019une inhumation en pleine terre. Si vous poss\u00e9dez un caveau familial, les frais li\u00e9s aux inhumations successives se r\u00e9sument \u00e0 l\u2019ouverture de la s\u00e9pulture et \u00e0 la pose d\u2019une plaque de scellement pour chaque nouveau cercueil.<\/span><\/h3>\n<h3><span style=\"font-weight: 400;\">\u00c0\u00a0 noter : de nombreux crit\u00e8res diff\u00e9rents existent selon les r\u00e9gions. Il est prudent d\u2019en parler avec votre conseiller fun\u00e9raire des \u00c9ts Santilly. Il saura vous donner toutes les informations utiles et vous aidera \u00e0 prendre les bonnes d\u00e9cisions.<\/span><\/h3>\n<p><a href=\"https:\/\/www.pompes-funebres-santilly.com\/fr\/nos-agences\/\">Nous contacter.\u00a0<\/a><\/p>\n                    <\/div>\r\n                <\/div>\r\n\r\n                <\/div>\r\n\r\n\r\n\r\n                <div class=\"faq_navigation\">\r\n            <div class=\"next_posts\">\r\n                            <\/div>\r\n            <div class=\"prev_posts\">\r\n                 \r\n            <\/div>\r\n                    <\/div>\r\n        <\/div>\r\n    <\/div>\r\n[\/vc_column_text][vc_btn title=\u00a0\u00bbVOIR TOUT\u00a0\u00bb align=\u00a0\u00bbright\u00a0\u00bb el_id=\u00a0\u00bbfaq_btn\u00a0\u00bb][\/vc_column][\/vc_row][\/vc_section]<\/p>\n","protected":false},"excerpt":{"rendered":"<p>[vc_section el_id=\u00a0\u00bbcollectivite-service-section\u00a0\u00bb css=\u00a0\u00bb.vc_custom_1580376943631{margin-bottom: 40px !important;}\u00a0\u00bb][vc_row full_width=\u00a0\u00bbstretch_row\u00a0\u00bb content_placement=\u00a0\u00bbmiddle\u00a0\u00bb][vc_column width=\u00a0\u00bb1\/2&Prime;][vc_single_image image=\u00a0\u00bb18517&Prime; img_size=\u00a0\u00bblarge\u00a0\u00bb alignment=\u00a0\u00bbcenter\u00a0\u00bb][\/vc_column][vc_column width=\u00a0\u00bb1\/2&Prime;][vc_column_text] Des travaux de cimeti\u00e8re : entretien de monuments fun\u00e9raires [\/vc_column_text][vc_column_text css=\u00a0\u00bb.vc_custom_1661965390457{margin-bottom: 40px !important;}\u00a0\u00bb] Un mo\u00adnu\u00adment n\u00e9\u00adces\u00adsite un en\u00adtre\u00adtien r\u00e9\u00adgu\u00adlier et des ac\u00adces\u00adsoi\u00adri\u00adsa\u00adtions. Dans tous les cas, notre m\u00e9\u00adtier consiste aussi \u00e0 vous aider \u00e0 gar\u00adder in\u00adtact l\u2019em\u00adpla\u00adce\u00adment d\u00e9di\u00e9 \u00e0 vos d\u00e9\u00adfunts. [\/vc_column_text][vc_btn title=\u00a0\u00bbDemander [&hellip;]<\/p>\n","protected":false},"author":1,"featured_media":0,"parent":952,"menu_order":3,"comment_status":"closed","ping_status":"closed","template":"","meta":{"_acf_changed":false,"footnotes":""},"class_list":["post-7466","page","type-page","status-publish","hentry"],"acf":false,"yoast_head":"<!-- This site is optimized with the Yoast SEO plugin v26.5 - https:\/\/yoast.com\/wordpress\/plugins\/seo\/ -->\n<title>Des travaux de cimeti\u00e8re : entretien de monuments fun\u00e9raire - Pompes Fun\u00e8bres Santilly<\/title>\n<meta name=\"description\" content=\"Les travaux de cimeti\u00e8re sont r\u00e9alis\u00e9s par des marbriers d&#039;exp\u00e9rience et reconnus. D\u00e9couvrez les prestations des \u00e9tablissements Santilly.\" \/>\n<meta name=\"robots\" content=\"index, follow, max-snippet:-1, max-image-preview:large, max-video-preview:-1\" \/>\n<link rel=\"canonical\" href=\"https:\/\/www.pompes-funebres-santilly.com\/fr\/marbrerie\/travaux-de-cimetiere\/\" \/>\n<meta property=\"og:locale\" content=\"fr_FR\" \/>\n<meta property=\"og:type\" content=\"article\" \/>\n<meta property=\"og:title\" content=\"Des travaux de cimeti\u00e8re : entretien de monuments fun\u00e9raire - Pompes Fun\u00e8bres Santilly\" \/>\n<meta property=\"og:description\" content=\"Les travaux de cimeti\u00e8re sont r\u00e9alis\u00e9s par des marbriers d&#039;exp\u00e9rience et reconnus. D\u00e9couvrez les prestations des \u00e9tablissements Santilly.\" \/>\n<meta property=\"og:url\" content=\"https:\/\/www.pompes-funebres-santilly.com\/fr\/marbrerie\/travaux-de-cimetiere\/\" \/>\n<meta property=\"og:site_name\" content=\"Pompes Fun\u00e8bres Santilly\" \/>\n<meta property=\"article:modified_time\" content=\"2024-02-26T12:54:20+00:00\" \/>\n<meta name=\"twitter:card\" content=\"summary_large_image\" \/>\n<meta name=\"twitter:label1\" content=\"Dur\u00e9e de lecture est.\" \/>\n\t<meta name=\"twitter:data1\" content=\"3 minutes\" \/>\n<script type=\"application\/ld+json\" class=\"yoast-schema-graph\">{\"@context\":\"https:\/\/schema.org\",\"@graph\":[{\"@type\":\"WebPage\",\"@id\":\"https:\/\/www.pompes-funebres-santilly.com\/fr\/marbrerie\/travaux-de-cimetiere\/\",\"url\":\"https:\/\/www.pompes-funebres-santilly.com\/fr\/marbrerie\/travaux-de-cimetiere\/\",\"name\":\"Des travaux de cimeti\u00e8re : entretien de monuments fun\u00e9raire - Pompes Fun\u00e8bres Santilly\",\"isPartOf\":{\"@id\":\"https:\/\/www.pompes-funebres-santilly.com\/fr\/#website\"},\"datePublished\":\"2020-02-06T16:35:38+00:00\",\"dateModified\":\"2024-02-26T12:54:20+00:00\",\"description\":\"Les travaux de cimeti\u00e8re sont r\u00e9alis\u00e9s par des marbriers d'exp\u00e9rience et reconnus. D\u00e9couvrez les prestations des \u00e9tablissements Santilly.\",\"breadcrumb\":{\"@id\":\"https:\/\/www.pompes-funebres-santilly.com\/fr\/marbrerie\/travaux-de-cimetiere\/#breadcrumb\"},\"inLanguage\":\"fr-FR\",\"potentialAction\":[{\"@type\":\"ReadAction\",\"target\":[\"https:\/\/www.pompes-funebres-santilly.com\/fr\/marbrerie\/travaux-de-cimetiere\/\"]}]},{\"@type\":\"BreadcrumbList\",\"@id\":\"https:\/\/www.pompes-funebres-santilly.com\/fr\/marbrerie\/travaux-de-cimetiere\/#breadcrumb\",\"itemListElement\":[{\"@type\":\"ListItem\",\"position\":1,\"name\":\"Accueil\",\"item\":\"https:\/\/www.pompes-funebres-santilly.com\/fr\/\"},{\"@type\":\"ListItem\",\"position\":2,\"name\":\"Marbrerie\",\"item\":\"https:\/\/www.pompes-funebres-santilly.com\/fr\/marbrerie\/\"},{\"@type\":\"ListItem\",\"position\":3,\"name\":\"Travaux de cimeti\u00e8re\"}]},{\"@type\":\"WebSite\",\"@id\":\"https:\/\/www.pompes-funebres-santilly.com\/fr\/#website\",\"url\":\"https:\/\/www.pompes-funebres-santilly.com\/fr\/\",\"name\":\"Pompes Fun\u00e8bres Santilly\",\"description\":\"\",\"publisher\":{\"@id\":\"https:\/\/www.pompes-funebres-santilly.com\/fr\/#organization\"},\"potentialAction\":[{\"@type\":\"SearchAction\",\"target\":{\"@type\":\"EntryPoint\",\"urlTemplate\":\"https:\/\/www.pompes-funebres-santilly.com\/fr\/?s={search_term_string}\"},\"query-input\":{\"@type\":\"PropertyValueSpecification\",\"valueRequired\":true,\"valueName\":\"search_term_string\"}}],\"inLanguage\":\"fr-FR\"},{\"@type\":\"Organization\",\"@id\":\"https:\/\/www.pompes-funebres-santilly.com\/fr\/#organization\",\"name\":\"LCF Santilly\",\"url\":\"https:\/\/www.pompes-funebres-santilly.com\/fr\/\",\"logo\":{\"@type\":\"ImageObject\",\"inLanguage\":\"fr-FR\",\"@id\":\"https:\/\/www.pompes-funebres-santilly.com\/fr\/#\/schema\/logo\/image\/\",\"url\":\"https:\/\/www.pompes-funebres-santilly.com\/wp-content\/uploads\/2019\/12\/logo-1.png\",\"contentUrl\":\"https:\/\/www.pompes-funebres-santilly.com\/wp-content\/uploads\/2019\/12\/logo-1.png\",\"width\":433,\"height\":115,\"caption\":\"LCF Santilly\"},\"image\":{\"@id\":\"https:\/\/www.pompes-funebres-santilly.com\/fr\/#\/schema\/logo\/image\/\"}}]}<\/script>\n<!-- \/ Yoast SEO plugin. -->","yoast_head_json":{"title":"Des travaux de cimeti\u00e8re : entretien de monuments fun\u00e9raire - Pompes Fun\u00e8bres Santilly","description":"Les travaux de cimeti\u00e8re sont r\u00e9alis\u00e9s par des marbriers d'exp\u00e9rience et reconnus. D\u00e9couvrez les prestations des \u00e9tablissements Santilly.","robots":{"index":"index","follow":"follow","max-snippet":"max-snippet:-1","max-image-preview":"max-image-preview:large","max-video-preview":"max-video-preview:-1"},"canonical":"https:\/\/www.pompes-funebres-santilly.com\/fr\/marbrerie\/travaux-de-cimetiere\/","og_locale":"fr_FR","og_type":"article","og_title":"Des travaux de cimeti\u00e8re : entretien de monuments fun\u00e9raire - Pompes Fun\u00e8bres Santilly","og_description":"Les travaux de cimeti\u00e8re sont r\u00e9alis\u00e9s par des marbriers d'exp\u00e9rience et reconnus. D\u00e9couvrez les prestations des \u00e9tablissements Santilly.","og_url":"https:\/\/www.pompes-funebres-santilly.com\/fr\/marbrerie\/travaux-de-cimetiere\/","og_site_name":"Pompes Fun\u00e8bres Santilly","article_modified_time":"2024-02-26T12:54:20+00:00","twitter_card":"summary_large_image","twitter_misc":{"Dur\u00e9e de lecture est.":"3 minutes"},"schema":{"@context":"https:\/\/schema.org","@graph":[{"@type":"WebPage","@id":"https:\/\/www.pompes-funebres-santilly.com\/fr\/marbrerie\/travaux-de-cimetiere\/","url":"https:\/\/www.pompes-funebres-santilly.com\/fr\/marbrerie\/travaux-de-cimetiere\/","name":"Des travaux de cimeti\u00e8re : entretien de monuments fun\u00e9raire - Pompes Fun\u00e8bres Santilly","isPartOf":{"@id":"https:\/\/www.pompes-funebres-santilly.com\/fr\/#website"},"datePublished":"2020-02-06T16:35:38+00:00","dateModified":"2024-02-26T12:54:20+00:00","description":"Les travaux de cimeti\u00e8re sont r\u00e9alis\u00e9s par des marbriers d'exp\u00e9rience et reconnus. D\u00e9couvrez les prestations des \u00e9tablissements Santilly.","breadcrumb":{"@id":"https:\/\/www.pompes-funebres-santilly.com\/fr\/marbrerie\/travaux-de-cimetiere\/#breadcrumb"},"inLanguage":"fr-FR","potentialAction":[{"@type":"ReadAction","target":["https:\/\/www.pompes-funebres-santilly.com\/fr\/marbrerie\/travaux-de-cimetiere\/"]}]},{"@type":"BreadcrumbList","@id":"https:\/\/www.pompes-funebres-santilly.com\/fr\/marbrerie\/travaux-de-cimetiere\/#breadcrumb","itemListElement":[{"@type":"ListItem","position":1,"name":"Accueil","item":"https:\/\/www.pompes-funebres-santilly.com\/fr\/"},{"@type":"ListItem","position":2,"name":"Marbrerie","item":"https:\/\/www.pompes-funebres-santilly.com\/fr\/marbrerie\/"},{"@type":"ListItem","position":3,"name":"Travaux de cimeti\u00e8re"}]},{"@type":"WebSite","@id":"https:\/\/www.pompes-funebres-santilly.com\/fr\/#website","url":"https:\/\/www.pompes-funebres-santilly.com\/fr\/","name":"Pompes Fun\u00e8bres Santilly","description":"","publisher":{"@id":"https:\/\/www.pompes-funebres-santilly.com\/fr\/#organization"},"potentialAction":[{"@type":"SearchAction","target":{"@type":"EntryPoint","urlTemplate":"https:\/\/www.pompes-funebres-santilly.com\/fr\/?s={search_term_string}"},"query-input":{"@type":"PropertyValueSpecification","valueRequired":true,"valueName":"search_term_string"}}],"inLanguage":"fr-FR"},{"@type":"Organization","@id":"https:\/\/www.pompes-funebres-santilly.com\/fr\/#organization","name":"LCF Santilly","url":"https:\/\/www.pompes-funebres-santilly.com\/fr\/","logo":{"@type":"ImageObject","inLanguage":"fr-FR","@id":"https:\/\/www.pompes-funebres-santilly.com\/fr\/#\/schema\/logo\/image\/","url":"https:\/\/www.pompes-funebres-santilly.com\/wp-content\/uploads\/2019\/12\/logo-1.png","contentUrl":"https:\/\/www.pompes-funebres-santilly.com\/wp-content\/uploads\/2019\/12\/logo-1.png","width":433,"height":115,"caption":"LCF Santilly"},"image":{"@id":"https:\/\/www.pompes-funebres-santilly.com\/fr\/#\/schema\/logo\/image\/"}}]}},"_links":{"self":[{"href":"https:\/\/www.pompes-funebres-santilly.com\/fr\/wp-json\/wp\/v2\/pages\/7466","targetHints":{"allow":["GET"]}}],"collection":[{"href":"https:\/\/www.pompes-funebres-santilly.com\/fr\/wp-json\/wp\/v2\/pages"}],"about":[{"href":"https:\/\/www.pompes-funebres-santilly.com\/fr\/wp-json\/wp\/v2\/types\/page"}],"author":[{"embeddable":true,"href":"https:\/\/www.pompes-funebres-santilly.com\/fr\/wp-json\/wp\/v2\/users\/1"}],"replies":[{"embeddable":true,"href":"https:\/\/www.pompes-funebres-santilly.com\/fr\/wp-json\/wp\/v2\/comments?post=7466"}],"version-history":[{"count":14,"href":"https:\/\/www.pompes-funebres-santilly.com\/fr\/wp-json\/wp\/v2\/pages\/7466\/revisions"}],"predecessor-version":[{"id":32773,"href":"https:\/\/www.pompes-funebres-santilly.com\/fr\/wp-json\/wp\/v2\/pages\/7466\/revisions\/32773"}],"up":[{"embeddable":true,"href":"https:\/\/www.pompes-funebres-santilly.com\/fr\/wp-json\/wp\/v2\/pages\/952"}],"wp:attachment":[{"href":"https:\/\/www.pompes-funebres-santilly.com\/fr\/wp-json\/wp\/v2\/media?parent=7466"}],"curies":[{"name":"wp","href":"https:\/\/api.w.org\/{rel}","templated":true}]}}