{"id":7456,"date":"2020-02-06T17:32:56","date_gmt":"2020-02-06T16:32:56","guid":{"rendered":"http:\/\/www.pompes-funebres-santilly.com\/fr\/?page_id=7456"},"modified":"2024-02-26T14:29:48","modified_gmt":"2024-02-26T13:29:48","slug":"face-au-deuil","status":"publish","type":"page","link":"https:\/\/www.pompes-funebres-santilly.com\/fr\/obseques\/face-au-deuil\/","title":{"rendered":"Face au deuil"},"content":{"rendered":"<p>[vc_section el_id=\u00a0\u00bbcollectivite-service-section\u00a0\u00bb css=\u00a0\u00bb.vc_custom_1580376943631{margin-bottom: 40px !important;}\u00a0\u00bb][vc_row full_width=\u00a0\u00bbstretch_row\u00a0\u00bb content_placement=\u00a0\u00bbmiddle\u00a0\u00bb el_class=\u00a0\u00bblarge-color\u00a0\u00bb css=\u00a0\u00bb.vc_custom_1708954098105{background-color: #f6f4f2 !important;}\u00a0\u00bb bb_tab_container=\u00a0\u00bb\u00a0\u00bb][vc_column width=\u00a0\u00bb1\/2&Prime;][vc_single_image image=\u00a0\u00bb19327&Prime; img_size=\u00a0\u00bblarge\u00a0\u00bb alignment=\u00a0\u00bbcenter\u00a0\u00bb][\/vc_column][vc_column width=\u00a0\u00bb1\/2&Prime;][vc_column_text]<\/p>\n<h1>Comment faire son deuil ?<\/h1>\n<p>[\/vc_column_text][vc_column_text css=\u00a0\u00bb.vc_custom_1581345433175{margin-bottom: 40px !important;}\u00a0\u00bb]La mort d\u2019un proche est malheureusement un \u00e9v\u00e9nement auquel nous devons tous faire face un jour ou l\u2019autre. Mais rien ne nous y pr\u00e9pare. C\u2019est pourquoi les Etablissements Santilly se sont donn\u00e9s pour mission d\u2019\u00eatre au plus pr\u00e8s de ceux qui doivent, outre leur douleur, parer aux contingences du quotidien et veiller \u00e0 ce que l\u2019entourage vive cette \u00e9preuve dans les meilleures conditions possibles. C\u2019est le moment o\u00f9 des questions essentielles se posent.[\/vc_column_text][vc_btn title=\u00a0\u00bbDemander un devis\u00a0\u00bb style=\u00a0\u00bbflat\u00a0\u00bb color=\u00a0\u00bbsuccess\u00a0\u00bb align=\u00a0\u00bbcenter\u00a0\u00bb button_block=\u00a0\u00bbtrue\u00a0\u00bb el_class=\u00a0\u00bbpfs-cta-a small half\u00a0\u00bb link=\u00a0\u00bburl:https%3A%2F%2Fwww.pompes-funebres-santilly.com%2Ffr%2Fdevis%2F|title:Demander%20un%20devis||\u00a0\u00bb][\/vc_column][\/vc_row][\/vc_section][vc_section css=\u00a0\u00bb.vc_custom_1580376957876{margin-bottom: 40px !important;}\u00a0\u00bb][vc_row][vc_column width=\u00a0\u00bb1\/2&Prime;][vc_column_text css=\u00a0\u00bb.vc_custom_1581345505447{margin-bottom: 30px !important;}\u00a0\u00bb]<\/p>\n<h2>Comment s&rsquo;organisent des obs\u00e8ques ?<\/h2>\n<p>[\/vc_column_text][vc_column_text]Un contrat obs\u00e8ques avait-il \u00e9t\u00e9 contract\u00e9 par le d\u00e9funt ? Quel type d\u2019inhumation souhaitait-il ? Vers quel professionnel se tourner ? Quelles d\u00e9penses faut-il envisager ?[\/vc_column_text][vc_column_text el_class=\u00a0\u00bbmore-link fhl\u00a0\u00bb css=\u00a0\u00bb.vc_custom_1585036913485{margin-top: 30px !important;}\u00a0\u00bb]<span style=\"color: #0098a1;\"><a href=\"https:\/\/www.pompes-funebres-santilly.com\/fr\/obseques\/preparer-ses-obseques\/\"><strong>En savoir plus<\/strong><\/a><\/span>[\/vc_column_text][\/vc_column][vc_column width=\u00a0\u00bb1\/2&Prime;][vc_single_image image=\u00a0\u00bb19288&Prime; img_size=\u00a0\u00bblarge\u00a0\u00bb][\/vc_column][\/vc_row][\/vc_section][vc_section css=\u00a0\u00bb.vc_custom_1580376957876{margin-bottom: 40px !important;}\u00a0\u00bb][vc_row full_width=\u00a0\u00bbstretch_row\u00a0\u00bb el_class=\u00a0\u00bblarge-color\u00a0\u00bb css=\u00a0\u00bb.vc_custom_1708954107981{background-color: #f6f4f2 !important;}\u00a0\u00bb bb_tab_container=\u00a0\u00bb\u00a0\u00bb][vc_column width=\u00a0\u00bb1\/2&Prime;][vc_single_image image=\u00a0\u00bb19330&Prime; img_size=\u00a0\u00bblarge\u00a0\u00bb][\/vc_column][vc_column width=\u00a0\u00bb1\/2&Prime;][vc_column_text css=\u00a0\u00bb.vc_custom_1581345561519{margin-bottom: 30px !important;}\u00a0\u00bb]<\/p>\n<h2>Comment faire face \u00e0 la douleur ?<\/h2>\n<p>[\/vc_column_text][vc_column_text]L\u2019expression \u00ab faire son deuil \u00bb illustre un process psychologique qu\u2019il est important de conna\u00eetre pour mieux l\u2019appr\u00e9hender. L\u2019id\u00e9e n\u2019est pas d\u2019oublier les \u00eatres chers, mais d\u2019apprendre \u00e0 vivre sans.[\/vc_column_text][\/vc_column][\/vc_row][\/vc_section][vc_section css=\u00a0\u00bb.vc_custom_1580376957876{margin-bottom: 40px !important;}\u00a0\u00bb][vc_row][vc_column width=\u00a0\u00bb1\/2&Prime;][vc_column_text css=\u00a0\u00bb.vc_custom_1581345607590{margin-bottom: 30px !important;}\u00a0\u00bb]<\/p>\n<h2>Comment expliquer la mort aux enfants ?<\/h2>\n<p>[\/vc_column_text][vc_column_text]Avec leurs yeux et leur esprit d\u2019enfants, les plus jeunes appr\u00e9hendent la mort sans toujours comprendre la port\u00e9e et la gravit\u00e9 des choses. Pour autant, ces \u00e9v\u00e9nements les affectent autant que les adultes. Il est donc essentiel de leur parler, en tenant compte de leur psychologie.[\/vc_column_text][\/vc_column][vc_column width=\u00a0\u00bb1\/2&Prime;][vc_single_image image=\u00a0\u00bb19333&Prime; img_size=\u00a0\u00bblarge\u00a0\u00bb][\/vc_column][\/vc_row][\/vc_section][vc_section css=\u00a0\u00bb.vc_custom_1600090156100{margin-bottom: 20px !important;}\u00a0\u00bb][vc_row full_width=\u00a0\u00bbstretch_row\u00a0\u00bb el_class=\u00a0\u00bblarge-color\u00a0\u00bb css=\u00a0\u00bb.vc_custom_1708954118550{background-color: #f6f4f2 !important;}\u00a0\u00bb bb_tab_container=\u00a0\u00bb\u00a0\u00bb][vc_column width=\u00a0\u00bb1\/2&Prime;][vc_single_image image=\u00a0\u00bb19336&Prime; img_size=\u00a0\u00bblarge\u00a0\u00bb][\/vc_column][vc_column width=\u00a0\u00bb1\/2&Prime;][vc_column_text css=\u00a0\u00bb.vc_custom_1581345666591{margin-bottom: 30px !important;}\u00a0\u00bb]<\/p>\n<h2>Comment exprimer ses condol\u00e9ances\u00a0 ?<\/h2>\n<p>[\/vc_column_text][vc_column_text]Trouver les mots pour exprimer sa compassion n\u2019est pas simple. Il existe des formulations que vous pouvez suivre ou adapter de mani\u00e8re \u00e0 \u00eatre s\u00fbr d\u2019utiliser le ton juste en de pareilles circonstances.[\/vc_column_text][vc_column_text el_class=\u00a0\u00bbmore-link fhl\u00a0\u00bb css=\u00a0\u00bb.vc_custom_1585037047703{margin-top: 30px !important;}\u00a0\u00bb]<span style=\"color: #0098a1;\"><a href=\"https:\/\/avisdedeces.le-choix-funeraire.com\"><strong>En savoir plus<\/strong><\/a><\/span>[\/vc_column_text][\/vc_column][\/vc_row][\/vc_section][vc_section el_id=\u00a0\u00bbcollectivite-seo-section\u00a0\u00bb][vc_row][vc_column][vc_column_text css=\u00a0\u00bb.vc_custom_1580994812024{margin-bottom: 30px !important;}\u00a0\u00bb]<\/p>\n<h2>Les valeurs des Pompes Fun\u00e8bres Santilly<\/h2>\n<p>[\/vc_column_text][vc_video link=\u00a0\u00bbhttps:\/\/youtu.be\/lU0-UajivMQ\u00a0\u00bb align=\u00a0\u00bbcenter\u00a0\u00bb css=\u00a0\u00bb.vc_custom_1600090122632{margin-bottom: 30px !important;}\u00a0\u00bb][\/vc_column][\/vc_row][\/vc_section][vc_section s7upf_x_large_css=\u00a0\u00bb.vc_custom_1582187141420{background-color: #f2f5f5 !important;}\u00a0\u00bb el_class=\u00a0\u00bbno-color\u00a0\u00bb css=\u00a0\u00bb.vc_custom_1582187141418{margin-bottom: 60px !important;}\u00a0\u00bb][vc_row full_width=\u00a0\u00bbstretch_row\u00a0\u00bb equal_height=\u00a0\u00bbyes\u00a0\u00bb css=\u00a0\u00bb.vc_custom_1708954132689{padding-top: 50px !important;padding-bottom: 50px !important;background-color: #f6f4f2 !important;background-position: center !important;background-repeat: no-repeat !important;background-size: contain !important;}\u00a0\u00bb el_class=\u00a0\u00bbhome-shop-wrapper\u00a0\u00bb bb_tab_container=\u00a0\u00bb\u00a0\u00bb][vc_column][vc_column_text css=\u00a0\u00bb.vc_custom_1581006485131{margin-bottom: 30px !important;}\u00a0\u00bb]<\/p>\n<h2 style=\"text-align: center;\">Demander un Devis<\/h2>\n<p>[\/vc_column_text][vc_column_text]<\/p>\n<p style=\"text-align: center;\">Obtenez gratuitement un devis pour un d\u00e9c\u00e8s, une personne en fin de vie ou \u00e0 titre d&rsquo;information.<\/p>\n<p>[\/vc_column_text][vc_btn title=\u00a0\u00bbDemander un devis\u00a0\u00bb style=\u00a0\u00bbflat\u00a0\u00bb color=\u00a0\u00bbsuccess\u00a0\u00bb align=\u00a0\u00bbcenter\u00a0\u00bb el_class=\u00a0\u00bbpfs-cta-a small\u00a0\u00bb link=\u00a0\u00bburl:https%3A%2F%2Fwww.pompes-funebres-santilly.com%2Ffr%2Fdevis%2F|title:Collectivit%C3%A9s||\u00a0\u00bb][\/vc_column][vc_column bb_tab_container=\u00a0\u00bb\u00a0\u00bb el_class=\u00a0\u00bbhome-shop-visual\u00a0\u00bb][vc_single_image image=\u00a0\u00bb32763&Prime; img_size=\u00a0\u00bbfull\u00a0\u00bb alignment=\u00a0\u00bbright\u00a0\u00bb bb_tab_container=\u00a0\u00bb\u00a0\u00bb][\/vc_column][\/vc_row][\/vc_section][vc_section full_width=\u00a0\u00bbstretch_row\u00a0\u00bb el_id=\u00a0\u00bbfaq_embed\u00a0\u00bb css=\u00a0\u00bb.vc_custom_1603873087347{margin-top: 30px !important;background-color: #e1eced !important;}\u00a0\u00bb][vc_row][vc_column][vc_column_text]<\/p>\n<h2 style=\"text-align: center;\">Questions Fr\u00e9quentes<\/h2>\n<p>[\/vc_column_text][\/vc_column][\/vc_row][vc_row][vc_column][vc_column_text]\r\n    <div class=\"container-fluid to_moove\">\r\n\r\n        <div class=\"row\">\r\n    \r\n            <div class=\"col-md\">\r\n    \r\n            \r\n\r\n                <div class=\"card question\" data-cat=\"Ce qu'il faut savoir sur les condol\u00e9ances\">\r\n\r\n                <div class=\"container\">\r\n                    <div class=\"card-header spacer-card-faq arrow question_trigger\" data-toggle=\"collapse\" data-target=\"#collapse_0\" aria-expanded=\"false\" aria-controls=\"collapseExample\">\r\n                        <h3 class=\"card-title\">\r\n                            Est-il n\u00e9cessaire de pr\u00e9senter des condol\u00e9ances ?                        <\/h3>\r\n                        <img decoding=\"async\" class=\"arrow-icon\" src=\"https:\/\/www.pompes-funebres-santilly.com\/wp-content\/themes\/geschaft-child\/images\/Arrow.png\" width=\"30\" height=\"30\" alt=\"arrow bottom\" \/>\r\n\r\n\r\n                    <\/div>\r\n    \r\n                    <div class=\"content collapse card-body\" id=\"collapse_0\">\r\n                        <p>C\u2019est un usage appr\u00e9ci\u00e9 des familles et des proches du d\u00e9funt. C\u2019est un signe fort de compassion et de soutien.<\/p>\n                    <\/div>\r\n                <\/div>\r\n\r\n                <\/div>\r\n\r\n\r\n\r\n    \r\n            \r\n\r\n                <div class=\"card question\" data-cat=\"Ce qu'il faut savoir sur les condol\u00e9ances\">\r\n\r\n                <div class=\"container\">\r\n                    <div class=\"card-header spacer-card-faq arrow question_trigger\" data-toggle=\"collapse\" data-target=\"#collapse_1\" aria-expanded=\"false\" aria-controls=\"collapseExample\">\r\n                        <h3 class=\"card-title\">\r\n                            Comment formuler vos condol\u00e9ances ?                        <\/h3>\r\n                        <img decoding=\"async\" class=\"arrow-icon\" src=\"https:\/\/www.pompes-funebres-santilly.com\/wp-content\/themes\/geschaft-child\/images\/Arrow.png\" width=\"30\" height=\"30\" alt=\"arrow bottom\" \/>\r\n\r\n\r\n                    <\/div>\r\n    \r\n                    <div class=\"content collapse card-body\" id=\"collapse_1\">\r\n                        <p>\u00ab\u00a0Toutes mes condol\u00e9ances\u00a0\u00bb est la formule consacr\u00e9e. Mais le mieux est de toujours laisser parler votre c\u0153ur en exprimant votre soutien avec vos propres mots. N\u2019h\u00e9sitez pas \u00e0 parler des qualit\u00e9s ou des bons souvenirs que vous laissent la personne d\u00e9funte.<\/p>\n<p>Vous trouverez sur notre site des exemples dont vous pouvez vous inspirer (+ lien)<\/p>\n                    <\/div>\r\n                <\/div>\r\n\r\n                <\/div>\r\n\r\n\r\n\r\n    \r\n            \r\n\r\n                <div class=\"card question\" data-cat=\"Ce qu'il faut savoir sur les condol\u00e9ances\">\r\n\r\n                <div class=\"container\">\r\n                    <div class=\"card-header spacer-card-faq arrow question_trigger\" data-toggle=\"collapse\" data-target=\"#collapse_2\" aria-expanded=\"false\" aria-controls=\"collapseExample\">\r\n                        <h3 class=\"card-title\">\r\n                            Comment exprimer votre soutien ?                        <\/h3>\r\n                        <img decoding=\"async\" class=\"arrow-icon\" src=\"https:\/\/www.pompes-funebres-santilly.com\/wp-content\/themes\/geschaft-child\/images\/Arrow.png\" width=\"30\" height=\"30\" alt=\"arrow bottom\" \/>\r\n\r\n\r\n                    <\/div>\r\n    \r\n                    <div class=\"content collapse card-body\" id=\"collapse_2\">\r\n                        <ul>\n<li><strong>En offrant des fleurs.<\/strong><\/li>\n<\/ul>\n<p>Les fleurs font parfois passer des \u00e9motions que les mots ont du mal \u00e0 v\u00e9hiculer. Offrir des fleurs est un signe de sympathie qui permet de pr\u00e9senter des condol\u00e9ances avec beaucoup de d\u00e9licatesse.<\/p>\n<ul>\n<li><strong>En offrant votre aide<\/strong><\/li>\n<\/ul>\n<p>La personne endeuill\u00e9e peut parfois faire face \u00e0 des difficult\u00e9s quotidiennes qui s\u2019ajoutent au chagrin. Proposer vos services pour all\u00e9ger certaines taches sera toujours appr\u00e9ci\u00e9 (par exemple pour garder les enfants quelques temps, pour aider aux taches quotidiennes\u2026).<\/p>\n<ul>\n<li><strong>En offrant un soutien moral<\/strong><\/li>\n<\/ul>\n<p>Soyez pr\u00e9sents mais discrets. Tout en signifiant que vous pouvez \u00eates disponible si n\u00e9cessaire et compatissants par la pens\u00e9e, veillez \u00e0 respecter l\u2019intimit\u00e9 et le besoin de recueillement des familles en montrant votre attachement avec retenue, sans ajouter \u00e0 l\u2019agitation du moment.<\/p>\n<ul>\n<li><strong>En offrant un message r\u00e9confortant<\/strong><\/li>\n<\/ul>\n<p>Les condol\u00e9ances orales ne sont pas toujours simples \u00e0 partager et les mots justes parfois compliqu\u00e9s \u00e0 trouver. Les condol\u00e9ances \u00e9crites permettent de prendre le temps de chercher le message le plus jute \u00e0 transmettre\u00a0: faire r\u00e9f\u00e9rence \u00e0 de jolis souvenirs, ou rendre hommage \u00e0 la personnalit\u00e9 de la personne disparue seront des marques d\u2019attention r\u00e9confortantes pour ceux qui les re\u00e7oivent.<\/p>\n                    <\/div>\r\n                <\/div>\r\n\r\n                <\/div>\r\n\r\n\r\n\r\n                <div class=\"faq_navigation\">\r\n            <div class=\"next_posts\">\r\n                            <\/div>\r\n            <div class=\"prev_posts\">\r\n                 \r\n            <\/div>\r\n                    <\/div>\r\n        <\/div>\r\n    <\/div>\r\n[\/vc_column_text][vc_btn title=\u00a0\u00bbVOIR TOUT\u00a0\u00bb align=\u00a0\u00bbright\u00a0\u00bb el_id=\u00a0\u00bbfaq_btn\u00a0\u00bb link=\u00a0\u00bburl:https%3A%2F%2Fwww.pompes-funebres-santilly.com%2Ffr%2Fquestions-frequentes%2F|title:Questions%20fr%C3%A9quentes||\u00a0\u00bb][\/vc_column][\/vc_row][\/vc_section]<\/p>\n","protected":false},"excerpt":{"rendered":"<p>[vc_section el_id=\u00a0\u00bbcollectivite-service-section\u00a0\u00bb css=\u00a0\u00bb.vc_custom_1580376943631{margin-bottom: 40px !important;}\u00a0\u00bb][vc_row full_width=\u00a0\u00bbstretch_row\u00a0\u00bb content_placement=\u00a0\u00bbmiddle\u00a0\u00bb el_class=\u00a0\u00bblarge-color\u00a0\u00bb css=\u00a0\u00bb.vc_custom_1708954098105{background-color: #f6f4f2 !important;}\u00a0\u00bb bb_tab_container=\u00a0\u00bb\u00a0\u00bb][vc_column width=\u00a0\u00bb1\/2&Prime;][vc_single_image image=\u00a0\u00bb19327&Prime; img_size=\u00a0\u00bblarge\u00a0\u00bb alignment=\u00a0\u00bbcenter\u00a0\u00bb][\/vc_column][vc_column width=\u00a0\u00bb1\/2&Prime;][vc_column_text] Comment faire son deuil ? [\/vc_column_text][vc_column_text css=\u00a0\u00bb.vc_custom_1581345433175{margin-bottom: 40px !important;}\u00a0\u00bb]La mort d\u2019un proche est malheureusement un \u00e9v\u00e9nement auquel nous devons tous faire face un jour ou l\u2019autre. Mais rien ne nous y pr\u00e9pare. C\u2019est pourquoi les Etablissements Santilly se [&hellip;]<\/p>\n","protected":false},"author":1,"featured_media":0,"parent":996,"menu_order":7,"comment_status":"closed","ping_status":"closed","template":"","meta":{"_acf_changed":false,"footnotes":""},"class_list":["post-7456","page","type-page","status-publish","hentry"],"acf":false,"yoast_head":"<!-- This site is optimized with the Yoast SEO plugin v26.5 - https:\/\/yoast.com\/wordpress\/plugins\/seo\/ -->\n<title>Comment faire son deuil ? Nos conseils pour y faire face - Pompes Fun\u00e8bres Santilly<\/title>\n<meta name=\"description\" content=\"Faire face au deuil est une \u00e9tape difficile. D\u00e9couvrez quelques conseils pour vous aider \u00e0 traverser ce moment si particulier de la vie.\" \/>\n<meta name=\"robots\" content=\"index, follow, max-snippet:-1, max-image-preview:large, max-video-preview:-1\" \/>\n<link rel=\"canonical\" href=\"https:\/\/www.pompes-funebres-santilly.com\/fr\/obseques\/face-au-deuil\/\" \/>\n<meta property=\"og:locale\" content=\"fr_FR\" \/>\n<meta property=\"og:type\" content=\"article\" \/>\n<meta property=\"og:title\" content=\"Comment faire son deuil ? Nos conseils pour y faire face - Pompes Fun\u00e8bres Santilly\" \/>\n<meta property=\"og:description\" content=\"Faire face au deuil est une \u00e9tape difficile. D\u00e9couvrez quelques conseils pour vous aider \u00e0 traverser ce moment si particulier de la vie.\" \/>\n<meta property=\"og:url\" content=\"https:\/\/www.pompes-funebres-santilly.com\/fr\/obseques\/face-au-deuil\/\" \/>\n<meta property=\"og:site_name\" content=\"Pompes Fun\u00e8bres Santilly\" \/>\n<meta property=\"article:modified_time\" content=\"2024-02-26T13:29:48+00:00\" \/>\n<meta name=\"twitter:card\" content=\"summary_large_image\" \/>\n<meta name=\"twitter:label1\" content=\"Dur\u00e9e de lecture est.\" \/>\n\t<meta name=\"twitter:data1\" content=\"5 minutes\" \/>\n<script type=\"application\/ld+json\" class=\"yoast-schema-graph\">{\"@context\":\"https:\/\/schema.org\",\"@graph\":[{\"@type\":\"WebPage\",\"@id\":\"https:\/\/www.pompes-funebres-santilly.com\/fr\/obseques\/face-au-deuil\/\",\"url\":\"https:\/\/www.pompes-funebres-santilly.com\/fr\/obseques\/face-au-deuil\/\",\"name\":\"Comment faire son deuil ? Nos conseils pour y faire face - Pompes Fun\u00e8bres Santilly\",\"isPartOf\":{\"@id\":\"https:\/\/www.pompes-funebres-santilly.com\/fr\/#website\"},\"datePublished\":\"2020-02-06T16:32:56+00:00\",\"dateModified\":\"2024-02-26T13:29:48+00:00\",\"description\":\"Faire face au deuil est une \u00e9tape difficile. D\u00e9couvrez quelques conseils pour vous aider \u00e0 traverser ce moment si particulier de la vie.\",\"breadcrumb\":{\"@id\":\"https:\/\/www.pompes-funebres-santilly.com\/fr\/obseques\/face-au-deuil\/#breadcrumb\"},\"inLanguage\":\"fr-FR\",\"potentialAction\":[{\"@type\":\"ReadAction\",\"target\":[\"https:\/\/www.pompes-funebres-santilly.com\/fr\/obseques\/face-au-deuil\/\"]}]},{\"@type\":\"BreadcrumbList\",\"@id\":\"https:\/\/www.pompes-funebres-santilly.com\/fr\/obseques\/face-au-deuil\/#breadcrumb\",\"itemListElement\":[{\"@type\":\"ListItem\",\"position\":1,\"name\":\"Accueil\",\"item\":\"https:\/\/www.pompes-funebres-santilly.com\/fr\/\"},{\"@type\":\"ListItem\",\"position\":2,\"name\":\"Obs\u00e8ques\",\"item\":\"https:\/\/www.pompes-funebres-santilly.com\/fr\/obseques\/\"},{\"@type\":\"ListItem\",\"position\":3,\"name\":\"Face au deuil\"}]},{\"@type\":\"WebSite\",\"@id\":\"https:\/\/www.pompes-funebres-santilly.com\/fr\/#website\",\"url\":\"https:\/\/www.pompes-funebres-santilly.com\/fr\/\",\"name\":\"Pompes Fun\u00e8bres Santilly\",\"description\":\"\",\"publisher\":{\"@id\":\"https:\/\/www.pompes-funebres-santilly.com\/fr\/#organization\"},\"potentialAction\":[{\"@type\":\"SearchAction\",\"target\":{\"@type\":\"EntryPoint\",\"urlTemplate\":\"https:\/\/www.pompes-funebres-santilly.com\/fr\/?s={search_term_string}\"},\"query-input\":{\"@type\":\"PropertyValueSpecification\",\"valueRequired\":true,\"valueName\":\"search_term_string\"}}],\"inLanguage\":\"fr-FR\"},{\"@type\":\"Organization\",\"@id\":\"https:\/\/www.pompes-funebres-santilly.com\/fr\/#organization\",\"name\":\"LCF Santilly\",\"url\":\"https:\/\/www.pompes-funebres-santilly.com\/fr\/\",\"logo\":{\"@type\":\"ImageObject\",\"inLanguage\":\"fr-FR\",\"@id\":\"https:\/\/www.pompes-funebres-santilly.com\/fr\/#\/schema\/logo\/image\/\",\"url\":\"https:\/\/www.pompes-funebres-santilly.com\/wp-content\/uploads\/2019\/12\/logo-1.png\",\"contentUrl\":\"https:\/\/www.pompes-funebres-santilly.com\/wp-content\/uploads\/2019\/12\/logo-1.png\",\"width\":433,\"height\":115,\"caption\":\"LCF Santilly\"},\"image\":{\"@id\":\"https:\/\/www.pompes-funebres-santilly.com\/fr\/#\/schema\/logo\/image\/\"}}]}<\/script>\n<!-- \/ Yoast SEO plugin. -->","yoast_head_json":{"title":"Comment faire son deuil ? Nos conseils pour y faire face - Pompes Fun\u00e8bres Santilly","description":"Faire face au deuil est une \u00e9tape difficile. D\u00e9couvrez quelques conseils pour vous aider \u00e0 traverser ce moment si particulier de la vie.","robots":{"index":"index","follow":"follow","max-snippet":"max-snippet:-1","max-image-preview":"max-image-preview:large","max-video-preview":"max-video-preview:-1"},"canonical":"https:\/\/www.pompes-funebres-santilly.com\/fr\/obseques\/face-au-deuil\/","og_locale":"fr_FR","og_type":"article","og_title":"Comment faire son deuil ? Nos conseils pour y faire face - Pompes Fun\u00e8bres Santilly","og_description":"Faire face au deuil est une \u00e9tape difficile. D\u00e9couvrez quelques conseils pour vous aider \u00e0 traverser ce moment si particulier de la vie.","og_url":"https:\/\/www.pompes-funebres-santilly.com\/fr\/obseques\/face-au-deuil\/","og_site_name":"Pompes Fun\u00e8bres Santilly","article_modified_time":"2024-02-26T13:29:48+00:00","twitter_card":"summary_large_image","twitter_misc":{"Dur\u00e9e de lecture est.":"5 minutes"},"schema":{"@context":"https:\/\/schema.org","@graph":[{"@type":"WebPage","@id":"https:\/\/www.pompes-funebres-santilly.com\/fr\/obseques\/face-au-deuil\/","url":"https:\/\/www.pompes-funebres-santilly.com\/fr\/obseques\/face-au-deuil\/","name":"Comment faire son deuil ? Nos conseils pour y faire face - Pompes Fun\u00e8bres Santilly","isPartOf":{"@id":"https:\/\/www.pompes-funebres-santilly.com\/fr\/#website"},"datePublished":"2020-02-06T16:32:56+00:00","dateModified":"2024-02-26T13:29:48+00:00","description":"Faire face au deuil est une \u00e9tape difficile. D\u00e9couvrez quelques conseils pour vous aider \u00e0 traverser ce moment si particulier de la vie.","breadcrumb":{"@id":"https:\/\/www.pompes-funebres-santilly.com\/fr\/obseques\/face-au-deuil\/#breadcrumb"},"inLanguage":"fr-FR","potentialAction":[{"@type":"ReadAction","target":["https:\/\/www.pompes-funebres-santilly.com\/fr\/obseques\/face-au-deuil\/"]}]},{"@type":"BreadcrumbList","@id":"https:\/\/www.pompes-funebres-santilly.com\/fr\/obseques\/face-au-deuil\/#breadcrumb","itemListElement":[{"@type":"ListItem","position":1,"name":"Accueil","item":"https:\/\/www.pompes-funebres-santilly.com\/fr\/"},{"@type":"ListItem","position":2,"name":"Obs\u00e8ques","item":"https:\/\/www.pompes-funebres-santilly.com\/fr\/obseques\/"},{"@type":"ListItem","position":3,"name":"Face au deuil"}]},{"@type":"WebSite","@id":"https:\/\/www.pompes-funebres-santilly.com\/fr\/#website","url":"https:\/\/www.pompes-funebres-santilly.com\/fr\/","name":"Pompes Fun\u00e8bres Santilly","description":"","publisher":{"@id":"https:\/\/www.pompes-funebres-santilly.com\/fr\/#organization"},"potentialAction":[{"@type":"SearchAction","target":{"@type":"EntryPoint","urlTemplate":"https:\/\/www.pompes-funebres-santilly.com\/fr\/?s={search_term_string}"},"query-input":{"@type":"PropertyValueSpecification","valueRequired":true,"valueName":"search_term_string"}}],"inLanguage":"fr-FR"},{"@type":"Organization","@id":"https:\/\/www.pompes-funebres-santilly.com\/fr\/#organization","name":"LCF Santilly","url":"https:\/\/www.pompes-funebres-santilly.com\/fr\/","logo":{"@type":"ImageObject","inLanguage":"fr-FR","@id":"https:\/\/www.pompes-funebres-santilly.com\/fr\/#\/schema\/logo\/image\/","url":"https:\/\/www.pompes-funebres-santilly.com\/wp-content\/uploads\/2019\/12\/logo-1.png","contentUrl":"https:\/\/www.pompes-funebres-santilly.com\/wp-content\/uploads\/2019\/12\/logo-1.png","width":433,"height":115,"caption":"LCF Santilly"},"image":{"@id":"https:\/\/www.pompes-funebres-santilly.com\/fr\/#\/schema\/logo\/image\/"}}]}},"_links":{"self":[{"href":"https:\/\/www.pompes-funebres-santilly.com\/fr\/wp-json\/wp\/v2\/pages\/7456","targetHints":{"allow":["GET"]}}],"collection":[{"href":"https:\/\/www.pompes-funebres-santilly.com\/fr\/wp-json\/wp\/v2\/pages"}],"about":[{"href":"https:\/\/www.pompes-funebres-santilly.com\/fr\/wp-json\/wp\/v2\/types\/page"}],"author":[{"embeddable":true,"href":"https:\/\/www.pompes-funebres-santilly.com\/fr\/wp-json\/wp\/v2\/users\/1"}],"replies":[{"embeddable":true,"href":"https:\/\/www.pompes-funebres-santilly.com\/fr\/wp-json\/wp\/v2\/comments?post=7456"}],"version-history":[{"count":13,"href":"https:\/\/www.pompes-funebres-santilly.com\/fr\/wp-json\/wp\/v2\/pages\/7456\/revisions"}],"predecessor-version":[{"id":32789,"href":"https:\/\/www.pompes-funebres-santilly.com\/fr\/wp-json\/wp\/v2\/pages\/7456\/revisions\/32789"}],"up":[{"embeddable":true,"href":"https:\/\/www.pompes-funebres-santilly.com\/fr\/wp-json\/wp\/v2\/pages\/996"}],"wp:attachment":[{"href":"https:\/\/www.pompes-funebres-santilly.com\/fr\/wp-json\/wp\/v2\/media?parent=7456"}],"curies":[{"name":"wp","href":"https:\/\/api.w.org\/{rel}","templated":true}]}}