{"id":7452,"date":"2020-02-06T17:31:52","date_gmt":"2020-02-06T16:31:52","guid":{"rendered":"http:\/\/www.pompes-funebres-santilly.com\/fr\/?page_id=7452"},"modified":"2024-02-26T14:25:35","modified_gmt":"2024-02-26T13:25:35","slug":"ceremonies-et-rites-funeraires","status":"publish","type":"page","link":"https:\/\/www.pompes-funebres-santilly.com\/fr\/obseques\/ceremonies-et-rites-funeraires\/","title":{"rendered":"C\u00e9r\u00e9monies et Rites fun\u00e9raires"},"content":{"rendered":"<p>[vc_section css=\u00a0\u00bb.vc_custom_1580376957876{margin-bottom: 40px !important;}\u00a0\u00bb][vc_row content_placement=\u00a0\u00bbmiddle\u00a0\u00bb][vc_column width=\u00a0\u00bb1\/2&Prime;][vc_column_text css=\u00a0\u00bb.vc_custom_1581351542327{margin-bottom: 30px !important;}\u00a0\u00bb]<\/p>\n<h1>C\u00e9r\u00e9monies et rites fun\u00e9raires<\/h1>\n<p>[\/vc_column_text][vc_column_text]Les \u00e9tablissements Santilly sont l\u00e0 pour vous guider \u00e0 chaque \u00e9tape des obs\u00e8ques. Au moment de l\u2019organisation, nos conseillers fun\u00e9raires vous donneront toutes les informations n\u00e9cessaires pour faire le meilleur choix.[\/vc_column_text][\/vc_column][vc_column width=\u00a0\u00bb1\/2&Prime;][vc_single_image image=\u00a0\u00bb19241&Prime; img_size=\u00a0\u00bblarge\u00a0\u00bb alignment=\u00a0\u00bbright\u00a0\u00bb][\/vc_column][\/vc_row][\/vc_section][vc_section css=\u00a0\u00bb.vc_custom_1580376957876{margin-bottom: 40px !important;}\u00a0\u00bb][vc_row full_width=\u00a0\u00bbstretch_row\u00a0\u00bb el_class=\u00a0\u00bblarge-color\u00a0\u00bb css=\u00a0\u00bb.vc_custom_1708953865569{background-color: #f6f4f2 !important;}\u00a0\u00bb bb_tab_container=\u00a0\u00bb\u00a0\u00bb][vc_column width=\u00a0\u00bb1\/2&Prime;][vc_single_image image=\u00a0\u00bb19312&Prime; img_size=\u00a0\u00bblarge\u00a0\u00bb][\/vc_column][vc_column width=\u00a0\u00bb1\/2&Prime;][vc_column_text css=\u00a0\u00bb.vc_custom_1581344674370{margin-bottom: 30px !important;}\u00a0\u00bb]<\/p>\n<h2>Le cort\u00e8ge<\/h2>\n<p>[\/vc_column_text][vc_column_text]Le jour de l\u2019enterrement, nos corbillards sont \u00e9quip\u00e9s pour recevoir le cercueil et les couronnes fun\u00e9raires. 4 porteurs et un ma\u00eetre de c\u00e9r\u00e9monie ouvriront le cort\u00e8ge et sauront vous guider lors de la procession jusqu\u2019au cimeti\u00e8re. Nous envisageons avec la plus grande vigilance cette \u00e9tape qui permet d\u2019accompagner le d\u00e9funt dans un parcours qui a valeur d\u2019hommage.[\/vc_column_text][\/vc_column][\/vc_row][\/vc_section][vc_section css=\u00a0\u00bb.vc_custom_1580376957876{margin-bottom: 40px !important;}\u00a0\u00bb][vc_row][vc_column width=\u00a0\u00bb1\/2&Prime;][vc_column_text css=\u00a0\u00bb.vc_custom_1581344830942{margin-bottom: 30px !important;}\u00a0\u00bb]<\/p>\n<h2>Pr\u00e9sence et discr\u00e9tion<\/h2>\n<p>[\/vc_column_text][vc_column_text]La c\u00e9r\u00e9monie est le point d\u2019orgue des obs\u00e8ques. C\u2019est pourquoi nous veillons \u00e0 ce qu\u2019elle se d\u00e9roule de mani\u00e8re irr\u00e9prochable, dans la plus grande discr\u00e9tion pour ne pas interf\u00e9rer le recueillement des personnes pr\u00e9sentes.<\/p>\n<p>Que vous choisissez une c\u00e9r\u00e9monie civile ou religieuse, nous ne laissons rien au hasard. Dans un grand respect du d\u00e9funt, notre personnel porteur en tenue sobre de circonstance, assure la procession du cercueil et g\u00e8re la disposition des compositions florales selon vos souhaits.[\/vc_column_text][\/vc_column][vc_column width=\u00a0\u00bb1\/2&Prime;][vc_single_image image=\u00a0\u00bb19315&Prime; img_size=\u00a0\u00bblarge\u00a0\u00bb][\/vc_column][\/vc_row][\/vc_section][vc_section css=\u00a0\u00bb.vc_custom_1600089938702{margin-bottom: 20px !important;}\u00a0\u00bb][vc_row full_width=\u00a0\u00bbstretch_row\u00a0\u00bb el_class=\u00a0\u00bblarge-color\u00a0\u00bb css=\u00a0\u00bb.vc_custom_1708953878796{background-color: #f6f4f2 !important;}\u00a0\u00bb bb_tab_container=\u00a0\u00bb\u00a0\u00bb][vc_column width=\u00a0\u00bb1\/2&Prime;][vc_single_image image=\u00a0\u00bb19318&Prime; img_size=\u00a0\u00bblarge\u00a0\u00bb][\/vc_column][vc_column width=\u00a0\u00bb1\/2&Prime;][vc_column_text css=\u00a0\u00bb.vc_custom_1581344906625{margin-bottom: 30px !important;}\u00a0\u00bb]<\/p>\n<h2>Un ma\u00eetre de c\u00e9r\u00e9monie \u00e0 l&rsquo;\u00e9coute<\/h2>\n<p>[\/vc_column_text][vc_column_text]Le ma\u00eetre de c\u00e9r\u00e9monie saura superviser l\u2019ensemble de l\u2019organisation, garantissant le parfait d\u00e9roulement des obs\u00e8ques. Outre son exp\u00e9rience et son professionnalisme, il saura vous soutenir et vous apporter la s\u00e9r\u00e9nit\u00e9 essentielle pour mieux vivre ce moment \u00e9prouvant.<\/p>\n<p>Son \u00e9coute attentive et discr\u00e8te vous d\u00e9douanera de toutes les questions ou doutes de derni\u00e8re minute.[\/vc_column_text][\/vc_column][\/vc_row][\/vc_section][vc_section el_id=\u00a0\u00bbcollectivite-seo-section\u00a0\u00bb][vc_row][vc_column][vc_column_text css=\u00a0\u00bb.vc_custom_1580994812024{margin-bottom: 30px !important;}\u00a0\u00bb]<\/p>\n<h2>Les valeurs des Pompes Fun\u00e8bres Santilly<\/h2>\n<p>[\/vc_column_text][vc_video link=\u00a0\u00bbhttps:\/\/youtu.be\/lU0-UajivMQ\u00a0\u00bb align=\u00a0\u00bbcenter\u00a0\u00bb css=\u00a0\u00bb.vc_custom_1600089970617{margin-bottom: 30px !important;}\u00a0\u00bb][\/vc_column][\/vc_row][\/vc_section][vc_section s7upf_x_large_css=\u00a0\u00bb.vc_custom_1582187141420{background-color: #f2f5f5 !important;}\u00a0\u00bb el_class=\u00a0\u00bbno-color\u00a0\u00bb css=\u00a0\u00bb.vc_custom_1582187141418{margin-bottom: 60px !important;}\u00a0\u00bb][vc_row full_width=\u00a0\u00bbstretch_row\u00a0\u00bb equal_height=\u00a0\u00bbyes\u00a0\u00bb css=\u00a0\u00bb.vc_custom_1708953893254{padding-top: 50px !important;padding-bottom: 50px !important;background-color: #f6f4f2 !important;background-position: center !important;background-repeat: no-repeat !important;background-size: contain !important;}\u00a0\u00bb el_class=\u00a0\u00bbhome-shop-wrapper\u00a0\u00bb bb_tab_container=\u00a0\u00bb\u00a0\u00bb][vc_column][vc_column_text css=\u00a0\u00bb.vc_custom_1581006485131{margin-bottom: 30px !important;}\u00a0\u00bb]<\/p>\n<h2 style=\"text-align: center;\">Demander un Devis<\/h2>\n<p>[\/vc_column_text][vc_column_text]<\/p>\n<p style=\"text-align: center;\">Obtenez gratuitement un devis pour un d\u00e9c\u00e8s, une personne en fin de vie ou \u00e0 titre d&rsquo;information.<\/p>\n<p>[\/vc_column_text][vc_btn title=\u00a0\u00bbDemander un devis\u00a0\u00bb style=\u00a0\u00bbflat\u00a0\u00bb color=\u00a0\u00bbsuccess\u00a0\u00bb align=\u00a0\u00bbcenter\u00a0\u00bb el_class=\u00a0\u00bbpfs-cta-a small\u00a0\u00bb link=\u00a0\u00bburl:https%3A%2F%2Fwww.pompes-funebres-santilly.com%2Ffr%2Fdevis%2F|title:Collectivit%C3%A9s||\u00a0\u00bb][\/vc_column][vc_column bb_tab_container=\u00a0\u00bb\u00a0\u00bb el_class=\u00a0\u00bbhome-shop-visual\u00a0\u00bb][vc_single_image image=\u00a0\u00bb32763&Prime; img_size=\u00a0\u00bbfull\u00a0\u00bb alignment=\u00a0\u00bbright\u00a0\u00bb bb_tab_container=\u00a0\u00bb\u00a0\u00bb][\/vc_column][\/vc_row][\/vc_section]<\/p>\n","protected":false},"excerpt":{"rendered":"<p>[vc_section css=\u00a0\u00bb.vc_custom_1580376957876{margin-bottom: 40px !important;}\u00a0\u00bb][vc_row content_placement=\u00a0\u00bbmiddle\u00a0\u00bb][vc_column width=\u00a0\u00bb1\/2&Prime;][vc_column_text css=\u00a0\u00bb.vc_custom_1581351542327{margin-bottom: 30px !important;}\u00a0\u00bb] C\u00e9r\u00e9monies et rites fun\u00e9raires [\/vc_column_text][vc_column_text]Les \u00e9tablissements Santilly sont l\u00e0 pour vous guider \u00e0 chaque \u00e9tape des obs\u00e8ques. Au moment de l\u2019organisation, nos conseillers fun\u00e9raires vous donneront toutes les informations n\u00e9cessaires pour faire le meilleur choix.[\/vc_column_text][\/vc_column][vc_column width=\u00a0\u00bb1\/2&Prime;][vc_single_image image=\u00a0\u00bb19241&Prime; img_size=\u00a0\u00bblarge\u00a0\u00bb alignment=\u00a0\u00bbright\u00a0\u00bb][\/vc_column][\/vc_row][\/vc_section][vc_section css=\u00a0\u00bb.vc_custom_1580376957876{margin-bottom: 40px !important;}\u00a0\u00bb][vc_row full_width=\u00a0\u00bbstretch_row\u00a0\u00bb el_class=\u00a0\u00bblarge-color\u00a0\u00bb css=\u00a0\u00bb.vc_custom_1708953865569{background-color: #f6f4f2 [&hellip;]<\/p>\n","protected":false},"author":1,"featured_media":0,"parent":996,"menu_order":5,"comment_status":"closed","ping_status":"closed","template":"","meta":{"_acf_changed":false,"footnotes":""},"class_list":["post-7452","page","type-page","status-publish","hentry"],"acf":false,"yoast_head":"<!-- This site is optimized with the Yoast SEO plugin v26.5 - https:\/\/yoast.com\/wordpress\/plugins\/seo\/ -->\n<title>C\u00e9r\u00e9monies fun\u00e9raires et rites : Les \u00e9tapes | Pompes Fun\u00e8bres Santilly<\/title>\n<meta name=\"description\" content=\"Nos conseillers fun\u00e9raires vous donneront toutes les informations n\u00e9cessaires pour faire le meilleur choix dans l&#039;organisation de la c\u00e9r\u00e9monie fun\u00e9raire.\" \/>\n<meta name=\"robots\" content=\"index, follow, max-snippet:-1, max-image-preview:large, max-video-preview:-1\" \/>\n<link rel=\"canonical\" href=\"https:\/\/www.pompes-funebres-santilly.com\/fr\/obseques\/ceremonies-et-rites-funeraires\/\" \/>\n<meta property=\"og:locale\" content=\"fr_FR\" \/>\n<meta property=\"og:type\" content=\"article\" \/>\n<meta property=\"og:title\" content=\"C\u00e9r\u00e9monies fun\u00e9raires et rites : Les \u00e9tapes | Pompes Fun\u00e8bres Santilly\" \/>\n<meta property=\"og:description\" content=\"Nos conseillers fun\u00e9raires vous donneront toutes les informations n\u00e9cessaires pour faire le meilleur choix dans l&#039;organisation de la c\u00e9r\u00e9monie fun\u00e9raire.\" \/>\n<meta property=\"og:url\" content=\"https:\/\/www.pompes-funebres-santilly.com\/fr\/obseques\/ceremonies-et-rites-funeraires\/\" \/>\n<meta property=\"og:site_name\" content=\"Pompes Fun\u00e8bres Santilly\" \/>\n<meta property=\"article:modified_time\" content=\"2024-02-26T13:25:35+00:00\" \/>\n<meta name=\"twitter:card\" content=\"summary_large_image\" \/>\n<meta name=\"twitter:label1\" content=\"Dur\u00e9e de lecture est.\" \/>\n\t<meta name=\"twitter:data1\" content=\"4 minutes\" \/>\n<script type=\"application\/ld+json\" class=\"yoast-schema-graph\">{\"@context\":\"https:\/\/schema.org\",\"@graph\":[{\"@type\":\"WebPage\",\"@id\":\"https:\/\/www.pompes-funebres-santilly.com\/fr\/obseques\/ceremonies-et-rites-funeraires\/\",\"url\":\"https:\/\/www.pompes-funebres-santilly.com\/fr\/obseques\/ceremonies-et-rites-funeraires\/\",\"name\":\"C\u00e9r\u00e9monies fun\u00e9raires et rites : Les \u00e9tapes | Pompes Fun\u00e8bres Santilly\",\"isPartOf\":{\"@id\":\"https:\/\/www.pompes-funebres-santilly.com\/fr\/#website\"},\"datePublished\":\"2020-02-06T16:31:52+00:00\",\"dateModified\":\"2024-02-26T13:25:35+00:00\",\"description\":\"Nos conseillers fun\u00e9raires vous donneront toutes les informations n\u00e9cessaires pour faire le meilleur choix dans l'organisation de la c\u00e9r\u00e9monie fun\u00e9raire.\",\"breadcrumb\":{\"@id\":\"https:\/\/www.pompes-funebres-santilly.com\/fr\/obseques\/ceremonies-et-rites-funeraires\/#breadcrumb\"},\"inLanguage\":\"fr-FR\",\"potentialAction\":[{\"@type\":\"ReadAction\",\"target\":[\"https:\/\/www.pompes-funebres-santilly.com\/fr\/obseques\/ceremonies-et-rites-funeraires\/\"]}]},{\"@type\":\"BreadcrumbList\",\"@id\":\"https:\/\/www.pompes-funebres-santilly.com\/fr\/obseques\/ceremonies-et-rites-funeraires\/#breadcrumb\",\"itemListElement\":[{\"@type\":\"ListItem\",\"position\":1,\"name\":\"Accueil\",\"item\":\"https:\/\/www.pompes-funebres-santilly.com\/fr\/\"},{\"@type\":\"ListItem\",\"position\":2,\"name\":\"Obs\u00e8ques\",\"item\":\"https:\/\/www.pompes-funebres-santilly.com\/fr\/obseques\/\"},{\"@type\":\"ListItem\",\"position\":3,\"name\":\"C\u00e9r\u00e9monies et Rites fun\u00e9raires\"}]},{\"@type\":\"WebSite\",\"@id\":\"https:\/\/www.pompes-funebres-santilly.com\/fr\/#website\",\"url\":\"https:\/\/www.pompes-funebres-santilly.com\/fr\/\",\"name\":\"Pompes Fun\u00e8bres Santilly\",\"description\":\"\",\"publisher\":{\"@id\":\"https:\/\/www.pompes-funebres-santilly.com\/fr\/#organization\"},\"potentialAction\":[{\"@type\":\"SearchAction\",\"target\":{\"@type\":\"EntryPoint\",\"urlTemplate\":\"https:\/\/www.pompes-funebres-santilly.com\/fr\/?s={search_term_string}\"},\"query-input\":{\"@type\":\"PropertyValueSpecification\",\"valueRequired\":true,\"valueName\":\"search_term_string\"}}],\"inLanguage\":\"fr-FR\"},{\"@type\":\"Organization\",\"@id\":\"https:\/\/www.pompes-funebres-santilly.com\/fr\/#organization\",\"name\":\"LCF Santilly\",\"url\":\"https:\/\/www.pompes-funebres-santilly.com\/fr\/\",\"logo\":{\"@type\":\"ImageObject\",\"inLanguage\":\"fr-FR\",\"@id\":\"https:\/\/www.pompes-funebres-santilly.com\/fr\/#\/schema\/logo\/image\/\",\"url\":\"https:\/\/www.pompes-funebres-santilly.com\/wp-content\/uploads\/2019\/12\/logo-1.png\",\"contentUrl\":\"https:\/\/www.pompes-funebres-santilly.com\/wp-content\/uploads\/2019\/12\/logo-1.png\",\"width\":433,\"height\":115,\"caption\":\"LCF Santilly\"},\"image\":{\"@id\":\"https:\/\/www.pompes-funebres-santilly.com\/fr\/#\/schema\/logo\/image\/\"}}]}<\/script>\n<!-- \/ Yoast SEO plugin. -->","yoast_head_json":{"title":"C\u00e9r\u00e9monies fun\u00e9raires et rites : Les \u00e9tapes | Pompes Fun\u00e8bres Santilly","description":"Nos conseillers fun\u00e9raires vous donneront toutes les informations n\u00e9cessaires pour faire le meilleur choix dans l'organisation de la c\u00e9r\u00e9monie fun\u00e9raire.","robots":{"index":"index","follow":"follow","max-snippet":"max-snippet:-1","max-image-preview":"max-image-preview:large","max-video-preview":"max-video-preview:-1"},"canonical":"https:\/\/www.pompes-funebres-santilly.com\/fr\/obseques\/ceremonies-et-rites-funeraires\/","og_locale":"fr_FR","og_type":"article","og_title":"C\u00e9r\u00e9monies fun\u00e9raires et rites : Les \u00e9tapes | Pompes Fun\u00e8bres Santilly","og_description":"Nos conseillers fun\u00e9raires vous donneront toutes les informations n\u00e9cessaires pour faire le meilleur choix dans l'organisation de la c\u00e9r\u00e9monie fun\u00e9raire.","og_url":"https:\/\/www.pompes-funebres-santilly.com\/fr\/obseques\/ceremonies-et-rites-funeraires\/","og_site_name":"Pompes Fun\u00e8bres Santilly","article_modified_time":"2024-02-26T13:25:35+00:00","twitter_card":"summary_large_image","twitter_misc":{"Dur\u00e9e de lecture est.":"4 minutes"},"schema":{"@context":"https:\/\/schema.org","@graph":[{"@type":"WebPage","@id":"https:\/\/www.pompes-funebres-santilly.com\/fr\/obseques\/ceremonies-et-rites-funeraires\/","url":"https:\/\/www.pompes-funebres-santilly.com\/fr\/obseques\/ceremonies-et-rites-funeraires\/","name":"C\u00e9r\u00e9monies fun\u00e9raires et rites : Les \u00e9tapes | Pompes Fun\u00e8bres Santilly","isPartOf":{"@id":"https:\/\/www.pompes-funebres-santilly.com\/fr\/#website"},"datePublished":"2020-02-06T16:31:52+00:00","dateModified":"2024-02-26T13:25:35+00:00","description":"Nos conseillers fun\u00e9raires vous donneront toutes les informations n\u00e9cessaires pour faire le meilleur choix dans l'organisation de la c\u00e9r\u00e9monie fun\u00e9raire.","breadcrumb":{"@id":"https:\/\/www.pompes-funebres-santilly.com\/fr\/obseques\/ceremonies-et-rites-funeraires\/#breadcrumb"},"inLanguage":"fr-FR","potentialAction":[{"@type":"ReadAction","target":["https:\/\/www.pompes-funebres-santilly.com\/fr\/obseques\/ceremonies-et-rites-funeraires\/"]}]},{"@type":"BreadcrumbList","@id":"https:\/\/www.pompes-funebres-santilly.com\/fr\/obseques\/ceremonies-et-rites-funeraires\/#breadcrumb","itemListElement":[{"@type":"ListItem","position":1,"name":"Accueil","item":"https:\/\/www.pompes-funebres-santilly.com\/fr\/"},{"@type":"ListItem","position":2,"name":"Obs\u00e8ques","item":"https:\/\/www.pompes-funebres-santilly.com\/fr\/obseques\/"},{"@type":"ListItem","position":3,"name":"C\u00e9r\u00e9monies et Rites fun\u00e9raires"}]},{"@type":"WebSite","@id":"https:\/\/www.pompes-funebres-santilly.com\/fr\/#website","url":"https:\/\/www.pompes-funebres-santilly.com\/fr\/","name":"Pompes Fun\u00e8bres Santilly","description":"","publisher":{"@id":"https:\/\/www.pompes-funebres-santilly.com\/fr\/#organization"},"potentialAction":[{"@type":"SearchAction","target":{"@type":"EntryPoint","urlTemplate":"https:\/\/www.pompes-funebres-santilly.com\/fr\/?s={search_term_string}"},"query-input":{"@type":"PropertyValueSpecification","valueRequired":true,"valueName":"search_term_string"}}],"inLanguage":"fr-FR"},{"@type":"Organization","@id":"https:\/\/www.pompes-funebres-santilly.com\/fr\/#organization","name":"LCF Santilly","url":"https:\/\/www.pompes-funebres-santilly.com\/fr\/","logo":{"@type":"ImageObject","inLanguage":"fr-FR","@id":"https:\/\/www.pompes-funebres-santilly.com\/fr\/#\/schema\/logo\/image\/","url":"https:\/\/www.pompes-funebres-santilly.com\/wp-content\/uploads\/2019\/12\/logo-1.png","contentUrl":"https:\/\/www.pompes-funebres-santilly.com\/wp-content\/uploads\/2019\/12\/logo-1.png","width":433,"height":115,"caption":"LCF Santilly"},"image":{"@id":"https:\/\/www.pompes-funebres-santilly.com\/fr\/#\/schema\/logo\/image\/"}}]}},"_links":{"self":[{"href":"https:\/\/www.pompes-funebres-santilly.com\/fr\/wp-json\/wp\/v2\/pages\/7452","targetHints":{"allow":["GET"]}}],"collection":[{"href":"https:\/\/www.pompes-funebres-santilly.com\/fr\/wp-json\/wp\/v2\/pages"}],"about":[{"href":"https:\/\/www.pompes-funebres-santilly.com\/fr\/wp-json\/wp\/v2\/types\/page"}],"author":[{"embeddable":true,"href":"https:\/\/www.pompes-funebres-santilly.com\/fr\/wp-json\/wp\/v2\/users\/1"}],"replies":[{"embeddable":true,"href":"https:\/\/www.pompes-funebres-santilly.com\/fr\/wp-json\/wp\/v2\/comments?post=7452"}],"version-history":[{"count":5,"href":"https:\/\/www.pompes-funebres-santilly.com\/fr\/wp-json\/wp\/v2\/pages\/7452\/revisions"}],"predecessor-version":[{"id":32787,"href":"https:\/\/www.pompes-funebres-santilly.com\/fr\/wp-json\/wp\/v2\/pages\/7452\/revisions\/32787"}],"up":[{"embeddable":true,"href":"https:\/\/www.pompes-funebres-santilly.com\/fr\/wp-json\/wp\/v2\/pages\/996"}],"wp:attachment":[{"href":"https:\/\/www.pompes-funebres-santilly.com\/fr\/wp-json\/wp\/v2\/media?parent=7452"}],"curies":[{"name":"wp","href":"https:\/\/api.w.org\/{rel}","templated":true}]}}