{"id":7223,"date":"2020-01-31T17:35:01","date_gmt":"2020-01-31T16:35:01","guid":{"rendered":"http:\/\/www.pompes-funebres-santilly.com\/fr\/?page_id=7223"},"modified":"2025-04-25T10:59:13","modified_gmt":"2025-04-25T08:59:13","slug":"qui-sommes-nous","status":"publish","type":"page","link":"https:\/\/www.pompes-funebres-santilly.com\/fr\/qui-sommes-nous\/","title":{"rendered":"Qui sommes nous"},"content":{"rendered":"<p>[vc_section css=\u00a0\u00bb.vc_custom_1580378414096{margin-bottom: 40px !important;}\u00a0\u00bb el_id=\u00a0\u00bbabout-intro-section\u00a0\u00bb][vc_row][vc_column][vc_column_text css=\u00a0\u00bb.vc_custom_1580489078975{margin-bottom: 30px !important;}\u00a0\u00bb]<\/p>\n<h1>Qui sommes-nous ?<\/h1>\n<p>[\/vc_column_text][\/vc_column][\/vc_row][\/vc_section][vc_section][vc_row equal_height=\u00a0\u00bbyes\u00a0\u00bb content_placement=\u00a0\u00bbmiddle\u00a0\u00bb][vc_column width=\u00a0\u00bb1\/2&Prime;][vc_column_text css=\u00a0\u00bb.vc_custom_1588667188666{margin-bottom: 30px !important;}\u00a0\u00bb el_class=\u00a0\u00bbmore-link fhl\u00a0\u00bb]<\/p>\n<h2>Un marbrier nomm\u00e9 Jean Santilly\u2026<\/h2>\n<p>[\/vc_column_text][vc_column_text]<span style=\"font-weight: 400;\">En 1937, Jean Santilly s\u2019installe comme <strong>marbrier<\/strong><\/span><span style=\"font-weight: 400;\">. \u00c0 cette \u00e9poque, il est loin d\u2019imaginer la direction que prendra son entreprise. C\u2019est en 1995 que Santilly devient sp\u00e9cialiste des pompes fun\u00e8bres et du soutien des familles en deuil.\u00a0<\/span><\/p>\n<p><span style=\"font-weight: 400;\">Depuis <strong>quatre g\u00e9n\u00e9rations<\/strong>, le savoir-faire et le savoir-\u00eatre de l\u2019entreprise Santilly se transmettent de p\u00e8re en fils. D\u2019abord Jean, puis Daniel et aujourd\u2019hui Jean-Louis et son fils, Baptiste, perp\u00e9tuent l\u2019accompagnement des familles avec simplicit\u00e9 et sinc\u00e9rit\u00e9.<\/span>[\/vc_column_text][\/vc_column][vc_column width=\u00a0\u00bb1\/2&Prime;][vc_single_image image=\u00a0\u00bb19214&Prime; img_size=\u00a0\u00bblarge\u00a0\u00bb add_caption=\u00a0\u00bbyes\u00a0\u00bb][\/vc_column][\/vc_row][\/vc_section][vc_section][vc_row full_width=\u00a0\u00bbstretch_row\u00a0\u00bb equal_height=\u00a0\u00bbyes\u00a0\u00bb content_placement=\u00a0\u00bbmiddle\u00a0\u00bb css=\u00a0\u00bb.vc_custom_1708954912599{margin-top: 20px !important;margin-bottom: 20px !important;padding-top: 40px !important;padding-bottom: 40px !important;background-color: #f6f4f2 !important;}\u00a0\u00bb][vc_column width=\u00a0\u00bb1\/2&Prime;][vc_single_image image=\u00a0\u00bb19217&Prime; img_size=\u00a0\u00bblarge\u00a0\u00bb add_caption=\u00a0\u00bbyes\u00a0\u00bb][\/vc_column][vc_column width=\u00a0\u00bb1\/2&Prime;][vc_column_text css=\u00a0\u00bb.vc_custom_1580489615872{margin-bottom: 30px !important;}\u00a0\u00bb el_class=\u00a0\u00bbmore-link fhl\u00a0\u00bb]<\/p>\n<h2>Vous servir, un devoir<\/h2>\n<p>[\/vc_column_text][vc_column_text]<span style=\"font-weight: 400;\">Gr\u00e2ce \u00e0 une approche <strong>humaine<\/strong> et <strong>efficace<\/strong> de notre m\u00e9tier, nous sommes devenus une <strong>r\u00e9f\u00e9rence<\/strong> en mati\u00e8re de services fun\u00e9raires. <\/span><\/p>\n<p><span style=\"font-weight: 400;\">Parce que les circonstances dans lesquelles nous sommes sollicit\u00e9s n\u00e9cessitent une <strong>rigueur<\/strong> et une <strong>disponibilit\u00e9 <\/strong>exemplaires, nous avons fait de l\u2019exigence notre ma\u00eetre-mot. <\/span><\/p>\n<p><span style=\"font-weight: 400;\">Parce que nous souhaitons pouvoir vous accompagner \u00e0 toutes les \u00e9tapes de la prise en charge des obs\u00e8ques, nous avons diversifi\u00e9 nos activit\u00e9s. \u00c0 commencer par l\u2019accueil des familles, auxquelles nous r\u00e9servons des attentions toutes particuli\u00e8res et <strong>une \u00e9coute de tous les instants. <\/strong><\/span>[\/vc_column_text][\/vc_column][\/vc_row][\/vc_section][vc_section][vc_row equal_height=\u00a0\u00bbyes\u00a0\u00bb content_placement=\u00a0\u00bbmiddle\u00a0\u00bb][vc_column width=\u00a0\u00bb1\/2&Prime;][vc_column_text css=\u00a0\u00bb.vc_custom_1588667909566{margin-bottom: 30px !important;}\u00a0\u00bb el_class=\u00a0\u00bbmore-link fhl\u00a0\u00bb]<\/p>\n<div class=\"wpb_text_column wpb_content_element vc_custom_1580491073464\">\n<div class=\"wpb_wrapper\">\n<h2>Ets Santilly<\/h2>\n<\/div>\n<\/div>\n<p>[\/vc_column_text][vc_column_text]<span style=\"font-weight: 400;\">Nos \u00e9quipes privil\u00e9gient <strong>l\u2019\u00e9coute des familles et de leurs besoins<\/strong> afin de les <strong>conseiller<\/strong> au mieux dans :<\/span><\/p>\n<ul>\n<li><span style=\"font-weight: 400;\">le cadre de la pr\u00e9voyance ;<\/span><\/li>\n<li><span style=\"font-size: revert;\">les projets de marbrerie ;<\/span><\/li>\n<li><span style=\"font-weight: 400;\">l\u2019organisation des obs\u00e8ques.<\/span><\/li>\n<\/ul>\n<p><span style=\"font-weight: 400;\">Nous avons pour volont\u00e9 d\u2019\u00eatre un v\u00e9ritable pilier pour les familles en deuil. Pour cette raison, nous vous proposons un <strong>service d\u2019accompagnement<\/strong>. Ainsi, nous sommes pr\u00e9sents pour vous guider et vous soulager face aux d\u00e9marches administratives \u00e0 effectuer.\u00a0<\/span><\/p>\n<p><span style=\"font-weight: 400;\">Nos conseillers fun\u00e9raires sont \u00e9galement habilit\u00e9s \u00e0 venir en aide aux collectivit\u00e9s locales avec des engagements primordiaux :\u00a0<\/span><\/p>\n<ul>\n<li><span style=\"font-weight: 400;\">le respect de la m\u00e9moire ;\u00a0<\/span><\/li>\n<li><span style=\"font-weight: 400;\">le respect des lieux ;\u00a0<\/span><\/li>\n<li><span style=\"font-weight: 400;\">le respect des normes environnementales ;<\/span><\/li>\n<li><span style=\"font-weight: 400;\">le respect des d\u00e9lais.<\/span><\/li>\n<\/ul>\n<p>[\/vc_column_text][\/vc_column][vc_column width=\u00a0\u00bb1\/2&Prime; css=\u00a0\u00bb.vc_custom_1580490262753{margin-top: -20px !important;}\u00a0\u00bb][vc_single_image image=\u00a0\u00bb32504&Prime; img_size=\u00a0\u00bbmedium\u00a0\u00bb alignment=\u00a0\u00bbcenter\u00a0\u00bb bb_tab_container=\u00a0\u00bb\u00a0\u00bb s7upf_s_small_csstypo=\u00a0\u00bb.res_custom_1745570835610{max-width:200px!important;width:200px!important;}\u00a0\u00bb el_class=\u00a0\u00bbicon_history\u00a0\u00bb][\/vc_column][\/vc_row][\/vc_section][vc_section][vc_row full_width=\u00a0\u00bbstretch_row\u00a0\u00bb equal_height=\u00a0\u00bbyes\u00a0\u00bb content_placement=\u00a0\u00bbmiddle\u00a0\u00bb css=\u00a0\u00bb.vc_custom_1708954927086{margin-top: 20px !important;margin-bottom: 20px !important;padding-top: 40px !important;padding-bottom: 40px !important;background-color: #f6f4f2 !important;}\u00a0\u00bb][vc_column width=\u00a0\u00bb1\/2&Prime; css=\u00a0\u00bb.vc_custom_1580490262753{margin-top: -20px !important;}\u00a0\u00bb][vc_single_image image=\u00a0\u00bb29263&Prime; img_size=\u00a0\u00bblarge\u00a0\u00bb add_caption=\u00a0\u00bbyes\u00a0\u00bb][\/vc_column][vc_column width=\u00a0\u00bb1\/2&Prime;][vc_column_text]<span style=\"font-weight: 400;\">Vous retrouverez les \u00c9tablissements Santilly \u00e0 Paris, dans toute la r\u00e9gion parisienne, dans l\u2019Oise et dans les Hauts-de-France. Vous pouvez \u00e9galement vous rendre dans une de nos agences dans ces villes : <\/span>[\/vc_column_text][vc_row_inner][vc_column_inner width=\u00a0\u00bb1\/3&Prime;][vc_column_text]<\/p>\n<ul>\n<li><strong>Pantin<\/strong><\/li>\n<li><strong>Pantin Parisien<\/strong><\/li>\n<li><strong>Aubervilliers<\/strong><\/li>\n<li><strong>Paris 18<sup>\u00e8me<\/sup><\/strong><\/li>\n<\/ul>\n<p>[\/vc_column_text][\/vc_column_inner][vc_column_inner width=\u00a0\u00bb1\/3&Prime;][vc_column_text]<\/p>\n<ul>\n<li><strong>Drancy<\/strong><\/li>\n<li><strong>Villeneuve<\/strong><\/li>\n<li><strong>Gagny<\/strong><\/li>\n<li><strong>Vincennes<\/strong><\/li>\n<\/ul>\n<p>[\/vc_column_text][\/vc_column_inner][vc_column_inner width=\u00a0\u00bb1\/3&Prime;][vc_column_text]<\/p>\n<ul>\n<li><strong>Goussainville<\/strong><\/li>\n<li><strong>Senlis<\/strong><\/li>\n<li><strong>Chantilly<\/strong><\/li>\n<li><strong>Lamorlaye<\/strong><\/li>\n<\/ul>\n<p>[\/vc_column_text][\/vc_column_inner][\/vc_row_inner][vc_column_text]<span style=\"font-weight: 400;\">Nous souhaitons \u00e9galement donner aux familles en deuil la possibilit\u00e9 de se recueillir dans la dignit\u00e9 et le respect, \u00e0 l\u2019aide des chambres fun\u00e9raires. C\u2019est pourquoi nous vous proposons des fun\u00e9rariums dans ces villes : <\/span><\/p>\n<ul>\n<li><strong>Chambre fun\u00e9raire de Pantin<\/strong><\/li>\n<li><strong>Chambre fun\u00e9raire d\u2019Aubervilliers<\/strong><\/li>\n<li><strong>Chambre fun\u00e9raire de Goussainville<\/strong><\/li>\n<li><strong>Chambre fun\u00e9raire de Lamorlaye\u00a0<\/strong><\/li>\n<\/ul>\n<p><span style=\"font-weight: 400;\">Vous trouverez \u00e9galement dans nos agences Santilly un large choix d\u2019articles fun\u00e9raires, pour satisfaire vos besoins et envies. Parce que vous souhaitez pouvoir rendre un dernier hommage \u00e0 la m\u00e9moire de vos proches, nos \u00e9quipes vous accompagnent \u00e9galement dans le choix des fleurs.\u00a0 <\/span>[\/vc_column_text][\/vc_column][\/vc_row][\/vc_section][vc_section][vc_row equal_height=\u00a0\u00bbyes\u00a0\u00bb content_placement=\u00a0\u00bbmiddle\u00a0\u00bb][vc_column width=\u00a0\u00bb1\/2&Prime;][vc_column_text css=\u00a0\u00bb.vc_custom_1580490073689{margin-bottom: 30px !important;}\u00a0\u00bb el_class=\u00a0\u00bbmore-link fhl\u00a0\u00bb]<\/p>\n<h2>La soci\u00e9t\u00e9 change, notre m\u00e9tier aussi<\/h2>\n<p>[\/vc_column_text][vc_column_text]<span style=\"font-weight: 400;\">Plus que jamais, les \u00c9tablissements Santilly ont \u00e0 c\u0153ur de m\u00e9riter la confiance que des centaines de personnes nous t\u00e9moignent. <\/span><\/p>\n<p><span style=\"font-weight: 400;\">Parce que nous avons pour volont\u00e9 d\u2019\u00e9voluer avec notre soci\u00e9t\u00e9, nous nous adaptons \u00e0 <strong>vos besoins<\/strong>. La vari\u00e9t\u00e9 des cultures et des rites, les nouveaux modes de vie et de pens\u00e9e conditionnent la fa\u00e7on dont les familles envisagent les obs\u00e8ques de leur proche. Nous voulons pouvoir offrir <strong>des obs\u00e8ques dignes de chacun<\/strong>. <\/span><\/p>\n<p><span style=\"font-weight: 400;\">Nous savons que dans ces moments de deuil, vous avez autant besoin de <strong>compassion<\/strong> que de <strong>professionnalisme<\/strong>. Notre ambition est de vous donner le meilleur de nous-m\u00eames pour vous apporter s\u00e9r\u00e9nit\u00e9 et soulagement. Et ce, quelles que soient vos convictions, vos attentes, vos motivations. <\/span>[\/vc_column_text][\/vc_column][vc_column width=\u00a0\u00bb1\/2&Prime; css=\u00a0\u00bb.vc_custom_1580490262753{margin-top: -20px !important;}\u00a0\u00bb][vc_single_image image=\u00a0\u00bb32512&Prime; img_size=\u00a0\u00bblarge\u00a0\u00bb add_caption=\u00a0\u00bbyes\u00a0\u00bb][\/vc_column][\/vc_row][vc_row][vc_column][\/vc_column][\/vc_row][\/vc_section][vc_section el_id=\u00a0\u00bbcollectivite-service-section\u00a0\u00bb][vc_row css=\u00a0\u00bb.vc_custom_1592895630500{margin-top: 20px !important;margin-bottom: 20px !important;}\u00a0\u00bb][vc_column width=\u00a0\u00bb1\/2&Prime;][vc_btn title=\u00a0\u00bbNous rejoindre\u00a0\u00bb style=\u00a0\u00bbflat\u00a0\u00bb color=\u00a0\u00bbsuccess\u00a0\u00bb align=\u00a0\u00bbcenter\u00a0\u00bb el_class=\u00a0\u00bbpfs-cta-a small half larger\u00a0\u00bb link=\u00a0\u00bburl:https%3A%2F%2Fwww.pompes-funebres-santilly.com%2Ffr%2Fnous-rejoindre%2F|title:Nous%20rejoindre||\u00a0\u00bb][\/vc_column][vc_column width=\u00a0\u00bb1\/2&Prime;][vc_btn title=\u00a0\u00bbD\u00e9couvrir nos r\u00e9alisations\u00a0\u00bb style=\u00a0\u00bbflat\u00a0\u00bb color=\u00a0\u00bbsuccess\u00a0\u00bb align=\u00a0\u00bbcenter\u00a0\u00bb el_class=\u00a0\u00bbpfs-cta-a small half larger\u00a0\u00bb link=\u00a0\u00bburl:https%3A%2F%2Fwww.pompes-funebres-santilly.com%2Ffr%2Fnos-realisations%2F|title:D%C3%A9couvrir%20nos%20r%C3%A9alisations||\u00a0\u00bb][\/vc_column][\/vc_row][\/vc_section][vc_section s7upf_x_large_css=\u00a0\u00bb.vc_custom_1582187141420{background-color: #f2f5f5 !important;}\u00a0\u00bb el_class=\u00a0\u00bbno-color\u00a0\u00bb css=\u00a0\u00bb.vc_custom_1582187141418{margin-bottom: 60px !important;}\u00a0\u00bb][vc_row full_width=\u00a0\u00bbstretch_row\u00a0\u00bb equal_height=\u00a0\u00bbyes\u00a0\u00bb css=\u00a0\u00bb.vc_custom_1708954940224{padding-top: 50px !important;padding-bottom: 50px !important;background-color: #f6f4f2 !important;background-position: center !important;background-repeat: no-repeat !important;background-size: contain !important;}\u00a0\u00bb el_class=\u00a0\u00bbhome-shop-wrapper\u00a0\u00bb][vc_column][vc_column_text css=\u00a0\u00bb.vc_custom_1581006485131{margin-bottom: 30px !important;}\u00a0\u00bb]<\/p>\n<h2 style=\"text-align: center;\">Demander un Devis<\/h2>\n<p>[\/vc_column_text][vc_column_text]<\/p>\n<p style=\"text-align: center;\">Obtenez gratuitement un devis pour un d\u00e9c\u00e8s, une personne en fin de vie ou \u00e0 titre d&rsquo;information.<\/p>\n<p>[\/vc_column_text][vc_btn title=\u00a0\u00bbDemander un devis\u00a0\u00bb style=\u00a0\u00bbflat\u00a0\u00bb color=\u00a0\u00bbsuccess\u00a0\u00bb align=\u00a0\u00bbcenter\u00a0\u00bb el_class=\u00a0\u00bbpfs-cta-a small\u00a0\u00bb link=\u00a0\u00bburl:https%3A%2F%2Fwww.pompes-funebres-santilly.com%2Ffr%2Fdevis%2F|title:Collectivit%C3%A9s||\u00a0\u00bb][\/vc_column][vc_column el_class=\u00a0\u00bbhome-shop-visual\u00a0\u00bb][vc_single_image image=\u00a0\u00bb32763&Prime; img_size=\u00a0\u00bbfull\u00a0\u00bb alignment=\u00a0\u00bbright\u00a0\u00bb][\/vc_column][\/vc_row][\/vc_section]<\/p>\n","protected":false},"excerpt":{"rendered":"<p>[vc_section css=\u00a0\u00bb.vc_custom_1580378414096{margin-bottom: 40px !important;}\u00a0\u00bb el_id=\u00a0\u00bbabout-intro-section\u00a0\u00bb][vc_row][vc_column][vc_column_text css=\u00a0\u00bb.vc_custom_1580489078975{margin-bottom: 30px !important;}\u00a0\u00bb] Qui sommes-nous ? [\/vc_column_text][\/vc_column][\/vc_row][\/vc_section][vc_section][vc_row equal_height=\u00a0\u00bbyes\u00a0\u00bb content_placement=\u00a0\u00bbmiddle\u00a0\u00bb][vc_column width=\u00a0\u00bb1\/2&Prime;][vc_column_text css=\u00a0\u00bb.vc_custom_1588667188666{margin-bottom: 30px !important;}\u00a0\u00bb el_class=\u00a0\u00bbmore-link fhl\u00a0\u00bb] Un marbrier nomm\u00e9 Jean Santilly\u2026 [\/vc_column_text][vc_column_text]En 1937, Jean Santilly s\u2019installe comme marbrier. \u00c0 cette \u00e9poque, il est loin d\u2019imaginer la direction que prendra son entreprise. C\u2019est en 1995 que Santilly devient sp\u00e9cialiste des pompes fun\u00e8bres [&hellip;]<\/p>\n","protected":false},"author":1,"featured_media":0,"parent":0,"menu_order":0,"comment_status":"closed","ping_status":"closed","template":"","meta":{"_acf_changed":false,"footnotes":""},"class_list":["post-7223","page","type-page","status-publish","hentry"],"acf":false,"yoast_head":"<!-- This site is optimized with the Yoast SEO plugin v26.5 - https:\/\/yoast.com\/wordpress\/plugins\/seo\/ -->\n<title>L&#039;histoire des pompes fun\u00e8bres Santilly en r\u00e9gion parisienne - Pompes Fun\u00e8bres Santilly<\/title>\n<meta name=\"description\" content=\"L\u2019entreprise Santilly est une entreprise \u00e0 l\u2019\u00e9coute des familles pour les accompagner lors de l\u2019organisation des obs\u00e8ques d\u2019un de leurs proches.\" \/>\n<meta name=\"robots\" content=\"index, follow, max-snippet:-1, max-image-preview:large, max-video-preview:-1\" \/>\n<link rel=\"canonical\" href=\"https:\/\/www.pompes-funebres-santilly.com\/fr\/qui-sommes-nous\/\" \/>\n<meta property=\"og:locale\" content=\"fr_FR\" \/>\n<meta property=\"og:type\" content=\"article\" \/>\n<meta property=\"og:title\" content=\"L&#039;histoire des pompes fun\u00e8bres Santilly en r\u00e9gion parisienne - Pompes Fun\u00e8bres Santilly\" \/>\n<meta property=\"og:description\" content=\"L\u2019entreprise Santilly est une entreprise \u00e0 l\u2019\u00e9coute des familles pour les accompagner lors de l\u2019organisation des obs\u00e8ques d\u2019un de leurs proches.\" \/>\n<meta property=\"og:url\" content=\"https:\/\/www.pompes-funebres-santilly.com\/fr\/qui-sommes-nous\/\" \/>\n<meta property=\"og:site_name\" content=\"Pompes Fun\u00e8bres Santilly\" \/>\n<meta property=\"article:modified_time\" content=\"2025-04-25T08:59:13+00:00\" \/>\n<meta name=\"twitter:card\" content=\"summary_large_image\" \/>\n<meta name=\"twitter:label1\" content=\"Dur\u00e9e de lecture est.\" \/>\n\t<meta name=\"twitter:data1\" content=\"4 minutes\" \/>\n<script type=\"application\/ld+json\" class=\"yoast-schema-graph\">{\"@context\":\"https:\/\/schema.org\",\"@graph\":[{\"@type\":\"WebPage\",\"@id\":\"https:\/\/www.pompes-funebres-santilly.com\/fr\/qui-sommes-nous\/\",\"url\":\"https:\/\/www.pompes-funebres-santilly.com\/fr\/qui-sommes-nous\/\",\"name\":\"L'histoire des pompes fun\u00e8bres Santilly en r\u00e9gion parisienne - Pompes Fun\u00e8bres Santilly\",\"isPartOf\":{\"@id\":\"https:\/\/www.pompes-funebres-santilly.com\/fr\/#website\"},\"datePublished\":\"2020-01-31T16:35:01+00:00\",\"dateModified\":\"2025-04-25T08:59:13+00:00\",\"description\":\"L\u2019entreprise Santilly est une entreprise \u00e0 l\u2019\u00e9coute des familles pour les accompagner lors de l\u2019organisation des obs\u00e8ques d\u2019un de leurs proches.\",\"breadcrumb\":{\"@id\":\"https:\/\/www.pompes-funebres-santilly.com\/fr\/qui-sommes-nous\/#breadcrumb\"},\"inLanguage\":\"fr-FR\",\"potentialAction\":[{\"@type\":\"ReadAction\",\"target\":[\"https:\/\/www.pompes-funebres-santilly.com\/fr\/qui-sommes-nous\/\"]}]},{\"@type\":\"BreadcrumbList\",\"@id\":\"https:\/\/www.pompes-funebres-santilly.com\/fr\/qui-sommes-nous\/#breadcrumb\",\"itemListElement\":[{\"@type\":\"ListItem\",\"position\":1,\"name\":\"Accueil\",\"item\":\"https:\/\/www.pompes-funebres-santilly.com\/fr\/\"},{\"@type\":\"ListItem\",\"position\":2,\"name\":\"Qui sommes nous\"}]},{\"@type\":\"WebSite\",\"@id\":\"https:\/\/www.pompes-funebres-santilly.com\/fr\/#website\",\"url\":\"https:\/\/www.pompes-funebres-santilly.com\/fr\/\",\"name\":\"Pompes Fun\u00e8bres Santilly\",\"description\":\"\",\"publisher\":{\"@id\":\"https:\/\/www.pompes-funebres-santilly.com\/fr\/#organization\"},\"potentialAction\":[{\"@type\":\"SearchAction\",\"target\":{\"@type\":\"EntryPoint\",\"urlTemplate\":\"https:\/\/www.pompes-funebres-santilly.com\/fr\/?s={search_term_string}\"},\"query-input\":{\"@type\":\"PropertyValueSpecification\",\"valueRequired\":true,\"valueName\":\"search_term_string\"}}],\"inLanguage\":\"fr-FR\"},{\"@type\":\"Organization\",\"@id\":\"https:\/\/www.pompes-funebres-santilly.com\/fr\/#organization\",\"name\":\"LCF Santilly\",\"url\":\"https:\/\/www.pompes-funebres-santilly.com\/fr\/\",\"logo\":{\"@type\":\"ImageObject\",\"inLanguage\":\"fr-FR\",\"@id\":\"https:\/\/www.pompes-funebres-santilly.com\/fr\/#\/schema\/logo\/image\/\",\"url\":\"https:\/\/www.pompes-funebres-santilly.com\/wp-content\/uploads\/2019\/12\/logo-1.png\",\"contentUrl\":\"https:\/\/www.pompes-funebres-santilly.com\/wp-content\/uploads\/2019\/12\/logo-1.png\",\"width\":433,\"height\":115,\"caption\":\"LCF Santilly\"},\"image\":{\"@id\":\"https:\/\/www.pompes-funebres-santilly.com\/fr\/#\/schema\/logo\/image\/\"}}]}<\/script>\n<!-- \/ Yoast SEO plugin. -->","yoast_head_json":{"title":"L'histoire des pompes fun\u00e8bres Santilly en r\u00e9gion parisienne - Pompes Fun\u00e8bres Santilly","description":"L\u2019entreprise Santilly est une entreprise \u00e0 l\u2019\u00e9coute des familles pour les accompagner lors de l\u2019organisation des obs\u00e8ques d\u2019un de leurs proches.","robots":{"index":"index","follow":"follow","max-snippet":"max-snippet:-1","max-image-preview":"max-image-preview:large","max-video-preview":"max-video-preview:-1"},"canonical":"https:\/\/www.pompes-funebres-santilly.com\/fr\/qui-sommes-nous\/","og_locale":"fr_FR","og_type":"article","og_title":"L'histoire des pompes fun\u00e8bres Santilly en r\u00e9gion parisienne - Pompes Fun\u00e8bres Santilly","og_description":"L\u2019entreprise Santilly est une entreprise \u00e0 l\u2019\u00e9coute des familles pour les accompagner lors de l\u2019organisation des obs\u00e8ques d\u2019un de leurs proches.","og_url":"https:\/\/www.pompes-funebres-santilly.com\/fr\/qui-sommes-nous\/","og_site_name":"Pompes Fun\u00e8bres Santilly","article_modified_time":"2025-04-25T08:59:13+00:00","twitter_card":"summary_large_image","twitter_misc":{"Dur\u00e9e de lecture est.":"4 minutes"},"schema":{"@context":"https:\/\/schema.org","@graph":[{"@type":"WebPage","@id":"https:\/\/www.pompes-funebres-santilly.com\/fr\/qui-sommes-nous\/","url":"https:\/\/www.pompes-funebres-santilly.com\/fr\/qui-sommes-nous\/","name":"L'histoire des pompes fun\u00e8bres Santilly en r\u00e9gion parisienne - Pompes Fun\u00e8bres Santilly","isPartOf":{"@id":"https:\/\/www.pompes-funebres-santilly.com\/fr\/#website"},"datePublished":"2020-01-31T16:35:01+00:00","dateModified":"2025-04-25T08:59:13+00:00","description":"L\u2019entreprise Santilly est une entreprise \u00e0 l\u2019\u00e9coute des familles pour les accompagner lors de l\u2019organisation des obs\u00e8ques d\u2019un de leurs proches.","breadcrumb":{"@id":"https:\/\/www.pompes-funebres-santilly.com\/fr\/qui-sommes-nous\/#breadcrumb"},"inLanguage":"fr-FR","potentialAction":[{"@type":"ReadAction","target":["https:\/\/www.pompes-funebres-santilly.com\/fr\/qui-sommes-nous\/"]}]},{"@type":"BreadcrumbList","@id":"https:\/\/www.pompes-funebres-santilly.com\/fr\/qui-sommes-nous\/#breadcrumb","itemListElement":[{"@type":"ListItem","position":1,"name":"Accueil","item":"https:\/\/www.pompes-funebres-santilly.com\/fr\/"},{"@type":"ListItem","position":2,"name":"Qui sommes nous"}]},{"@type":"WebSite","@id":"https:\/\/www.pompes-funebres-santilly.com\/fr\/#website","url":"https:\/\/www.pompes-funebres-santilly.com\/fr\/","name":"Pompes Fun\u00e8bres Santilly","description":"","publisher":{"@id":"https:\/\/www.pompes-funebres-santilly.com\/fr\/#organization"},"potentialAction":[{"@type":"SearchAction","target":{"@type":"EntryPoint","urlTemplate":"https:\/\/www.pompes-funebres-santilly.com\/fr\/?s={search_term_string}"},"query-input":{"@type":"PropertyValueSpecification","valueRequired":true,"valueName":"search_term_string"}}],"inLanguage":"fr-FR"},{"@type":"Organization","@id":"https:\/\/www.pompes-funebres-santilly.com\/fr\/#organization","name":"LCF Santilly","url":"https:\/\/www.pompes-funebres-santilly.com\/fr\/","logo":{"@type":"ImageObject","inLanguage":"fr-FR","@id":"https:\/\/www.pompes-funebres-santilly.com\/fr\/#\/schema\/logo\/image\/","url":"https:\/\/www.pompes-funebres-santilly.com\/wp-content\/uploads\/2019\/12\/logo-1.png","contentUrl":"https:\/\/www.pompes-funebres-santilly.com\/wp-content\/uploads\/2019\/12\/logo-1.png","width":433,"height":115,"caption":"LCF Santilly"},"image":{"@id":"https:\/\/www.pompes-funebres-santilly.com\/fr\/#\/schema\/logo\/image\/"}}]}},"_links":{"self":[{"href":"https:\/\/www.pompes-funebres-santilly.com\/fr\/wp-json\/wp\/v2\/pages\/7223","targetHints":{"allow":["GET"]}}],"collection":[{"href":"https:\/\/www.pompes-funebres-santilly.com\/fr\/wp-json\/wp\/v2\/pages"}],"about":[{"href":"https:\/\/www.pompes-funebres-santilly.com\/fr\/wp-json\/wp\/v2\/types\/page"}],"author":[{"embeddable":true,"href":"https:\/\/www.pompes-funebres-santilly.com\/fr\/wp-json\/wp\/v2\/users\/1"}],"replies":[{"embeddable":true,"href":"https:\/\/www.pompes-funebres-santilly.com\/fr\/wp-json\/wp\/v2\/comments?post=7223"}],"version-history":[{"count":37,"href":"https:\/\/www.pompes-funebres-santilly.com\/fr\/wp-json\/wp\/v2\/pages\/7223\/revisions"}],"predecessor-version":[{"id":36330,"href":"https:\/\/www.pompes-funebres-santilly.com\/fr\/wp-json\/wp\/v2\/pages\/7223\/revisions\/36330"}],"wp:attachment":[{"href":"https:\/\/www.pompes-funebres-santilly.com\/fr\/wp-json\/wp\/v2\/media?parent=7223"}],"curies":[{"name":"wp","href":"https:\/\/api.w.org\/{rel}","templated":true}]}}