{"id":3,"date":"2019-12-10T17:26:21","date_gmt":"2019-12-10T16:26:21","guid":{"rendered":"http:\/\/www.pompes-funebres-santilly.com\/fr\/?page_id=3"},"modified":"2020-02-25T13:48:30","modified_gmt":"2020-02-25T12:48:30","slug":"politique-de-confidentialite","status":"publish","type":"page","link":"https:\/\/www.pompes-funebres-santilly.com\/fr\/politique-de-confidentialite\/","title":{"rendered":"Politique de confidentialit\u00e9"},"content":{"rendered":"<p>[vc_row][vc_column][vc_column_text bb_tab_container=\u00a0\u00bb\u00a0\u00bb]<\/p>\n<h1 class=\"wp-block-heading\">Politique de confidentialit\u00e9<\/h1>\n<p><strong>Politique de protection des donn\u00e9es personnelles<\/strong><\/p>\n<p>&nbsp;<\/p>\n<p>Le R\u00e8glement G\u00e9n\u00e9ral de Protection des donn\u00e9es (RGPD) entrant en vigueur le 25 mai 2018, d\u00e9finit les principes \u00e0 respecter lors de la collecte, du traitement et de la conservation de donn\u00e9es personnelles. Ils garantissent aussi les droits pour les personnes concern\u00e9es.<\/p>\n<p>Notre site propose plusieurs formulaires afin de collecter les donn\u00e9es d\u2019un visiteur ou d\u2019un candidat.<\/p>\n<p><strong>1.Objectif<\/strong><\/p>\n<p>Le recueil des donn\u00e9es sur le site de ETS Santilly a pour objectif de constituer un fichier de gestion des prospects et clients ou candidats de notre soci\u00e9t\u00e9. Notre fichier est utilis\u00e9 et optimis\u00e9 \u00e0 des fins statistiques, pour contacter et\/ou proposer des contenus pertinents et de qualit\u00e9 aux personnes qui le d\u00e9sirent. Nos formulaires ont pour objectif soit une demande de contact, soit une demande de devis, soit une inscription \u00e0 notre newsletter.<\/p>\n<p>Si vous communiquer un CV ou une candidature spontan\u00e9e en ligne, nous utiliserons vos donn\u00e9es personnelles pour des utilisations relatives au recrutement.<\/p>\n<p>&nbsp;<\/p>\n<p><strong>2. Pertinence des donn\u00e9es<\/strong><\/p>\n<p>Afin de suivre au mieux l\u2019int\u00e9r\u00eat port\u00e9 par les prospects et clients et candidats de ETS Santilly, le fichier recueille toutes informations des visiteurs du site www.pompes-funebres-santilly.com relatives \u00e0 l\u2019identit\u00e9, informations professionnelles et son activit\u00e9 sur le site www.pompes-funebres-santilly.com. Conform\u00e9ment \u00e0 la loi informatique et libert\u00e9s, les informations relevant des origines raciales ou ethniques, des opinions politiques, philosophiques ou religieuses, de l\u2019appartenance syndicale, de la sant\u00e9 ou de la vie sexuelle d\u2019une personne ne sont pas collect\u00e9es et sont interdites (donn\u00e9es sensibles).<\/p>\n<p>&nbsp;<\/p>\n<p><strong>3. Lic\u00e9it\u00e9 du traitement et conditions applicables au consentement (art 6 et 7 du RGPD)<\/strong><\/p>\n<p>Le consentement du traitement de donn\u00e9es \u00e0 caract\u00e8re personnelle d\u2019un visiteur est syst\u00e9matiquement obtenu pour une ou plusieurs finalit\u00e9s sp\u00e9cifiques. Par exemple, lors de la saisie d\u2019un formulaire d\u2019inscription \u00e0 la newsletter ou de t\u00e9l\u00e9chargement d\u2019une livre blanc ou d\u2019une infographie, l\u2019obtention de l\u2019adresse email du visiteur a pour but de lui adresser une notification lors de nouvelles publications ou de lui proposer des ressources susceptibles de l\u2019int\u00e9resser. Lors du d\u00e9p\u00f4t d\u2019une candidature, l\u2019obtention de l\u2019adresse postale, du t\u00e9l\u00e9phone et de l\u2019adresse email du candidat a pour but de prendre contact soit par courrier \u00e9lectronique, par t\u00e9l\u00e9phone ou par courrier postal.<\/p>\n<p>&nbsp;<\/p>\n<p><strong>4. Conservation des donn\u00e9es<\/strong><\/p>\n<p>Les donn\u00e9es recueillies sur le site www.pompes-funebres-santilly.com sont conserv\u00e9es pour une dur\u00e9e maximale de 12 mois pour les contacts anonymes, apr\u00e8s la derni\u00e8re activit\u00e9 sur le site web par la personne. En revanche, pour les contacts identifi\u00e9s hors recrutement, les donn\u00e9es recueillies sur le site www.pompes-funebres-santilly.com sont conserv\u00e9es pour une dur\u00e9e maximale de 36 mois. \u00c0 l\u2019issue de ces p\u00e9riodes, toutes les donn\u00e9es relatives \u00e0 la personne seront automatiquement supprim\u00e9es. En mati\u00e8re de recrutement sauf demande contraire de votre part, ETS Santilly pourra conserver pendant un certain temps vos donn\u00e9es personnelles dans ses dossiers pour \u00e9ventuellement vous contacter dans le futur pour d\u2019autres opportunit\u00e9s d\u2019emploi chez ETS Santilly.<\/p>\n<p>&nbsp;<\/p>\n<p><strong>5. Droit des personnes<\/strong><\/p>\n<p>Conform\u00e9ment \u00e0 la loi informatique et libert\u00e9s et au RGPD, toute personne peut exercer son droit d\u2019acc\u00e8s, de rectification, d\u2019opposition, \u00e0 la limitation des traitements, \u00e0 la suppression et la portabilit\u00e9 des donn\u00e9es le concernant en faisant la demande par courrier sign\u00e9 et accompagn\u00e9 de la copie d\u2019une pi\u00e8ce d\u2019identit\u00e9 \u00e0 l\u2019adresse du si\u00e8ge social de ETS SANTILLY, SOCI\u00c9T\u00c9 PROFESSIONNELLE OUVRI\u00c8RE, 10 RUE DES POMMIERS, 93500 PANTIN. Le responsable du traitement, Baptiste Santilly effectuera une r\u00e9ponse au plus tard dans le mois suivant la demande d\u2019acc\u00e8s ou de rectification.<\/p>\n<p>&nbsp;<\/p>\n<p><strong>6. S\u00e9curit\u00e9 des donn\u00e9es et traitements (Art 32 du RGPD)<\/strong><\/p>\n<p>ETS Santilly s\u2019engage \u00e0 assurer la confidentialit\u00e9 des donn\u00e9es collect\u00e9es, et \u00e0 mettre en \u0153uvre toutes les mesures techniques et organisationnelles adapt\u00e9es pour pr\u00e9server leur s\u00e9curit\u00e9 et leur int\u00e9grit\u00e9, notamment contre la perte accidentelle, l\u2019alt\u00e9ration, la diffusion ou l\u2019acc\u00e8s non autoris\u00e9.<\/p>\n<p>D\u2019une fa\u00e7on g\u00e9n\u00e9rale, ETS Santilly s\u2019engage \u00e0 utiliser les donn\u00e9es collect\u00e9es dans le strict respect de la l\u00e9gislation en vigueur, et notamment de R\u00e8glement (UE) 2016\/679 du Parlement europ\u00e9en et du Conseil du 27 avril 2016 relatif \u00e0 la protection des personnes physiques \u00e0 l\u2019\u00e9gard du traitement des donn\u00e9es \u00e0 caract\u00e8re personnel et \u00e0 la libre circulation de ces donn\u00e9es, dit RGPD.<\/p>\n<p>&nbsp;<\/p>\n<p><strong>7. Atteinte aux donn\u00e9es et communication sous 72h (art 33 et 34 du RGPD)<\/strong><\/p>\n<p>En cas de violation ou suspicion de violation de donn\u00e9es \u00e0 caract\u00e8re personnel, ETS Santilly notifiera la CNIL, 72h au plus tard, apr\u00e8s en avoir pris connaissance.<\/p>\n<p>&nbsp;<\/p>\n<p><strong>8. Politique de gestion des cookies<\/strong><\/p>\n<p>Cette rubrique \u00ab COOKIES \u00bb vous permet d\u2019en savoir plus sur l\u2019origine et l\u2019usage des informations de navigation trait\u00e9es \u00e0 l\u2019occasion de votre consultation de notre site et sur vos droits.<\/p>\n<p>Ainsi, lors de la consultation de notre site, des informations relatives \u00e0 votre navigation sont susceptibles d\u2019\u00eatre enregistr\u00e9es dans des fichiers \u00ab Cookies \u00bb install\u00e9s sur votre terminal (ordinateur, tablette, smartphone, etc.).<\/p>\n<p>Ces cookies sont \u00e9mis par nous-m\u00eames dans le but de faciliter votre navigation sur notre site. Ils peuvent \u00eatre \u00e9mis par des partenaires afin de personnaliser l\u2019offre publicitaire qui vous est adress\u00e9e en dehors de notre site.<\/p>\n<p>Sachez que seul l\u2019\u00e9metteur d\u2019un cookie est susceptible de lire ou de modifier des informations qui y sont contenues. Si vous partagez l\u2019utilisation de votre terminal avec d\u2019autres personnes, nous ne pouvons pas nous assurer de mani\u00e8re certaine que les services et publicit\u00e9s destin\u00e9s \u00e0 votre terminal correspondent bien \u00e0 votre propre utilisation de ce terminal et non \u00e0 celle d\u2019un autre utilisateur de ce terminal.<\/p>\n<p>&nbsp;<\/p>\n<p><strong>8.1. Les cookies que nous \u00e9mettons.<\/strong><\/p>\n<p>Les cookies que nous installons, dans votre terminal, nous permettent de reconna\u00eetre votre navigateur lorsque vous vous connectez \u00e0 notre site. Soucieux de servir nos clients au mieux, nous \u00e9mettons des cookies afin :<\/p>\n<p>\u2013 D\u2019\u00e9tablir des statistiques de fr\u00e9quentation (nombre de visites, de pages vues, d\u2019abandon dans le processus de saisie de formulaire, etc.) pour suivre et am\u00e9liorer la qualit\u00e9 de nos services<\/p>\n<p>\u2013 D\u2019adapter la pr\u00e9sentation de notre site aux pr\u00e9f\u00e9rences d\u2019affichage de votre terminal<\/p>\n<p>\u2013 De m\u00e9moriser des informations saisies dans nos formulaires, g\u00e9rer et s\u00e9curiser l\u2019acc\u00e8s \u00e0 des espaces r\u00e9serv\u00e9s et personnels tels que votre compte, g\u00e9rer votre commande- De vous fournir du contenu en rapport avec vos centres d\u2019int\u00e9r\u00eats et de personnaliser les offres que nous vous adressons<\/p>\n<p>&nbsp;<\/p>\n<p><strong>8.2 Les Cookies tiers<\/strong><\/p>\n<p>Lorsque vous acc\u00e9dez \u00e0 notre site internet, un ou plusieurs cookies de soci\u00e9t\u00e9s partenaires (cookies tiers) sont susceptibles d\u2019\u00eatre plac\u00e9s dans votre ordinateur via les pages de notre site.<\/p>\n<p>L\u2019\u00e9mission et l\u2019utilisation de cookies par des tiers, sont soumises aux politiques de protection de la vie priv\u00e9e de ces tiers. Nous n\u2019avons ni acc\u00e8s et ni contr\u00f4le sur les cookies tiers. Toutefois nous veillons \u00e0 ce que les soci\u00e9t\u00e9s partenaires traitent les informations collect\u00e9es sur les sites ETS Santilly exclusivement pour les besoins de ETS Santilly et dans le respect de la loi \u00ab Informatique et Libert\u00e9s \u00bb et du RGPD. Nous vous informons que vous pouvez refuser les cookies tiers par un param\u00e9trage appropri\u00e9 de votre navigateur. Ces cookies sont d\u00e9pos\u00e9s par les prestataires auxquels nous faisons appel pour promouvoir nos activit\u00e9s et nos offres. Ils ont pour objet d\u2019identifier les produits consult\u00e9s ou achet\u00e9s sur notre site afin de personnaliser l\u2019offre publicitaire qui vous est adress\u00e9e en dehors des sites ETS Santilly, de vous adresser, si vous l\u2019avez autoris\u00e9 lors de votre inscription aupr\u00e8s de ces prestataires, des offres ETS Santilly par email.<\/p>\n<p>&nbsp;<\/p>\n<p><strong>8.3 Vos choix concernant les cookies<\/strong><\/p>\n<p>Plusieurs possibilit\u00e9s vous sont offertes pour g\u00e9rer les cookies. Tout param\u00e9trage que vous pouvez entreprendre sera susceptible de modifier votre navigation sur Internet et vos conditions d\u2019acc\u00e8s \u00e0 certains services n\u00e9cessitant l\u2019utilisation de Cookies. Vous pouvez exprimer et modifier \u00e0 tout moment vos souhaits en mati\u00e8re de cookies, par les moyens d\u00e9crits ci-dessous.<\/p>\n<p>&nbsp;<\/p>\n<p><strong>8.3.1 Les choix qui vous sont offerts par votre logiciel de navigation :<\/strong><\/p>\n<p>Vous pouvez configurer votre logiciel de navigation de mani\u00e8re \u00e0 ce que des cookies soient enregistr\u00e9s dans votre terminal ou, au contraire, qu\u2019ils soient rejet\u00e9s, soit syst\u00e9matiquement, soit selon leur \u00e9metteur. Vous pouvez \u00e9galement configurer votre logiciel de navigation de mani\u00e8re \u00e0 ce que l\u2019acceptation ou le refus des cookies vous soient propos\u00e9s ponctuellement, avant qu\u2019un cookie soit susceptible d\u2019\u00eatre enregistr\u00e9 dans votre terminal. Nous vous informons que si votre navigateur est configur\u00e9 de mani\u00e8re \u00e0 refuser tous les cookies, vous ne pourrez pas effectuer de r\u00e9servation ou profiter de fonctions essentielles de notre site. Nous vous invitons \u00e0 param\u00e9trer votre navigateur au mieux. La configuration de chaque navigateur est diff\u00e9rente.<\/p>\n<p>&nbsp;<\/p>\n<p>Param\u00e9trage de votre navigateur :<\/p>\n<p>\u2013 Pour Chrome : https:\/\/support.google.com\/chrome\/answer\/95647?hl=fr&amp;hlrm=en<\/p>\n<p>\u2013 Pour Internet Explorer : https:\/\/windows.microsoft.com\/fr-FR\/windows-vista\/Block-or-allow-Cookies<\/p>\n<p>\u2013 Pour FireFox : https:\/\/support.mozilla.org\/fr\/kb\/cookies-informations-sites-enregistrent?redirectlocale=fr&amp;redirectslug=G%C3%A9rer+les+cookies<\/p>\n<p>\u2013 Pour Op\u00e9ra : <a href=\"http:\/\/help.opera.com\/Windows\/10.20\/fr\/cookies.html\">http:\/\/help.opera.com\/Windows\/10.20\/fr\/cookies.html<\/a><\/p>\n<p>&nbsp;<\/p>\n<p><strong>8.3.2 Vos choix exprim\u00e9s en ligne aupr\u00e8s de plateformes interprofessionnelles<\/strong><\/p>\n<p>Vous pouvez vous connecter au site Youronlinechoices, propos\u00e9 par les professionnels de la publicit\u00e9 digitale regroup\u00e9s au sein de l\u2019association europ\u00e9enne EDAA (European Digital Advertising Alliance) et g\u00e9r\u00e9 en France par l\u2019Interactive Advertising Bureau France. Cette plateforme europ\u00e9enne est partag\u00e9e par des centaines de professionnels de la publicit\u00e9 sur Internet et constitue une interface centralis\u00e9e vous permettant d\u2019exprimer votre refus ou votre acceptation des cookies utilis\u00e9s afin d\u2019adapter les publicit\u00e9s \u00e0 la navigation de votre terminal. Par ailleurs, les plateformes suivantes : IAB opt-out platform, Network Advertising Initiative opt-out platform, Digital Advertising Alliance platform, vous permettent \u00e9galement d\u2019exprimer vos choix aupr\u00e8s de tous les acteurs int\u00e9gr\u00e9s \u00e0 ces plateformes.<\/p>\n<p>Notez que cette proc\u00e9dure n\u2019emp\u00eachera pas l\u2019affichage de publicit\u00e9s sur les sites Internet que vous visitez. Elle ne bloquera que les technologies qui permettent d\u2019adapter des publicit\u00e9s \u00e0 vos centres d\u2019int\u00e9r\u00eats.<\/p>\n<p>Google : Les fonctionnalit\u00e9s de Google Analytics pour les annonceurs display sont activ\u00e9es sur ce site (Remarketing). Google utilise des cookies pour diffuser nos annonces sur les sites de son R\u00e9seau Display. Gr\u00e2ce au cookie DoubleClick, Google adapte les annonces diffus\u00e9es aux utilisateurs en fonction de leur navigation sur notre site.<\/p>\n<p>\u2013 Les liens Opt-out pour les cookies de mesure d\u2019audience (statistiques)<\/p>\n<p>Pour les cookies d\u00e9pos\u00e9s par Google Analytics : <a href=\"https:\/\/support.google.com\/analytics\/answer\/181881\">https:\/\/support.google.com\/analytics\/answer\/181881<\/a><\/p>\n<p>&nbsp;<\/p>\n<p>\u2013 Les liens Opt-out pour les cookies de partage<\/p>\n<p>Pour les cookies d\u00e9pos\u00e9s par Facebook : https:\/\/fr-fr.facebook.com\/help\/cookies<\/p>\n<p>Pour les cookies d\u00e9pos\u00e9s par Twitter : https:\/\/support.twitter.com\/articles\/20170518-utilisation-des-cookies-et-des-technologies-similaires-par-twitter<\/p>\n<p>Pour plus d\u2019information sur les cookies, vous pouvez vous rendre sur le site de la CNIL, \u00e0 cette adresse : https:\/\/www.cnil.fr\/vos-droits\/vos-traces\/les-cookies\/<\/p>\n<p>&nbsp;<\/p>\n<p><strong>A quoi servent nos cookies ?<\/strong><\/p>\n<p>\u2013 Google : Ce site utilise des cookies publicitaires et de mesure d\u2019audience Google afin d\u2019afficher des annonces publicitaires personnalis\u00e9es (ciblage et reciblage publicitaire), mesurer l\u2019efficacit\u00e9 de ces campagnes et analyser le fonctionnement du site.<\/p>\n<p>\u2013 Bing : Ce site utilise des cookies publicitaires Bing Ads afin d\u2019afficher des annonces publicitaires personnalis\u00e9es (ciblage et reciblage publicitaire), et mesurer l\u2019efficacit\u00e9 de ces campagnes.<\/p>\n<p>\u2013 Linkedin : Ce site utilise des cookies publicitaires et de mesure d\u2019audience Linkedin afin d\u2019afficher des annonces publicitaires personnalis\u00e9es (ciblage et reciblage publicitaire), mesurer l\u2019efficacit\u00e9 de ces campagnes et analyser le fonctionnement du site.<\/p>\n<p>\u2013 Twitter : Ce site utilise des cookies publicitaires et de mesure d\u2019audience Twitter afin d\u2019afficher des annonces publicitaires personnalis\u00e9es (ciblage et reciblage publicitaire), mesurer l\u2019efficacit\u00e9 de ces campagnes et analyser le fonctionnement du site.<\/p>\n<p>\u2013 Facebook : Ce site utilise des cookies publicitaires et de mesure d\u2019audience Facebook afin d\u2019afficher des annonces publicitaires personnalis\u00e9es (ciblage et reciblage publicitaire), mesurer l\u2019efficacit\u00e9 de ces campagnes et analyser le fonctionnement du site.<\/p>\n<p>\u2013 AddThis : Ce site utilise des cookies de mesure d\u2019audience AddThis afin d\u2019analyser le fonctionnement du site et mesurer les actions de partage sur les r\u00e9seaux sociaux.<\/p>\n<p>&nbsp;<\/p>\n<p><strong>9 Liens externes<\/strong><\/p>\n<p>Le site www.pompes-funebres-santilly.com pointe vers de nombreux autres sites web. ETS Santilly ne peut en aucun cas \u00eatre tenu pour responsable des contenus et politique de confidentialit\u00e9 de ces sites. ETS Santilly ne saurait non plus \u00eatre tenu pour responsable d\u2019\u00e9ventuels dommages directs ou indirects qui d\u00e9couleraient de leur utilisation : en particulier de l\u2019acc\u00e8s \u00e0 ces sites et aux sites li\u00e9s \u00e0 ces sites, et des dommages, non limitatifs, pr\u00e9judices financier ou commercial, perte d\u2019exploitation, perte de donn\u00e9es, et cela m\u00eame si nous avons pu en \u00eatre avis\u00e9 pr\u00e9alablement.<\/p>\n<p>[\/vc_column_text][\/vc_column][\/vc_row]<\/p>\n","protected":false},"excerpt":{"rendered":"<p>[vc_row][vc_column][vc_column_text bb_tab_container=\u00a0\u00bb\u00a0\u00bb] Politique de confidentialit\u00e9 Politique de protection des donn\u00e9es personnelles &nbsp; Le R\u00e8glement G\u00e9n\u00e9ral de Protection des donn\u00e9es (RGPD) entrant en vigueur le 25 mai 2018, d\u00e9finit les principes \u00e0 respecter lors de la collecte, du traitement et de la conservation de donn\u00e9es personnelles. Ils garantissent aussi les droits pour les personnes concern\u00e9es. Notre [&hellip;]<\/p>\n","protected":false},"author":1,"featured_media":0,"parent":0,"menu_order":0,"comment_status":"closed","ping_status":"open","template":"","meta":{"_acf_changed":false,"footnotes":""},"class_list":["post-3","page","type-page","status-publish","hentry"],"acf":false,"yoast_head":"<!-- This site is optimized with the Yoast SEO plugin v26.5 - https:\/\/yoast.com\/wordpress\/plugins\/seo\/ -->\n<title>Politique de confidentialit\u00e9 - Pompes Fun\u00e8bres Santilly<\/title>\n<meta name=\"robots\" content=\"index, follow, max-snippet:-1, max-image-preview:large, max-video-preview:-1\" \/>\n<link rel=\"canonical\" href=\"https:\/\/www.pompes-funebres-santilly.com\/fr\/politique-de-confidentialite\/\" \/>\n<meta property=\"og:locale\" content=\"fr_FR\" \/>\n<meta property=\"og:type\" content=\"article\" \/>\n<meta property=\"og:title\" content=\"Politique de confidentialit\u00e9 - Pompes Fun\u00e8bres Santilly\" \/>\n<meta property=\"og:description\" content=\"[vc_row][vc_column][vc_column_text bb_tab_container=\u00a0\u00bb\u00a0\u00bb] Politique de confidentialit\u00e9 Politique de protection des donn\u00e9es personnelles &nbsp; Le R\u00e8glement G\u00e9n\u00e9ral de Protection des donn\u00e9es (RGPD) entrant en vigueur le 25 mai 2018, d\u00e9finit les principes \u00e0 respecter lors de la collecte, du traitement et de la conservation de donn\u00e9es personnelles. Ils garantissent aussi les droits pour les personnes concern\u00e9es. Notre [&hellip;]\" \/>\n<meta property=\"og:url\" content=\"https:\/\/www.pompes-funebres-santilly.com\/fr\/politique-de-confidentialite\/\" \/>\n<meta property=\"og:site_name\" content=\"Pompes Fun\u00e8bres Santilly\" \/>\n<meta property=\"article:modified_time\" content=\"2020-02-25T12:48:30+00:00\" \/>\n<meta name=\"twitter:card\" content=\"summary_large_image\" \/>\n<meta name=\"twitter:label1\" content=\"Dur\u00e9e de lecture est.\" \/>\n\t<meta name=\"twitter:data1\" content=\"11 minutes\" \/>\n<script type=\"application\/ld+json\" class=\"yoast-schema-graph\">{\"@context\":\"https:\/\/schema.org\",\"@graph\":[{\"@type\":\"WebPage\",\"@id\":\"https:\/\/www.pompes-funebres-santilly.com\/fr\/politique-de-confidentialite\/\",\"url\":\"https:\/\/www.pompes-funebres-santilly.com\/fr\/politique-de-confidentialite\/\",\"name\":\"Politique de confidentialit\u00e9 - Pompes Fun\u00e8bres Santilly\",\"isPartOf\":{\"@id\":\"https:\/\/www.pompes-funebres-santilly.com\/fr\/#website\"},\"datePublished\":\"2019-12-10T16:26:21+00:00\",\"dateModified\":\"2020-02-25T12:48:30+00:00\",\"breadcrumb\":{\"@id\":\"https:\/\/www.pompes-funebres-santilly.com\/fr\/politique-de-confidentialite\/#breadcrumb\"},\"inLanguage\":\"fr-FR\",\"potentialAction\":[{\"@type\":\"ReadAction\",\"target\":[\"https:\/\/www.pompes-funebres-santilly.com\/fr\/politique-de-confidentialite\/\"]}]},{\"@type\":\"BreadcrumbList\",\"@id\":\"https:\/\/www.pompes-funebres-santilly.com\/fr\/politique-de-confidentialite\/#breadcrumb\",\"itemListElement\":[{\"@type\":\"ListItem\",\"position\":1,\"name\":\"Accueil\",\"item\":\"https:\/\/www.pompes-funebres-santilly.com\/fr\/\"},{\"@type\":\"ListItem\",\"position\":2,\"name\":\"Politique de confidentialit\u00e9\"}]},{\"@type\":\"WebSite\",\"@id\":\"https:\/\/www.pompes-funebres-santilly.com\/fr\/#website\",\"url\":\"https:\/\/www.pompes-funebres-santilly.com\/fr\/\",\"name\":\"Pompes Fun\u00e8bres Santilly\",\"description\":\"\",\"publisher\":{\"@id\":\"https:\/\/www.pompes-funebres-santilly.com\/fr\/#organization\"},\"potentialAction\":[{\"@type\":\"SearchAction\",\"target\":{\"@type\":\"EntryPoint\",\"urlTemplate\":\"https:\/\/www.pompes-funebres-santilly.com\/fr\/?s={search_term_string}\"},\"query-input\":{\"@type\":\"PropertyValueSpecification\",\"valueRequired\":true,\"valueName\":\"search_term_string\"}}],\"inLanguage\":\"fr-FR\"},{\"@type\":\"Organization\",\"@id\":\"https:\/\/www.pompes-funebres-santilly.com\/fr\/#organization\",\"name\":\"LCF Santilly\",\"url\":\"https:\/\/www.pompes-funebres-santilly.com\/fr\/\",\"logo\":{\"@type\":\"ImageObject\",\"inLanguage\":\"fr-FR\",\"@id\":\"https:\/\/www.pompes-funebres-santilly.com\/fr\/#\/schema\/logo\/image\/\",\"url\":\"https:\/\/www.pompes-funebres-santilly.com\/wp-content\/uploads\/2019\/12\/logo-1.png\",\"contentUrl\":\"https:\/\/www.pompes-funebres-santilly.com\/wp-content\/uploads\/2019\/12\/logo-1.png\",\"width\":433,\"height\":115,\"caption\":\"LCF Santilly\"},\"image\":{\"@id\":\"https:\/\/www.pompes-funebres-santilly.com\/fr\/#\/schema\/logo\/image\/\"}}]}<\/script>\n<!-- \/ Yoast SEO plugin. -->","yoast_head_json":{"title":"Politique de confidentialit\u00e9 - Pompes Fun\u00e8bres Santilly","robots":{"index":"index","follow":"follow","max-snippet":"max-snippet:-1","max-image-preview":"max-image-preview:large","max-video-preview":"max-video-preview:-1"},"canonical":"https:\/\/www.pompes-funebres-santilly.com\/fr\/politique-de-confidentialite\/","og_locale":"fr_FR","og_type":"article","og_title":"Politique de confidentialit\u00e9 - Pompes Fun\u00e8bres Santilly","og_description":"[vc_row][vc_column][vc_column_text bb_tab_container=\u00a0\u00bb\u00a0\u00bb] Politique de confidentialit\u00e9 Politique de protection des donn\u00e9es personnelles &nbsp; Le R\u00e8glement G\u00e9n\u00e9ral de Protection des donn\u00e9es (RGPD) entrant en vigueur le 25 mai 2018, d\u00e9finit les principes \u00e0 respecter lors de la collecte, du traitement et de la conservation de donn\u00e9es personnelles. Ils garantissent aussi les droits pour les personnes concern\u00e9es. Notre [&hellip;]","og_url":"https:\/\/www.pompes-funebres-santilly.com\/fr\/politique-de-confidentialite\/","og_site_name":"Pompes Fun\u00e8bres Santilly","article_modified_time":"2020-02-25T12:48:30+00:00","twitter_card":"summary_large_image","twitter_misc":{"Dur\u00e9e de lecture est.":"11 minutes"},"schema":{"@context":"https:\/\/schema.org","@graph":[{"@type":"WebPage","@id":"https:\/\/www.pompes-funebres-santilly.com\/fr\/politique-de-confidentialite\/","url":"https:\/\/www.pompes-funebres-santilly.com\/fr\/politique-de-confidentialite\/","name":"Politique de confidentialit\u00e9 - Pompes Fun\u00e8bres Santilly","isPartOf":{"@id":"https:\/\/www.pompes-funebres-santilly.com\/fr\/#website"},"datePublished":"2019-12-10T16:26:21+00:00","dateModified":"2020-02-25T12:48:30+00:00","breadcrumb":{"@id":"https:\/\/www.pompes-funebres-santilly.com\/fr\/politique-de-confidentialite\/#breadcrumb"},"inLanguage":"fr-FR","potentialAction":[{"@type":"ReadAction","target":["https:\/\/www.pompes-funebres-santilly.com\/fr\/politique-de-confidentialite\/"]}]},{"@type":"BreadcrumbList","@id":"https:\/\/www.pompes-funebres-santilly.com\/fr\/politique-de-confidentialite\/#breadcrumb","itemListElement":[{"@type":"ListItem","position":1,"name":"Accueil","item":"https:\/\/www.pompes-funebres-santilly.com\/fr\/"},{"@type":"ListItem","position":2,"name":"Politique de confidentialit\u00e9"}]},{"@type":"WebSite","@id":"https:\/\/www.pompes-funebres-santilly.com\/fr\/#website","url":"https:\/\/www.pompes-funebres-santilly.com\/fr\/","name":"Pompes Fun\u00e8bres Santilly","description":"","publisher":{"@id":"https:\/\/www.pompes-funebres-santilly.com\/fr\/#organization"},"potentialAction":[{"@type":"SearchAction","target":{"@type":"EntryPoint","urlTemplate":"https:\/\/www.pompes-funebres-santilly.com\/fr\/?s={search_term_string}"},"query-input":{"@type":"PropertyValueSpecification","valueRequired":true,"valueName":"search_term_string"}}],"inLanguage":"fr-FR"},{"@type":"Organization","@id":"https:\/\/www.pompes-funebres-santilly.com\/fr\/#organization","name":"LCF Santilly","url":"https:\/\/www.pompes-funebres-santilly.com\/fr\/","logo":{"@type":"ImageObject","inLanguage":"fr-FR","@id":"https:\/\/www.pompes-funebres-santilly.com\/fr\/#\/schema\/logo\/image\/","url":"https:\/\/www.pompes-funebres-santilly.com\/wp-content\/uploads\/2019\/12\/logo-1.png","contentUrl":"https:\/\/www.pompes-funebres-santilly.com\/wp-content\/uploads\/2019\/12\/logo-1.png","width":433,"height":115,"caption":"LCF Santilly"},"image":{"@id":"https:\/\/www.pompes-funebres-santilly.com\/fr\/#\/schema\/logo\/image\/"}}]}},"_links":{"self":[{"href":"https:\/\/www.pompes-funebres-santilly.com\/fr\/wp-json\/wp\/v2\/pages\/3","targetHints":{"allow":["GET"]}}],"collection":[{"href":"https:\/\/www.pompes-funebres-santilly.com\/fr\/wp-json\/wp\/v2\/pages"}],"about":[{"href":"https:\/\/www.pompes-funebres-santilly.com\/fr\/wp-json\/wp\/v2\/types\/page"}],"author":[{"embeddable":true,"href":"https:\/\/www.pompes-funebres-santilly.com\/fr\/wp-json\/wp\/v2\/users\/1"}],"replies":[{"embeddable":true,"href":"https:\/\/www.pompes-funebres-santilly.com\/fr\/wp-json\/wp\/v2\/comments?post=3"}],"version-history":[{"count":0,"href":"https:\/\/www.pompes-funebres-santilly.com\/fr\/wp-json\/wp\/v2\/pages\/3\/revisions"}],"wp:attachment":[{"href":"https:\/\/www.pompes-funebres-santilly.com\/fr\/wp-json\/wp\/v2\/media?parent=3"}],"curies":[{"name":"wp","href":"https:\/\/api.w.org\/{rel}","templated":true}]}}