{"id":25447,"date":"2020-10-16T14:42:29","date_gmt":"2020-10-16T12:42:29","guid":{"rendered":"https:\/\/www.pompes-funebres-santilly.com\/?page_id=25447"},"modified":"2023-09-18T10:44:48","modified_gmt":"2023-09-18T08:44:48","slug":"questions-frequentes","status":"publish","type":"page","link":"https:\/\/www.pompes-funebres-santilly.com\/fr\/questions-frequentes\/","title":{"rendered":"Questions fr\u00e9quentes"},"content":{"rendered":"<p>[vc_row css=\u00a0\u00bb.vc_custom_1603275928123{margin-bottom: 30px !important;}\u00a0\u00bb][vc_column][vc_column_text]<\/p>\n<h1>Questions Fr\u00e9quentes<\/h1>\n<p>[\/vc_column_text][vc_column_text bb_tab_container=\u00a0\u00bb\u00a0\u00bb]<\/p>\n<p class=\"p1\"><span style=\"font-weight: 400;\">Lorsque l\u2019on fait face \u00e0 un d\u00e9c\u00e8s, il est normal de se poser de nombreuses questions et de se sentir d\u00e9muni face aux d\u00e9marches \u00e0 entreprendre. D\u00e9couvrez ici les r\u00e9ponses aux questions les plus fr\u00e9quentes. <\/span><\/p>\n<p class=\"p1\"><span style=\"font-weight: 400;\">Vous n\u2019avez pas trouv\u00e9 la r\u00e9ponse \u00e0 vos questions ? <a href=\"https:\/\/www.pompes-funebres-santilly.com\/fr\/nous-contacter\/\"><strong>Contactez<\/strong><\/a> d\u00e8s \u00e0 pr\u00e9sent un membre de notre \u00e9quipe.\u00a0 <\/span><\/p>\n<p>[\/vc_column_text][vc_column_text][\/vc_column_text][vc_row_inner][vc_column_inner][vc_column_text][\/vc_column_text][vc_column_text]\r\n    <div class=\"container-fluid to_moove\">\r\n\r\n        <div class=\"row\">\r\n    \r\n            <div class=\"col-md\">\r\n    \r\n            \r\n\r\n                <div class=\"card question\" data-cat=\"Mieux nous conna\u00eetre\">\r\n\r\n                <div class=\"container\">\r\n                    <div class=\"card-header spacer-card-faq arrow question_trigger\" data-toggle=\"collapse\" data-target=\"#collapse_0\" aria-expanded=\"false\" aria-controls=\"collapseExample\">\r\n                        <h3 class=\"card-title\">\r\n                            Quels services proposent les \u00e9tablissements Santilly ?                        <\/h3>\r\n                        <img decoding=\"async\" class=\"arrow-icon\" src=\"https:\/\/www.pompes-funebres-santilly.com\/wp-content\/themes\/geschaft-child\/images\/Arrow.png\" width=\"30\" height=\"30\" alt=\"arrow bottom\" \/>\r\n\r\n\r\n                    <\/div>\r\n    \r\n                    <div class=\"content collapse card-body\" id=\"collapse_0\">\r\n                        <p>Entreprise de pompes fun\u00e8bres, les \u00c9tablissements SANTILLY vous accompagnent lors de l\u2019organisation des obs\u00e8ques de vos proches. Pour honorer leur m\u00e9moire, ils r\u00e9alisent \u00e0 votre demande des projets en marbrerie et vous proposent des accessoires pour leur tombe. Ils vous conseillent au plus pr\u00e8s de vos attentes dans le cadre de contrats pr\u00e9voyance.<\/p>\n                    <\/div>\r\n                <\/div>\r\n\r\n                <\/div>\r\n\r\n\r\n\r\n    \r\n            \r\n\r\n                <div class=\"card question\" data-cat=\"Mieux nous conna\u00eetre\">\r\n\r\n                <div class=\"container\">\r\n                    <div class=\"card-header spacer-card-faq arrow question_trigger\" data-toggle=\"collapse\" data-target=\"#collapse_1\" aria-expanded=\"false\" aria-controls=\"collapseExample\">\r\n                        <h3 class=\"card-title\">\r\n                            Partagez-vous des engagements communs ?                        <\/h3>\r\n                        <img decoding=\"async\" class=\"arrow-icon\" src=\"https:\/\/www.pompes-funebres-santilly.com\/wp-content\/themes\/geschaft-child\/images\/Arrow.png\" width=\"30\" height=\"30\" alt=\"arrow bottom\" \/>\r\n\r\n\r\n                    <\/div>\r\n    \r\n                    <div class=\"content collapse card-body\" id=\"collapse_1\">\r\n                        <p>Nous partageons 4 engagements majeurs.<\/p>\n<p>&nbsp;<\/p>\n<p>Le respect\u00a0: dans l\u2019accompagnement des obs\u00e8ques, nous veillons \u00e0 respecter la personnalit\u00e9 du d\u00e9funt ainsi que ses derni\u00e8res volont\u00e9s tout en nous conformant aux souhaits exprim\u00e9s par ses proches pour lui rendre hommage.<\/p>\n<p>&nbsp;<\/p>\n<p>La clart\u00e9\u00a0: nous \u00e9tablissons un devis transparent et parfaitement conforme aux souhaits exprim\u00e9s et aux budgets souhait\u00e9s.<\/p>\n<p>&nbsp;<\/p>\n<p>La proximit\u00e9\u00a0: nous sommes \u00e0 la disposition de nos clients nuit et jour, 7 jours sur 7, 24H sur 24, pour les aider \u00e0 entamer les premi\u00e8res d\u00e9marches. Un ma\u00eetre de c\u00e9r\u00e9monie d\u00e9di\u00e9, professionnel d\u00e9vou\u00e9, les accompagne du d\u00e9but \u00e0 la fin de nos prestations.<\/p>\n<p>&nbsp;<\/p>\n<p>La s\u00e9r\u00e9nit\u00e9\u00a0: nous garantissons l\u2019expertise, l\u2019exp\u00e9rience et la solidit\u00e9 du Choix Fun\u00e9raire, premier r\u00e9seau de pompes fun\u00e8bres ind\u00e9pendants avec 700 points d\u2019accueil en France, au plus pr\u00e8s de nos clients.<\/p>\n                    <\/div>\r\n                <\/div>\r\n\r\n                <\/div>\r\n\r\n\r\n\r\n    \r\n            \r\n\r\n                <div class=\"card question\" data-cat=\"Mieux nous conna\u00eetre\">\r\n\r\n                <div class=\"container\">\r\n                    <div class=\"card-header spacer-card-faq arrow question_trigger\" data-toggle=\"collapse\" data-target=\"#collapse_2\" aria-expanded=\"false\" aria-controls=\"collapseExample\">\r\n                        <h3 class=\"card-title\">\r\n                            Que signifie CPFM ?                        <\/h3>\r\n                        <img decoding=\"async\" class=\"arrow-icon\" src=\"https:\/\/www.pompes-funebres-santilly.com\/wp-content\/themes\/geschaft-child\/images\/Arrow.png\" width=\"30\" height=\"30\" alt=\"arrow bottom\" \/>\r\n\r\n\r\n                    <\/div>\r\n    \r\n                    <div class=\"content collapse card-body\" id=\"collapse_2\">\r\n                        <p>Il s\u2019agit de la Conf\u00e9d\u00e9ration des Professionnels du Fun\u00e9raire et de la Marbrerie \u00e0 laquelle adh\u00e8rent les \u00e9tablissements SANTILLY. Cr\u00e9\u00e9e en 1937, la CPFM est la premi\u00e8re f\u00e9d\u00e9ration patronale du secteur fun\u00e9raire dont la mission est d\u2019accompagner l\u2019ensemble des acteurs du secteur adh\u00e9rents (toute taille, statut et activit\u00e9s confondues) dans leurs actions d\u2019information et de promotion.<\/p>\n                    <\/div>\r\n                <\/div>\r\n\r\n                <\/div>\r\n\r\n\r\n\r\n    \r\n            \r\n\r\n                <div class=\"card question\" data-cat=\"Je dois faire face \u00e0 un d\u00e9c\u00e8s\">\r\n\r\n                <div class=\"container\">\r\n                    <div class=\"card-header spacer-card-faq arrow question_trigger\" data-toggle=\"collapse\" data-target=\"#collapse_3\" aria-expanded=\"false\" aria-controls=\"collapseExample\">\r\n                        <h3 class=\"card-title\">\r\n                            Quelles sont les premi\u00e8res d\u00e9marches \u00e0 entreprendre ?                        <\/h3>\r\n                        <img decoding=\"async\" class=\"arrow-icon\" src=\"https:\/\/www.pompes-funebres-santilly.com\/wp-content\/themes\/geschaft-child\/images\/Arrow.png\" width=\"30\" height=\"30\" alt=\"arrow bottom\" \/>\r\n\r\n\r\n                    <\/div>\r\n    \r\n                    <div class=\"content collapse card-body\" id=\"collapse_3\">\r\n                        <p>Dans les 24 heures qui suivent le d\u00e9c\u00e8s, vous devez imp\u00e9rativement faire une d\u00e9claration de d\u00e9c\u00e8s au bureau d\u2019\u00e9tat civil de la mairie du lieu de d\u00e9c\u00e8s. Cette d\u00e9marche est obligatoire et indispensable pour pouvoir ensuite organiser les obs\u00e8ques.<\/p>\n<p>Le bureau d\u2019\u00e9tat civil \u00e9tablira une d\u00e9claration de d\u00e9c\u00e8s officielle, dont l\u2019acte sera consign\u00e9 sur le livret de famille. Si le d\u00e9c\u00e8s a eu lieu \u00e0 l\u2019h\u00f4pital, cette d\u00e9claration pourra \u00eatre faite par le directeur de l\u2019\u00e9tablissement.<\/p>\n<p>En tant qu\u2019entreprise de Pompes Fun\u00e8bres, les \u00e9tablissements Santilly peuvent se charger d\u2019entreprendre les premi\u00e8res d\u00e9marches en votre nom si vous le souhaitez.<\/p>\n                    <\/div>\r\n                <\/div>\r\n\r\n                <\/div>\r\n\r\n\r\n\r\n    \r\n            \r\n\r\n                <div class=\"card question\" data-cat=\"Je dois faire face \u00e0 un d\u00e9c\u00e8s\">\r\n\r\n                <div class=\"container\">\r\n                    <div class=\"card-header spacer-card-faq arrow question_trigger\" data-toggle=\"collapse\" data-target=\"#collapse_4\" aria-expanded=\"false\" aria-controls=\"collapseExample\">\r\n                        <h3 class=\"card-title\">\r\n                            Que faire si un proche d\u00e9c\u00e8de \u00e0 domicile ?                        <\/h3>\r\n                        <img decoding=\"async\" class=\"arrow-icon\" src=\"https:\/\/www.pompes-funebres-santilly.com\/wp-content\/themes\/geschaft-child\/images\/Arrow.png\" width=\"30\" height=\"30\" alt=\"arrow bottom\" \/>\r\n\r\n\r\n                    <\/div>\r\n    \r\n                    <div class=\"content collapse card-body\" id=\"collapse_4\">\r\n                        <p>Le premier r\u00e9flexe \u00e0 avoir est d\u2019appeler votre m\u00e9decin traitant (ou tout autre m\u00e9decin g\u00e9n\u00e9raliste). Lui seul est en mesure de r\u00e9diger un certificat de d\u00e9c\u00e8s. Les Ets Santilly peuvent se charger de faire la d\u00e9claration de d\u00e9c\u00e8s pour vous en mairie.<\/p>\n<p>Si vous avez une question concernant les premi\u00e8res d\u00e9marches \u00e0 entreprendre, n\u2019h\u00e9sitez pas contacter l\u2019un de nos conseillers en <a href=\"https:\/\/www.pompes-funebres-santilly.com\/fr\/nos-agences\/\">cliquant ici<\/a>.<\/p>\n                    <\/div>\r\n                <\/div>\r\n\r\n                <\/div>\r\n\r\n\r\n\r\n    \r\n            \r\n\r\n                <div class=\"card question\" data-cat=\"Je dois faire face \u00e0 un d\u00e9c\u00e8s\">\r\n\r\n                <div class=\"container\">\r\n                    <div class=\"card-header spacer-card-faq arrow question_trigger\" data-toggle=\"collapse\" data-target=\"#collapse_5\" aria-expanded=\"false\" aria-controls=\"collapseExample\">\r\n                        <h3 class=\"card-title\">\r\n                            Que faire si un proche est d\u00e9c\u00e9d\u00e9 en maison de retraite ?                        <\/h3>\r\n                        <img decoding=\"async\" class=\"arrow-icon\" src=\"https:\/\/www.pompes-funebres-santilly.com\/wp-content\/themes\/geschaft-child\/images\/Arrow.png\" width=\"30\" height=\"30\" alt=\"arrow bottom\" \/>\r\n\r\n\r\n                    <\/div>\r\n    \r\n                    <div class=\"content collapse card-body\" id=\"collapse_5\">\r\n                        <p>Dans ce cas, vous n\u2019avez pas \u00e0 appeler de m\u00e9decin. C\u2019est le m\u00e9decin de l\u2019\u00e9tablissement qui se chargera d\u2019\u00e9tablir le certificat de d\u00e9c\u00e8s dans les 24 h qui suivent le d\u00e9c\u00e8s. Les Ets Santilly peuvent se charger de faire ensuite la d\u00e9claration de d\u00e9c\u00e8s en mairie (selon le fonctionnement de l\u2019\u00e9tablissement en question).<\/p>\n<p>Si vous avez une question concernant les premi\u00e8res d\u00e9marches \u00e0 entreprendre, n\u2019h\u00e9sitez pas contacter l\u2019un de nos conseillers en <a href=\"https:\/\/www.pompes-funebres-santilly.com\/fr\/nos-agences\/\">cliquant ici<\/a>.<\/p>\n                    <\/div>\r\n                <\/div>\r\n\r\n                <\/div>\r\n\r\n\r\n\r\n    \r\n            \r\n\r\n                <div class=\"card question\" data-cat=\"Je dois faire face \u00e0 un d\u00e9c\u00e8s\">\r\n\r\n                <div class=\"container\">\r\n                    <div class=\"card-header spacer-card-faq arrow question_trigger\" data-toggle=\"collapse\" data-target=\"#collapse_6\" aria-expanded=\"false\" aria-controls=\"collapseExample\">\r\n                        <h3 class=\"card-title\">\r\n                            Qu\u2019est-ce qu\u2019un constat de d\u00e9c\u00e8s ?                        <\/h3>\r\n                        <img decoding=\"async\" class=\"arrow-icon\" src=\"https:\/\/www.pompes-funebres-santilly.com\/wp-content\/themes\/geschaft-child\/images\/Arrow.png\" width=\"30\" height=\"30\" alt=\"arrow bottom\" \/>\r\n\r\n\r\n                    <\/div>\r\n    \r\n                    <div class=\"content collapse card-body\" id=\"collapse_6\">\r\n                        <p>C\u2019est l\u2019acte officiel qui atteste du d\u00e9c\u00e8s d\u2019une personne apr\u00e8s constatation par un m\u00e9decin.<\/p>\n<p>Dans les \u00be des cas, les d\u00e9c\u00e8s ont lieu dans un \u00e9tablissement de sant\u00e9 (H\u00f4pital, Ehpad\u2026). C\u2019est donc le m\u00e9decin de l\u2019\u00e9tablissement qui proc\u00e8de au constat de d\u00e9c\u00e8s. Dans les cas de d\u00e9c\u00e8s \u00e0 domicile, il convient de faire appel \u00e0 un m\u00e9decin g\u00e9n\u00e9raliste (comme, par exemple votre m\u00e9decin traitant) qui est seul habilit\u00e9 \u00e0 d\u00e9livrer un certificat de d\u00e9c\u00e8s.<\/p>\n                    <\/div>\r\n                <\/div>\r\n\r\n                <\/div>\r\n\r\n\r\n\r\n    \r\n            \r\n\r\n                <div class=\"card question\" data-cat=\"Je dois organiser des obs\u00e8ques\">\r\n\r\n                <div class=\"container\">\r\n                    <div class=\"card-header spacer-card-faq arrow question_trigger\" data-toggle=\"collapse\" data-target=\"#collapse_7\" aria-expanded=\"false\" aria-controls=\"collapseExample\">\r\n                        <h3 class=\"card-title\">\r\n                            Quelles sont les solutions de financement ?                        <\/h3>\r\n                        <img decoding=\"async\" class=\"arrow-icon\" src=\"https:\/\/www.pompes-funebres-santilly.com\/wp-content\/themes\/geschaft-child\/images\/Arrow.png\" width=\"30\" height=\"30\" alt=\"arrow bottom\" \/>\r\n\r\n\r\n                    <\/div>\r\n    \r\n                    <div class=\"content collapse card-body\" id=\"collapse_7\">\r\n                        <p>Vous pouvez b\u00e9n\u00e9ficier de financements si vous avez souscrit une assurance d\u00e9c\u00e8s, si votre soci\u00e9t\u00e9 mutualiste propose un capital d\u00e9c\u00e8s auquel vous avez souscrit, ou si le d\u00e9funt a pr\u00e9alablement souscrit un contrat obs\u00e8ques. La S\u00e9curit\u00e9 sociale ainsi que les communes du lieu de d\u00e9c\u00e8s peuvent \u00e9galement proposer des fonds d\u2019aide au financement. Attention, cette aide est accord\u00e9e ou non au cas par cas, apr\u00e8s \u00e9tude de votre situation. Quoi qu\u2019il en soit, les Etablissements Santilly peuvent vous proposer des facilit\u00e9s de paiement gr\u00e2ce \u00e0 un \u00e9chelonnement en 2, 3 ou 4 mensualit\u00e9s. Ces facilit\u00e9s vous permettent d\u2019all\u00e9ger le financement des obs\u00e8ques ou l\u2019achat d\u2019un monument.<\/p>\n                    <\/div>\r\n                <\/div>\r\n\r\n                <\/div>\r\n\r\n\r\n\r\n                <div class=\"faq_navigation\">\r\n            <div class=\"next_posts\">\r\n                <a href=\"https:\/\/www.pompes-funebres-santilly.com\/fr\/wp-json\/wp\/v2\/pages\/25447\/page\/2\/\" >Questions suivantes ><\/a>            <\/div>\r\n            <div class=\"prev_posts\">\r\n                 \r\n            <\/div>\r\n                    <\/div>\r\n        <\/div>\r\n    <\/div>\r\n[\/vc_column_text][\/vc_column_inner][\/vc_row_inner][\/vc_column][\/vc_row]<\/p>\n","protected":false},"excerpt":{"rendered":"<p>[vc_row css=\u00a0\u00bb.vc_custom_1603275928123{margin-bottom: 30px !important;}\u00a0\u00bb][vc_column][vc_column_text] Questions Fr\u00e9quentes [\/vc_column_text][vc_column_text bb_tab_container=\u00a0\u00bb\u00a0\u00bb] Lorsque l\u2019on fait face \u00e0 un d\u00e9c\u00e8s, il est normal de se poser de nombreuses questions et de se sentir d\u00e9muni face aux d\u00e9marches \u00e0 entreprendre. D\u00e9couvrez ici les r\u00e9ponses aux questions les plus fr\u00e9quentes. Vous n\u2019avez pas trouv\u00e9 la r\u00e9ponse \u00e0 vos questions ? Contactez d\u00e8s [&hellip;]<\/p>\n","protected":false},"author":1,"featured_media":0,"parent":0,"menu_order":0,"comment_status":"closed","ping_status":"closed","template":"","meta":{"_acf_changed":false,"footnotes":""},"class_list":["post-25447","page","type-page","status-publish","hentry"],"acf":false,"yoast_head":"<!-- This site is optimized with the Yoast SEO plugin v26.5 - https:\/\/yoast.com\/wordpress\/plugins\/seo\/ -->\n<title>Questions fr\u00e9quentes - Pompes Fun\u00e8bres Santilly<\/title>\n<meta name=\"robots\" content=\"index, follow, max-snippet:-1, max-image-preview:large, max-video-preview:-1\" \/>\n<link rel=\"canonical\" href=\"https:\/\/www.pompes-funebres-santilly.com\/fr\/questions-frequentes\/\" \/>\n<meta property=\"og:locale\" content=\"fr_FR\" \/>\n<meta property=\"og:type\" content=\"article\" \/>\n<meta property=\"og:title\" content=\"Questions fr\u00e9quentes - Pompes Fun\u00e8bres Santilly\" \/>\n<meta property=\"og:description\" content=\"[vc_row css=\u00a0\u00bb.vc_custom_1603275928123{margin-bottom: 30px !important;}\u00a0\u00bb][vc_column][vc_column_text] Questions Fr\u00e9quentes [\/vc_column_text][vc_column_text bb_tab_container=\u00a0\u00bb\u00a0\u00bb] Lorsque l\u2019on fait face \u00e0 un d\u00e9c\u00e8s, il est normal de se poser de nombreuses questions et de se sentir d\u00e9muni face aux d\u00e9marches \u00e0 entreprendre. D\u00e9couvrez ici les r\u00e9ponses aux questions les plus fr\u00e9quentes. Vous n\u2019avez pas trouv\u00e9 la r\u00e9ponse \u00e0 vos questions ? Contactez d\u00e8s [&hellip;]\" \/>\n<meta property=\"og:url\" content=\"https:\/\/www.pompes-funebres-santilly.com\/fr\/questions-frequentes\/\" \/>\n<meta property=\"og:site_name\" content=\"Pompes Fun\u00e8bres Santilly\" \/>\n<meta property=\"article:modified_time\" content=\"2023-09-18T08:44:48+00:00\" \/>\n<meta name=\"twitter:card\" content=\"summary_large_image\" \/>\n<meta name=\"twitter:label1\" content=\"Dur\u00e9e de lecture est.\" \/>\n\t<meta name=\"twitter:data1\" content=\"1 minute\" \/>\n<script type=\"application\/ld+json\" class=\"yoast-schema-graph\">{\"@context\":\"https:\/\/schema.org\",\"@graph\":[{\"@type\":\"WebPage\",\"@id\":\"https:\/\/www.pompes-funebres-santilly.com\/fr\/questions-frequentes\/\",\"url\":\"https:\/\/www.pompes-funebres-santilly.com\/fr\/questions-frequentes\/\",\"name\":\"Questions fr\u00e9quentes - Pompes Fun\u00e8bres Santilly\",\"isPartOf\":{\"@id\":\"https:\/\/www.pompes-funebres-santilly.com\/fr\/#website\"},\"datePublished\":\"2020-10-16T12:42:29+00:00\",\"dateModified\":\"2023-09-18T08:44:48+00:00\",\"breadcrumb\":{\"@id\":\"https:\/\/www.pompes-funebres-santilly.com\/fr\/questions-frequentes\/#breadcrumb\"},\"inLanguage\":\"fr-FR\",\"potentialAction\":[{\"@type\":\"ReadAction\",\"target\":[\"https:\/\/www.pompes-funebres-santilly.com\/fr\/questions-frequentes\/\"]}]},{\"@type\":\"BreadcrumbList\",\"@id\":\"https:\/\/www.pompes-funebres-santilly.com\/fr\/questions-frequentes\/#breadcrumb\",\"itemListElement\":[{\"@type\":\"ListItem\",\"position\":1,\"name\":\"Accueil\",\"item\":\"https:\/\/www.pompes-funebres-santilly.com\/fr\/\"},{\"@type\":\"ListItem\",\"position\":2,\"name\":\"Questions fr\u00e9quentes\"}]},{\"@type\":\"WebSite\",\"@id\":\"https:\/\/www.pompes-funebres-santilly.com\/fr\/#website\",\"url\":\"https:\/\/www.pompes-funebres-santilly.com\/fr\/\",\"name\":\"Pompes Fun\u00e8bres Santilly\",\"description\":\"\",\"publisher\":{\"@id\":\"https:\/\/www.pompes-funebres-santilly.com\/fr\/#organization\"},\"potentialAction\":[{\"@type\":\"SearchAction\",\"target\":{\"@type\":\"EntryPoint\",\"urlTemplate\":\"https:\/\/www.pompes-funebres-santilly.com\/fr\/?s={search_term_string}\"},\"query-input\":{\"@type\":\"PropertyValueSpecification\",\"valueRequired\":true,\"valueName\":\"search_term_string\"}}],\"inLanguage\":\"fr-FR\"},{\"@type\":\"Organization\",\"@id\":\"https:\/\/www.pompes-funebres-santilly.com\/fr\/#organization\",\"name\":\"LCF Santilly\",\"url\":\"https:\/\/www.pompes-funebres-santilly.com\/fr\/\",\"logo\":{\"@type\":\"ImageObject\",\"inLanguage\":\"fr-FR\",\"@id\":\"https:\/\/www.pompes-funebres-santilly.com\/fr\/#\/schema\/logo\/image\/\",\"url\":\"https:\/\/www.pompes-funebres-santilly.com\/wp-content\/uploads\/2019\/12\/logo-1.png\",\"contentUrl\":\"https:\/\/www.pompes-funebres-santilly.com\/wp-content\/uploads\/2019\/12\/logo-1.png\",\"width\":433,\"height\":115,\"caption\":\"LCF Santilly\"},\"image\":{\"@id\":\"https:\/\/www.pompes-funebres-santilly.com\/fr\/#\/schema\/logo\/image\/\"}}]}<\/script>\n<!-- \/ Yoast SEO plugin. -->","yoast_head_json":{"title":"Questions fr\u00e9quentes - Pompes Fun\u00e8bres Santilly","robots":{"index":"index","follow":"follow","max-snippet":"max-snippet:-1","max-image-preview":"max-image-preview:large","max-video-preview":"max-video-preview:-1"},"canonical":"https:\/\/www.pompes-funebres-santilly.com\/fr\/questions-frequentes\/","og_locale":"fr_FR","og_type":"article","og_title":"Questions fr\u00e9quentes - Pompes Fun\u00e8bres Santilly","og_description":"[vc_row css=\u00a0\u00bb.vc_custom_1603275928123{margin-bottom: 30px !important;}\u00a0\u00bb][vc_column][vc_column_text] Questions Fr\u00e9quentes [\/vc_column_text][vc_column_text bb_tab_container=\u00a0\u00bb\u00a0\u00bb] Lorsque l\u2019on fait face \u00e0 un d\u00e9c\u00e8s, il est normal de se poser de nombreuses questions et de se sentir d\u00e9muni face aux d\u00e9marches \u00e0 entreprendre. D\u00e9couvrez ici les r\u00e9ponses aux questions les plus fr\u00e9quentes. Vous n\u2019avez pas trouv\u00e9 la r\u00e9ponse \u00e0 vos questions ? Contactez d\u00e8s [&hellip;]","og_url":"https:\/\/www.pompes-funebres-santilly.com\/fr\/questions-frequentes\/","og_site_name":"Pompes Fun\u00e8bres Santilly","article_modified_time":"2023-09-18T08:44:48+00:00","twitter_card":"summary_large_image","twitter_misc":{"Dur\u00e9e de lecture est.":"1 minute"},"schema":{"@context":"https:\/\/schema.org","@graph":[{"@type":"WebPage","@id":"https:\/\/www.pompes-funebres-santilly.com\/fr\/questions-frequentes\/","url":"https:\/\/www.pompes-funebres-santilly.com\/fr\/questions-frequentes\/","name":"Questions fr\u00e9quentes - Pompes Fun\u00e8bres Santilly","isPartOf":{"@id":"https:\/\/www.pompes-funebres-santilly.com\/fr\/#website"},"datePublished":"2020-10-16T12:42:29+00:00","dateModified":"2023-09-18T08:44:48+00:00","breadcrumb":{"@id":"https:\/\/www.pompes-funebres-santilly.com\/fr\/questions-frequentes\/#breadcrumb"},"inLanguage":"fr-FR","potentialAction":[{"@type":"ReadAction","target":["https:\/\/www.pompes-funebres-santilly.com\/fr\/questions-frequentes\/"]}]},{"@type":"BreadcrumbList","@id":"https:\/\/www.pompes-funebres-santilly.com\/fr\/questions-frequentes\/#breadcrumb","itemListElement":[{"@type":"ListItem","position":1,"name":"Accueil","item":"https:\/\/www.pompes-funebres-santilly.com\/fr\/"},{"@type":"ListItem","position":2,"name":"Questions fr\u00e9quentes"}]},{"@type":"WebSite","@id":"https:\/\/www.pompes-funebres-santilly.com\/fr\/#website","url":"https:\/\/www.pompes-funebres-santilly.com\/fr\/","name":"Pompes Fun\u00e8bres Santilly","description":"","publisher":{"@id":"https:\/\/www.pompes-funebres-santilly.com\/fr\/#organization"},"potentialAction":[{"@type":"SearchAction","target":{"@type":"EntryPoint","urlTemplate":"https:\/\/www.pompes-funebres-santilly.com\/fr\/?s={search_term_string}"},"query-input":{"@type":"PropertyValueSpecification","valueRequired":true,"valueName":"search_term_string"}}],"inLanguage":"fr-FR"},{"@type":"Organization","@id":"https:\/\/www.pompes-funebres-santilly.com\/fr\/#organization","name":"LCF Santilly","url":"https:\/\/www.pompes-funebres-santilly.com\/fr\/","logo":{"@type":"ImageObject","inLanguage":"fr-FR","@id":"https:\/\/www.pompes-funebres-santilly.com\/fr\/#\/schema\/logo\/image\/","url":"https:\/\/www.pompes-funebres-santilly.com\/wp-content\/uploads\/2019\/12\/logo-1.png","contentUrl":"https:\/\/www.pompes-funebres-santilly.com\/wp-content\/uploads\/2019\/12\/logo-1.png","width":433,"height":115,"caption":"LCF Santilly"},"image":{"@id":"https:\/\/www.pompes-funebres-santilly.com\/fr\/#\/schema\/logo\/image\/"}}]}},"_links":{"self":[{"href":"https:\/\/www.pompes-funebres-santilly.com\/fr\/wp-json\/wp\/v2\/pages\/25447","targetHints":{"allow":["GET"]}}],"collection":[{"href":"https:\/\/www.pompes-funebres-santilly.com\/fr\/wp-json\/wp\/v2\/pages"}],"about":[{"href":"https:\/\/www.pompes-funebres-santilly.com\/fr\/wp-json\/wp\/v2\/types\/page"}],"author":[{"embeddable":true,"href":"https:\/\/www.pompes-funebres-santilly.com\/fr\/wp-json\/wp\/v2\/users\/1"}],"replies":[{"embeddable":true,"href":"https:\/\/www.pompes-funebres-santilly.com\/fr\/wp-json\/wp\/v2\/comments?post=25447"}],"version-history":[{"count":28,"href":"https:\/\/www.pompes-funebres-santilly.com\/fr\/wp-json\/wp\/v2\/pages\/25447\/revisions"}],"predecessor-version":[{"id":31922,"href":"https:\/\/www.pompes-funebres-santilly.com\/fr\/wp-json\/wp\/v2\/pages\/25447\/revisions\/31922"}],"wp:attachment":[{"href":"https:\/\/www.pompes-funebres-santilly.com\/fr\/wp-json\/wp\/v2\/media?parent=25447"}],"curies":[{"name":"wp","href":"https:\/\/api.w.org\/{rel}","templated":true}]}}