{"id":12854,"date":"2020-02-14T10:55:32","date_gmt":"2020-02-14T09:55:32","guid":{"rendered":"https:\/\/www.pompes-funebres-santilly.com\/fr\/?page_id=12854"},"modified":"2024-02-26T14:00:42","modified_gmt":"2024-02-26T13:00:42","slug":"nos-realisations","status":"publish","type":"page","link":"https:\/\/www.pompes-funebres-santilly.com\/fr\/nos-realisations\/","title":{"rendered":"NOS R\u00c9ALISATIONS"},"content":{"rendered":"<p>[vc_row][vc_column][vc_column_text]<\/p>\n<div class=\"titre\">\n<h1 class=\"post-title\">Nos r\u00e9alisations<\/h1>\n<p><strong style=\"font-size: 16px;\">Les pompes fun\u00e8bres Santilly mettent \u00e0 la disposition des familles tout leur savoir-faire en mati\u00e8re de marbrerie.\u00a0<\/strong><\/div>\n<p>Depuis 87 ans, les pompes fun\u00e8bres Santilly sont de v\u00e9ritables professionnels pour la r\u00e9alisation de monuments fun\u00e9raire. En effet, le monument fun\u00e9raire est un lieu de recueil pour les familles, il doit donc \u00eatre \u00e9labor\u00e9 avec pr\u00e9caution. Le choix du monument repose sur diff\u00e9rents crit\u00e8res comme la forme, la couleur et le type de pierre utilis\u00e9 (granit ou marbre g\u00e9n\u00e9ralement).<strong>\u00a0<\/strong><\/p>\n<p><span style=\"color: #0098a1;\"><a style=\"color: #0098a1;\" href=\"https:\/\/www.pompes-funebres-santilly.com\/fr\/marbrerie\/catalogue-de-monuments\/\"><strong>Consultez notre catalogue<\/strong><\/a><\/span>[\/vc_column_text][\/vc_column][\/vc_row][vc_section css=\u00a0\u00bb.vc_custom_1592572598155{margin-top: 30px !important;margin-bottom: 30px !important;}\u00a0\u00bb][vc_row full_width=\u00a0\u00bbstretch_row\u00a0\u00bb equal_height=\u00a0\u00bbyes\u00a0\u00bb content_placement=\u00a0\u00bbmiddle\u00a0\u00bb css=\u00a0\u00bb.vc_custom_1708952422669{margin-bottom: 20px !important;padding-top: 20px !important;background-color: #f6f4f2 !important;}\u00a0\u00bb bb_tab_container=\u00a0\u00bb\u00a0\u00bb][vc_column width=\u00a0\u00bb1\/4&Prime;][vc_gallery interval=\u00a0\u00bb0&Prime; images=\u00a0\u00bb13497&Prime; img_size=\u00a0\u00bbfull\u00a0\u00bb el_class=\u00a0\u00bbslider-no-ctrl\u00a0\u00bb][\/vc_column][vc_column width=\u00a0\u00bb1\/4&Prime;][vc_gallery interval=\u00a0\u00bb0&Prime; images=\u00a0\u00bb13499&Prime; img_size=\u00a0\u00bbfull\u00a0\u00bb el_class=\u00a0\u00bbslider-no-ctrl\u00a0\u00bb][\/vc_column][vc_column width=\u00a0\u00bb1\/4&Prime;][vc_gallery interval=\u00a0\u00bb0&Prime; images=\u00a0\u00bb13496&Prime; img_size=\u00a0\u00bbfull\u00a0\u00bb el_class=\u00a0\u00bbslider-no-ctrl\u00a0\u00bb][\/vc_column][vc_column width=\u00a0\u00bb1\/4&Prime;][vc_gallery interval=\u00a0\u00bb0&Prime; images=\u00a0\u00bb13488&Prime; img_size=\u00a0\u00bbfull\u00a0\u00bb el_class=\u00a0\u00bbslider-no-ctrl\u00a0\u00bb][\/vc_column][\/vc_row][vc_row full_width=\u00a0\u00bbstretch_row\u00a0\u00bb equal_height=\u00a0\u00bbyes\u00a0\u00bb content_placement=\u00a0\u00bbmiddle\u00a0\u00bb css=\u00a0\u00bb.vc_custom_1596207509743{padding-top: 20px !important;}\u00a0\u00bb][vc_column width=\u00a0\u00bb1\/4&Prime;][vc_gallery interval=\u00a0\u00bb0&Prime; images=\u00a0\u00bb13495&Prime; img_size=\u00a0\u00bbfull\u00a0\u00bb el_class=\u00a0\u00bbslider-no-ctrl\u00a0\u00bb][\/vc_column][vc_column width=\u00a0\u00bb1\/4&Prime;][vc_gallery interval=\u00a0\u00bb0&Prime; images=\u00a0\u00bb13494&Prime; img_size=\u00a0\u00bbfull\u00a0\u00bb el_class=\u00a0\u00bbslider-no-ctrl\u00a0\u00bb][\/vc_column][vc_column width=\u00a0\u00bb1\/4&Prime;][vc_gallery interval=\u00a0\u00bb0&Prime; images=\u00a0\u00bb13492&Prime; img_size=\u00a0\u00bbfull\u00a0\u00bb el_class=\u00a0\u00bbslider-no-ctrl\u00a0\u00bb][\/vc_column][vc_column width=\u00a0\u00bb1\/4&Prime;][vc_gallery interval=\u00a0\u00bb0&Prime; images=\u00a0\u00bb13493&Prime; img_size=\u00a0\u00bbfull\u00a0\u00bb el_class=\u00a0\u00bbslider-no-ctrl\u00a0\u00bb][\/vc_column][\/vc_row][\/vc_section][vc_section css=\u00a0\u00bb.vc_custom_1592572598155{margin-top: 30px !important;margin-bottom: 30px !important;}\u00a0\u00bb][vc_row full_width=\u00a0\u00bbstretch_row\u00a0\u00bb equal_height=\u00a0\u00bbyes\u00a0\u00bb content_placement=\u00a0\u00bbmiddle\u00a0\u00bb css=\u00a0\u00bb.vc_custom_1708952435527{margin-bottom: 20px !important;padding-top: 20px !important;background-color: #f6f4f2 !important;}\u00a0\u00bb bb_tab_container=\u00a0\u00bb\u00a0\u00bb][vc_column width=\u00a0\u00bb2\/3&Prime;][vc_column_text]<\/p>\n<h1 class=\"post-title\">Les savoir-faire \u00e9tablissements Santilly<\/h1>\n<p>Au sein des pompes fun\u00e8bres Santilly, nos sp\u00e9cialistes en marbrerie sont \u00e0 votre \u00e9coute pour \u00e9laborer un monument personnalis\u00e9, en respectant toutes les volont\u00e9s exprim\u00e9es pour pouvoir r\u00e9pondre du mieux possible \u00e0 vos attentes. Il est recommand\u00e9 aux familles de choisir un monument en accord avec la personnalit\u00e9 du d\u00e9funt. En effet, toutes les parties du monument peuvent \u00eatre personnalis\u00e9es : de l\u2019\u00e9paisseur du soubassement \u00e0 la forme de la st\u00e8le, avec bien-s\u00fbr, la couleur de votre choix.<\/p>\n<p>Toutes les informations sur :\u00a0<span style=\"color: #0098a1;\"><a style=\"color: #0098a1;\" href=\"https:\/\/www.pompes-funebres-santilly.com\/fr\/marbrerie\/le-monument-funeraire\/\"><strong>Notre gamme de monument fun\u00e9raire<\/strong><\/a><\/span>[\/vc_column_text][\/vc_column][vc_column width=\u00a0\u00bb1\/3&Prime;][vc_gallery interval=\u00a0\u00bb0&Prime; images=\u00a0\u00bb13491&Prime; img_size=\u00a0\u00bbfull\u00a0\u00bb el_class=\u00a0\u00bbslider-no-ctrl\u00a0\u00bb][\/vc_column][\/vc_row][\/vc_section][vc_row][vc_column][vc_empty_space][vc_btn title=\u00a0\u00bbDemander un devis\u00a0\u00bb style=\u00a0\u00bbflat\u00a0\u00bb align=\u00a0\u00bbcenter\u00a0\u00bb button_block=\u00a0\u00bbtrue\u00a0\u00bb link=\u00a0\u00bburl:https%3A%2F%2Fwww.pompes-funebres-santilly.com%2Ffr%2Fdevis%2F|title:demander%20un%20devis||\u00a0\u00bb el_class=\u00a0\u00bbpfs-cta-a\u00a0\u00bb][\/vc_column][\/vc_row]<\/p>\n","protected":false},"excerpt":{"rendered":"<p>[vc_row][vc_column][vc_column_text] Nos r\u00e9alisations Les pompes fun\u00e8bres Santilly mettent \u00e0 la disposition des familles tout leur savoir-faire en mati\u00e8re de marbrerie.\u00a0 Depuis 87 ans, les pompes fun\u00e8bres Santilly sont de v\u00e9ritables professionnels pour la r\u00e9alisation de monuments fun\u00e9raire. En effet, le monument fun\u00e9raire est un lieu de recueil pour les familles, il doit donc \u00eatre \u00e9labor\u00e9 [&hellip;]<\/p>\n","protected":false},"author":1,"featured_media":0,"parent":0,"menu_order":0,"comment_status":"closed","ping_status":"closed","template":"","meta":{"_acf_changed":false,"footnotes":""},"class_list":["post-12854","page","type-page","status-publish","hentry"],"acf":false,"yoast_head":"<!-- This site is optimized with the Yoast SEO plugin v26.5 - https:\/\/yoast.com\/wordpress\/plugins\/seo\/ -->\n<title>Les r\u00e9alisations des \u00e9tablissements Le Choix Fun\u00e9raire Santilly<\/title>\n<meta name=\"description\" content=\"Les pompes fun\u00e8bres Le Choix Fun\u00e9raire Santilly mettent \u00e0 la disposition des familles tout leur savoir-faire en mati\u00e8re de marbrerie.\" \/>\n<meta name=\"robots\" content=\"index, follow, max-snippet:-1, max-image-preview:large, max-video-preview:-1\" \/>\n<link rel=\"canonical\" href=\"https:\/\/www.pompes-funebres-santilly.com\/fr\/nos-realisations\/\" \/>\n<meta property=\"og:locale\" content=\"fr_FR\" \/>\n<meta property=\"og:type\" content=\"article\" \/>\n<meta property=\"og:title\" content=\"Les r\u00e9alisations des \u00e9tablissements Le Choix Fun\u00e9raire Santilly\" \/>\n<meta property=\"og:description\" content=\"Les pompes fun\u00e8bres Le Choix Fun\u00e9raire Santilly mettent \u00e0 la disposition des familles tout leur savoir-faire en mati\u00e8re de marbrerie.\" \/>\n<meta property=\"og:url\" content=\"https:\/\/www.pompes-funebres-santilly.com\/fr\/nos-realisations\/\" \/>\n<meta property=\"og:site_name\" content=\"Pompes Fun\u00e8bres Santilly\" \/>\n<meta property=\"article:modified_time\" content=\"2024-02-26T13:00:42+00:00\" \/>\n<meta name=\"twitter:card\" content=\"summary_large_image\" \/>\n<meta name=\"twitter:label1\" content=\"Dur\u00e9e de lecture est.\" \/>\n\t<meta name=\"twitter:data1\" content=\"2 minutes\" \/>\n<script type=\"application\/ld+json\" class=\"yoast-schema-graph\">{\"@context\":\"https:\/\/schema.org\",\"@graph\":[{\"@type\":\"WebPage\",\"@id\":\"https:\/\/www.pompes-funebres-santilly.com\/fr\/nos-realisations\/\",\"url\":\"https:\/\/www.pompes-funebres-santilly.com\/fr\/nos-realisations\/\",\"name\":\"Les r\u00e9alisations des \u00e9tablissements Le Choix Fun\u00e9raire Santilly\",\"isPartOf\":{\"@id\":\"https:\/\/www.pompes-funebres-santilly.com\/fr\/#website\"},\"datePublished\":\"2020-02-14T09:55:32+00:00\",\"dateModified\":\"2024-02-26T13:00:42+00:00\",\"description\":\"Les pompes fun\u00e8bres Le Choix Fun\u00e9raire Santilly mettent \u00e0 la disposition des familles tout leur savoir-faire en mati\u00e8re de marbrerie.\",\"breadcrumb\":{\"@id\":\"https:\/\/www.pompes-funebres-santilly.com\/fr\/nos-realisations\/#breadcrumb\"},\"inLanguage\":\"fr-FR\",\"potentialAction\":[{\"@type\":\"ReadAction\",\"target\":[\"https:\/\/www.pompes-funebres-santilly.com\/fr\/nos-realisations\/\"]}]},{\"@type\":\"BreadcrumbList\",\"@id\":\"https:\/\/www.pompes-funebres-santilly.com\/fr\/nos-realisations\/#breadcrumb\",\"itemListElement\":[{\"@type\":\"ListItem\",\"position\":1,\"name\":\"Accueil\",\"item\":\"https:\/\/www.pompes-funebres-santilly.com\/fr\/\"},{\"@type\":\"ListItem\",\"position\":2,\"name\":\"NOS R\u00c9ALISATIONS\"}]},{\"@type\":\"WebSite\",\"@id\":\"https:\/\/www.pompes-funebres-santilly.com\/fr\/#website\",\"url\":\"https:\/\/www.pompes-funebres-santilly.com\/fr\/\",\"name\":\"Pompes Fun\u00e8bres Santilly\",\"description\":\"\",\"publisher\":{\"@id\":\"https:\/\/www.pompes-funebres-santilly.com\/fr\/#organization\"},\"potentialAction\":[{\"@type\":\"SearchAction\",\"target\":{\"@type\":\"EntryPoint\",\"urlTemplate\":\"https:\/\/www.pompes-funebres-santilly.com\/fr\/?s={search_term_string}\"},\"query-input\":{\"@type\":\"PropertyValueSpecification\",\"valueRequired\":true,\"valueName\":\"search_term_string\"}}],\"inLanguage\":\"fr-FR\"},{\"@type\":\"Organization\",\"@id\":\"https:\/\/www.pompes-funebres-santilly.com\/fr\/#organization\",\"name\":\"LCF Santilly\",\"url\":\"https:\/\/www.pompes-funebres-santilly.com\/fr\/\",\"logo\":{\"@type\":\"ImageObject\",\"inLanguage\":\"fr-FR\",\"@id\":\"https:\/\/www.pompes-funebres-santilly.com\/fr\/#\/schema\/logo\/image\/\",\"url\":\"https:\/\/www.pompes-funebres-santilly.com\/wp-content\/uploads\/2019\/12\/logo-1.png\",\"contentUrl\":\"https:\/\/www.pompes-funebres-santilly.com\/wp-content\/uploads\/2019\/12\/logo-1.png\",\"width\":433,\"height\":115,\"caption\":\"LCF Santilly\"},\"image\":{\"@id\":\"https:\/\/www.pompes-funebres-santilly.com\/fr\/#\/schema\/logo\/image\/\"}}]}<\/script>\n<!-- \/ Yoast SEO plugin. -->","yoast_head_json":{"title":"Les r\u00e9alisations des \u00e9tablissements Le Choix Fun\u00e9raire Santilly","description":"Les pompes fun\u00e8bres Le Choix Fun\u00e9raire Santilly mettent \u00e0 la disposition des familles tout leur savoir-faire en mati\u00e8re de marbrerie.","robots":{"index":"index","follow":"follow","max-snippet":"max-snippet:-1","max-image-preview":"max-image-preview:large","max-video-preview":"max-video-preview:-1"},"canonical":"https:\/\/www.pompes-funebres-santilly.com\/fr\/nos-realisations\/","og_locale":"fr_FR","og_type":"article","og_title":"Les r\u00e9alisations des \u00e9tablissements Le Choix Fun\u00e9raire Santilly","og_description":"Les pompes fun\u00e8bres Le Choix Fun\u00e9raire Santilly mettent \u00e0 la disposition des familles tout leur savoir-faire en mati\u00e8re de marbrerie.","og_url":"https:\/\/www.pompes-funebres-santilly.com\/fr\/nos-realisations\/","og_site_name":"Pompes Fun\u00e8bres Santilly","article_modified_time":"2024-02-26T13:00:42+00:00","twitter_card":"summary_large_image","twitter_misc":{"Dur\u00e9e de lecture est.":"2 minutes"},"schema":{"@context":"https:\/\/schema.org","@graph":[{"@type":"WebPage","@id":"https:\/\/www.pompes-funebres-santilly.com\/fr\/nos-realisations\/","url":"https:\/\/www.pompes-funebres-santilly.com\/fr\/nos-realisations\/","name":"Les r\u00e9alisations des \u00e9tablissements Le Choix Fun\u00e9raire Santilly","isPartOf":{"@id":"https:\/\/www.pompes-funebres-santilly.com\/fr\/#website"},"datePublished":"2020-02-14T09:55:32+00:00","dateModified":"2024-02-26T13:00:42+00:00","description":"Les pompes fun\u00e8bres Le Choix Fun\u00e9raire Santilly mettent \u00e0 la disposition des familles tout leur savoir-faire en mati\u00e8re de marbrerie.","breadcrumb":{"@id":"https:\/\/www.pompes-funebres-santilly.com\/fr\/nos-realisations\/#breadcrumb"},"inLanguage":"fr-FR","potentialAction":[{"@type":"ReadAction","target":["https:\/\/www.pompes-funebres-santilly.com\/fr\/nos-realisations\/"]}]},{"@type":"BreadcrumbList","@id":"https:\/\/www.pompes-funebres-santilly.com\/fr\/nos-realisations\/#breadcrumb","itemListElement":[{"@type":"ListItem","position":1,"name":"Accueil","item":"https:\/\/www.pompes-funebres-santilly.com\/fr\/"},{"@type":"ListItem","position":2,"name":"NOS R\u00c9ALISATIONS"}]},{"@type":"WebSite","@id":"https:\/\/www.pompes-funebres-santilly.com\/fr\/#website","url":"https:\/\/www.pompes-funebres-santilly.com\/fr\/","name":"Pompes Fun\u00e8bres Santilly","description":"","publisher":{"@id":"https:\/\/www.pompes-funebres-santilly.com\/fr\/#organization"},"potentialAction":[{"@type":"SearchAction","target":{"@type":"EntryPoint","urlTemplate":"https:\/\/www.pompes-funebres-santilly.com\/fr\/?s={search_term_string}"},"query-input":{"@type":"PropertyValueSpecification","valueRequired":true,"valueName":"search_term_string"}}],"inLanguage":"fr-FR"},{"@type":"Organization","@id":"https:\/\/www.pompes-funebres-santilly.com\/fr\/#organization","name":"LCF Santilly","url":"https:\/\/www.pompes-funebres-santilly.com\/fr\/","logo":{"@type":"ImageObject","inLanguage":"fr-FR","@id":"https:\/\/www.pompes-funebres-santilly.com\/fr\/#\/schema\/logo\/image\/","url":"https:\/\/www.pompes-funebres-santilly.com\/wp-content\/uploads\/2019\/12\/logo-1.png","contentUrl":"https:\/\/www.pompes-funebres-santilly.com\/wp-content\/uploads\/2019\/12\/logo-1.png","width":433,"height":115,"caption":"LCF Santilly"},"image":{"@id":"https:\/\/www.pompes-funebres-santilly.com\/fr\/#\/schema\/logo\/image\/"}}]}},"_links":{"self":[{"href":"https:\/\/www.pompes-funebres-santilly.com\/fr\/wp-json\/wp\/v2\/pages\/12854","targetHints":{"allow":["GET"]}}],"collection":[{"href":"https:\/\/www.pompes-funebres-santilly.com\/fr\/wp-json\/wp\/v2\/pages"}],"about":[{"href":"https:\/\/www.pompes-funebres-santilly.com\/fr\/wp-json\/wp\/v2\/types\/page"}],"author":[{"embeddable":true,"href":"https:\/\/www.pompes-funebres-santilly.com\/fr\/wp-json\/wp\/v2\/users\/1"}],"replies":[{"embeddable":true,"href":"https:\/\/www.pompes-funebres-santilly.com\/fr\/wp-json\/wp\/v2\/comments?post=12854"}],"version-history":[{"count":17,"href":"https:\/\/www.pompes-funebres-santilly.com\/fr\/wp-json\/wp\/v2\/pages\/12854\/revisions"}],"predecessor-version":[{"id":32776,"href":"https:\/\/www.pompes-funebres-santilly.com\/fr\/wp-json\/wp\/v2\/pages\/12854\/revisions\/32776"}],"wp:attachment":[{"href":"https:\/\/www.pompes-funebres-santilly.com\/fr\/wp-json\/wp\/v2\/media?parent=12854"}],"curies":[{"name":"wp","href":"https:\/\/api.w.org\/{rel}","templated":true}]}}