{"id":1098,"date":"2019-12-17T10:51:52","date_gmt":"2019-12-17T09:51:52","guid":{"rendered":"http:\/\/www.pompes-funebres-santilly.com\/fr\/?page_id=1098"},"modified":"2024-03-07T11:10:58","modified_gmt":"2024-03-07T10:10:58","slug":"avis-de-deces","status":"publish","type":"page","link":"https:\/\/www.pompes-funebres-santilly.com\/fr\/avis-de-deces\/","title":{"rendered":"Avis de d\u00e9c\u00e8s"},"content":{"rendered":"<p><span style=\"font-weight: 400;\">Cette page vous permet d\u2019obtenir des informations concernant les derniers <\/span><b>avis de d\u00e9c\u00e8s dans votre r\u00e9gion<\/b><span style=\"font-weight: 400;\">. Vous pouvez y rechercher les d\u00e9c\u00e8s publi\u00e9s r\u00e9cemment survenus dans votre d\u00e9partement ou votre ville.<\/span><\/p>\n","protected":false},"excerpt":{"rendered":"<p>Cette page vous permet d\u2019obtenir des informations concernant les derniers avis de d\u00e9c\u00e8s dans votre r\u00e9gion. Vous pouvez y rechercher les d\u00e9c\u00e8s publi\u00e9s r\u00e9cemment survenus dans votre d\u00e9partement ou votre ville.<\/p>\n","protected":false},"author":1,"featured_media":0,"parent":0,"menu_order":0,"comment_status":"closed","ping_status":"closed","template":"template-avis_deces.php","meta":{"_acf_changed":false,"footnotes":""},"class_list":["post-1098","page","type-page","status-publish","hentry"],"acf":{"le_top_20_des_villes":false,"description_seo":"","faq_1_avis-de-deces":{"question":"Comment publier un avis d\u2019obs\u00e8ques dans votre d\u00e9partement ?","reponse":"<p><span style=\"font-weight: 400;\">Consultez \u00e0 l\u2019aide de cette page <\/span><b>les derniers avis de d\u00e9c\u00e8s du d\u00e9partement de votre choix<\/b><span style=\"font-weight: 400;\">. Vous avez la possibilit\u00e9 d\u2019effectuer une recherche de faire-part de d\u00e9c\u00e8s par nom et pr\u00e9nom, mais \u00e9galement par ville et par d\u00e9partement. Toutes les informations utiles concernant le d\u00e9c\u00e8s et les obs\u00e8ques vous seront communiqu\u00e9es, vous aurez ainsi la possibilit\u00e9 de rendre un dernier hommage au d\u00e9funt.<\/span><\/p>\n<p><span style=\"font-weight: 400;\">N\u2019h\u00e9sitez pas \u00e0 utiliser notre outil afin de rechercher l\u2019avis de d\u00e9c\u00e8s concern\u00e9 par votre requ\u00eate. Il vous sera possible de<\/span><b> remplir une carte de condol\u00e9ances, qui sera ajout\u00e9e \u00e0 l\u2019avis de d\u00e9c\u00e8s en ligne<\/b><span style=\"font-weight: 400;\">. De cette mani\u00e8re, vous avez la possibilit\u00e9 de laisser aux proches un message de condol\u00e9ances, un geste symbolique qui vous permet d\u2019exprimer votre soutien au m\u00eame titre qu\u2019envoyer des fleurs, dans le cas o\u00f9 vous ne pourriez vous rendre aux obs\u00e8ques.<\/span><\/p>\n<p><span style=\"font-weight: 400;\">Notez que cette page vous donne \u00e9galement la possibilit\u00e9 de <\/span><b>publier un avis de d\u00e9c\u00e8s, afin d\u2019en informer les \u00e9ventuels proches et amis du d\u00e9funt<\/b><span style=\"font-weight: 400;\">, tout en leur donnant la possibilit\u00e9 d\u2019exprimer leurs condol\u00e9ances en ligne.<\/span><\/p>\n"},"faq_2_avis-de-deces":{"question":"Comment retrouver l'avis de d\u00e9c\u00e8s d'une personne ?","reponse":"<p><span style=\"font-weight: 400;\">Utilisez les filtres et crit\u00e8res de recherche pour vous permettre de <\/span><b>trouver un avis de d\u00e9c\u00e8s<\/b><span style=\"font-weight: 400;\"> facilement, ou tout simplement pour d\u00e9couvrir les derniers avis de d\u00e9c\u00e8s publi\u00e9s au sein de votre d\u00e9partement.<\/span><\/p>\n<p><span style=\"font-weight: 400;\">En plus de pouvoir laisser un mot de condol\u00e9ances, vous aurez \u00e9galement <\/span><b>acc\u00e8s aux informations concernant l\u2019organisation des obs\u00e8ques<\/b><span style=\"font-weight: 400;\"> :<\/span><\/p>\n<ul>\n<li style=\"font-weight: 400;\" aria-level=\"1\"><span style=\"font-weight: 400;\">Nom et pr\u00e9nom du d\u00e9funt ;<\/span><\/li>\n<li style=\"font-weight: 400;\" aria-level=\"1\"><span style=\"font-weight: 400;\">Lieu des obs\u00e8ques ;<\/span><\/li>\n<li style=\"font-weight: 400;\" aria-level=\"1\"><span style=\"font-weight: 400;\">La possibilit\u00e9\/non d\u2019envoyer des fleurs de deuil ;<\/span><\/li>\n<li style=\"font-weight: 400;\" aria-level=\"1\"><span style=\"font-weight: 400;\">Les pompes fun\u00e8bres charg\u00e9es des obs\u00e8ques ;<\/span><\/li>\n<li style=\"font-weight: 400;\" aria-level=\"1\"><span style=\"font-weight: 400;\">L\u2019organisation\/non d\u2019une c\u00e9r\u00e9monie religieuse ;<\/span><\/li>\n<li style=\"font-weight: 400;\" aria-level=\"1\"><span style=\"font-weight: 400;\">Etc.<\/span><\/li>\n<\/ul>\n<p><span style=\"font-weight: 400;\">Il vous sera donc possible d\u2019entamer un processus de deuil, et de soutenir les proches du d\u00e9funt au cours de cette \u00e9preuve, en optant pour une livraison de fleurs, ou en laissant <\/span><b>un mot de soutien au sein de l\u2019avis de d\u00e9c\u00e8s en ligne<\/b><span style=\"font-weight: 400;\">.<\/span><\/p>\n"}},"yoast_head":"<!-- This site is optimized with the Yoast SEO plugin v26.5 - https:\/\/yoast.com\/wordpress\/plugins\/seo\/ -->\n<title>Avis de d\u00e9c\u00e8s | Santilly<\/title>\n<meta name=\"description\" content=\"D\u00e9couvrez les derniers avis de d\u00e9c\u00e8s ou avis d\u2019obs\u00e8ques de votre r\u00e9gion \u27a4 Laissez un message de condol\u00e9ances en ligne pour vos proches \ud83d\ude4f\" \/>\n<meta name=\"robots\" content=\"index, follow, max-snippet:-1, max-image-preview:large, max-video-preview:-1\" \/>\n<link rel=\"canonical\" href=\"https:\/\/www.pompes-funebres-santilly.com\/fr\/avis-de-deces\/\" \/>\n<meta property=\"og:locale\" content=\"fr_FR\" \/>\n<meta property=\"og:type\" content=\"article\" \/>\n<meta property=\"og:title\" content=\"Avis de d\u00e9c\u00e8s | Santilly\" \/>\n<meta property=\"og:description\" content=\"D\u00e9couvrez les derniers avis de d\u00e9c\u00e8s ou avis d\u2019obs\u00e8ques de votre r\u00e9gion \u27a4 Laissez un message de condol\u00e9ances en ligne pour vos proches \ud83d\ude4f\" \/>\n<meta property=\"og:url\" content=\"https:\/\/www.pompes-funebres-santilly.com\/fr\/avis-de-deces\/\" \/>\n<meta property=\"og:site_name\" content=\"Pompes Fun\u00e8bres Santilly\" \/>\n<meta property=\"article:modified_time\" content=\"2024-03-07T10:10:58+00:00\" \/>\n<meta name=\"twitter:card\" content=\"summary_large_image\" \/>\n<meta name=\"twitter:label1\" content=\"Dur\u00e9e de lecture est.\" \/>\n\t<meta name=\"twitter:data1\" content=\"1 minute\" \/>\n<script type=\"application\/ld+json\" class=\"yoast-schema-graph\">{\"@context\":\"https:\/\/schema.org\",\"@graph\":[{\"@type\":\"WebPage\",\"@id\":\"https:\/\/www.pompes-funebres-santilly.com\/fr\/avis-de-deces\/\",\"url\":\"https:\/\/www.pompes-funebres-santilly.com\/fr\/avis-de-deces\/\",\"name\":\"Avis de d\u00e9c\u00e8s | Santilly\",\"isPartOf\":{\"@id\":\"https:\/\/www.pompes-funebres-santilly.com\/fr\/#website\"},\"datePublished\":\"2019-12-17T09:51:52+00:00\",\"dateModified\":\"2024-03-07T10:10:58+00:00\",\"description\":\"D\u00e9couvrez les derniers avis de d\u00e9c\u00e8s ou avis d\u2019obs\u00e8ques de votre r\u00e9gion \u27a4 Laissez un message de condol\u00e9ances en ligne pour vos proches \ud83d\ude4f\",\"breadcrumb\":{\"@id\":\"https:\/\/www.pompes-funebres-santilly.com\/fr\/avis-de-deces\/#breadcrumb\"},\"inLanguage\":\"fr-FR\",\"potentialAction\":[{\"@type\":\"ReadAction\",\"target\":[\"https:\/\/www.pompes-funebres-santilly.com\/fr\/avis-de-deces\/\"]}]},{\"@type\":\"BreadcrumbList\",\"@id\":\"https:\/\/www.pompes-funebres-santilly.com\/fr\/avis-de-deces\/#breadcrumb\",\"itemListElement\":[{\"@type\":\"ListItem\",\"position\":1,\"name\":\"Accueil\",\"item\":\"https:\/\/www.pompes-funebres-santilly.com\/fr\/\"},{\"@type\":\"ListItem\",\"position\":2,\"name\":\"Avis de d\u00e9c\u00e8s\"}]},{\"@type\":\"WebSite\",\"@id\":\"https:\/\/www.pompes-funebres-santilly.com\/fr\/#website\",\"url\":\"https:\/\/www.pompes-funebres-santilly.com\/fr\/\",\"name\":\"Pompes Fun\u00e8bres Santilly\",\"description\":\"\",\"publisher\":{\"@id\":\"https:\/\/www.pompes-funebres-santilly.com\/fr\/#organization\"},\"potentialAction\":[{\"@type\":\"SearchAction\",\"target\":{\"@type\":\"EntryPoint\",\"urlTemplate\":\"https:\/\/www.pompes-funebres-santilly.com\/fr\/?s={search_term_string}\"},\"query-input\":{\"@type\":\"PropertyValueSpecification\",\"valueRequired\":true,\"valueName\":\"search_term_string\"}}],\"inLanguage\":\"fr-FR\"},{\"@type\":\"Organization\",\"@id\":\"https:\/\/www.pompes-funebres-santilly.com\/fr\/#organization\",\"name\":\"LCF Santilly\",\"url\":\"https:\/\/www.pompes-funebres-santilly.com\/fr\/\",\"logo\":{\"@type\":\"ImageObject\",\"inLanguage\":\"fr-FR\",\"@id\":\"https:\/\/www.pompes-funebres-santilly.com\/fr\/#\/schema\/logo\/image\/\",\"url\":\"https:\/\/www.pompes-funebres-santilly.com\/wp-content\/uploads\/2019\/12\/logo-1.png\",\"contentUrl\":\"https:\/\/www.pompes-funebres-santilly.com\/wp-content\/uploads\/2019\/12\/logo-1.png\",\"width\":433,\"height\":115,\"caption\":\"LCF Santilly\"},\"image\":{\"@id\":\"https:\/\/www.pompes-funebres-santilly.com\/fr\/#\/schema\/logo\/image\/\"}}]}<\/script>\n<!-- \/ Yoast SEO plugin. -->","yoast_head_json":{"title":"Avis de d\u00e9c\u00e8s | Santilly","description":"D\u00e9couvrez les derniers avis de d\u00e9c\u00e8s ou avis d\u2019obs\u00e8ques de votre r\u00e9gion \u27a4 Laissez un message de condol\u00e9ances en ligne pour vos proches \ud83d\ude4f","robots":{"index":"index","follow":"follow","max-snippet":"max-snippet:-1","max-image-preview":"max-image-preview:large","max-video-preview":"max-video-preview:-1"},"canonical":"https:\/\/www.pompes-funebres-santilly.com\/fr\/avis-de-deces\/","og_locale":"fr_FR","og_type":"article","og_title":"Avis de d\u00e9c\u00e8s | Santilly","og_description":"D\u00e9couvrez les derniers avis de d\u00e9c\u00e8s ou avis d\u2019obs\u00e8ques de votre r\u00e9gion \u27a4 Laissez un message de condol\u00e9ances en ligne pour vos proches \ud83d\ude4f","og_url":"https:\/\/www.pompes-funebres-santilly.com\/fr\/avis-de-deces\/","og_site_name":"Pompes Fun\u00e8bres Santilly","article_modified_time":"2024-03-07T10:10:58+00:00","twitter_card":"summary_large_image","twitter_misc":{"Dur\u00e9e de lecture est.":"1 minute"},"schema":{"@context":"https:\/\/schema.org","@graph":[{"@type":"WebPage","@id":"https:\/\/www.pompes-funebres-santilly.com\/fr\/avis-de-deces\/","url":"https:\/\/www.pompes-funebres-santilly.com\/fr\/avis-de-deces\/","name":"Avis de d\u00e9c\u00e8s | Santilly","isPartOf":{"@id":"https:\/\/www.pompes-funebres-santilly.com\/fr\/#website"},"datePublished":"2019-12-17T09:51:52+00:00","dateModified":"2024-03-07T10:10:58+00:00","description":"D\u00e9couvrez les derniers avis de d\u00e9c\u00e8s ou avis d\u2019obs\u00e8ques de votre r\u00e9gion \u27a4 Laissez un message de condol\u00e9ances en ligne pour vos proches \ud83d\ude4f","breadcrumb":{"@id":"https:\/\/www.pompes-funebres-santilly.com\/fr\/avis-de-deces\/#breadcrumb"},"inLanguage":"fr-FR","potentialAction":[{"@type":"ReadAction","target":["https:\/\/www.pompes-funebres-santilly.com\/fr\/avis-de-deces\/"]}]},{"@type":"BreadcrumbList","@id":"https:\/\/www.pompes-funebres-santilly.com\/fr\/avis-de-deces\/#breadcrumb","itemListElement":[{"@type":"ListItem","position":1,"name":"Accueil","item":"https:\/\/www.pompes-funebres-santilly.com\/fr\/"},{"@type":"ListItem","position":2,"name":"Avis de d\u00e9c\u00e8s"}]},{"@type":"WebSite","@id":"https:\/\/www.pompes-funebres-santilly.com\/fr\/#website","url":"https:\/\/www.pompes-funebres-santilly.com\/fr\/","name":"Pompes Fun\u00e8bres Santilly","description":"","publisher":{"@id":"https:\/\/www.pompes-funebres-santilly.com\/fr\/#organization"},"potentialAction":[{"@type":"SearchAction","target":{"@type":"EntryPoint","urlTemplate":"https:\/\/www.pompes-funebres-santilly.com\/fr\/?s={search_term_string}"},"query-input":{"@type":"PropertyValueSpecification","valueRequired":true,"valueName":"search_term_string"}}],"inLanguage":"fr-FR"},{"@type":"Organization","@id":"https:\/\/www.pompes-funebres-santilly.com\/fr\/#organization","name":"LCF Santilly","url":"https:\/\/www.pompes-funebres-santilly.com\/fr\/","logo":{"@type":"ImageObject","inLanguage":"fr-FR","@id":"https:\/\/www.pompes-funebres-santilly.com\/fr\/#\/schema\/logo\/image\/","url":"https:\/\/www.pompes-funebres-santilly.com\/wp-content\/uploads\/2019\/12\/logo-1.png","contentUrl":"https:\/\/www.pompes-funebres-santilly.com\/wp-content\/uploads\/2019\/12\/logo-1.png","width":433,"height":115,"caption":"LCF Santilly"},"image":{"@id":"https:\/\/www.pompes-funebres-santilly.com\/fr\/#\/schema\/logo\/image\/"}}]}},"_links":{"self":[{"href":"https:\/\/www.pompes-funebres-santilly.com\/fr\/wp-json\/wp\/v2\/pages\/1098","targetHints":{"allow":["GET"]}}],"collection":[{"href":"https:\/\/www.pompes-funebres-santilly.com\/fr\/wp-json\/wp\/v2\/pages"}],"about":[{"href":"https:\/\/www.pompes-funebres-santilly.com\/fr\/wp-json\/wp\/v2\/types\/page"}],"author":[{"embeddable":true,"href":"https:\/\/www.pompes-funebres-santilly.com\/fr\/wp-json\/wp\/v2\/users\/1"}],"replies":[{"embeddable":true,"href":"https:\/\/www.pompes-funebres-santilly.com\/fr\/wp-json\/wp\/v2\/comments?post=1098"}],"version-history":[{"count":5,"href":"https:\/\/www.pompes-funebres-santilly.com\/fr\/wp-json\/wp\/v2\/pages\/1098\/revisions"}],"predecessor-version":[{"id":32828,"href":"https:\/\/www.pompes-funebres-santilly.com\/fr\/wp-json\/wp\/v2\/pages\/1098\/revisions\/32828"}],"wp:attachment":[{"href":"https:\/\/www.pompes-funebres-santilly.com\/fr\/wp-json\/wp\/v2\/media?parent=1098"}],"curies":[{"name":"wp","href":"https:\/\/api.w.org\/{rel}","templated":true}]}}