{"id":1001,"date":"2019-12-13T11:38:57","date_gmt":"2019-12-13T10:38:57","guid":{"rendered":"http:\/\/www.pompes-funebres-santilly.com\/fr\/?page_id=1001"},"modified":"2024-02-26T14:36:51","modified_gmt":"2024-02-26T13:36:51","slug":"prevoyance","status":"publish","type":"page","link":"https:\/\/www.pompes-funebres-santilly.com\/fr\/prevoyance\/","title":{"rendered":"Pr\u00e9voyance"},"content":{"rendered":"<p>[vc_section el_id=\u00a0\u00bbcollectivite-service-section\u00a0\u00bb css=\u00a0\u00bb.vc_custom_1580376943631{margin-bottom: 40px !important;}\u00a0\u00bb][vc_row][vc_column][vc_column_text]<\/p>\n<h1>Pr\u00e9voyance obseques : Contrat d&rsquo;assurance obs\u00e8ques<\/h1>\n<p>[\/vc_column_text][vc_column_text css=\u00a0\u00bb.vc_custom_1580996830124{margin-bottom: 40px !important;}\u00a0\u00bb]En cas de d\u00e9c\u00e8s, souscrire un contrat obs\u00e8ques est devenu une des solutions incontournables pour prot\u00e9ger ses proches financi\u00e8rement et pour organiser des obs\u00e8ques en avance. Les conseillers fun\u00e9raires sont \u00e0 votre disposition pour vous aiguiller dans vos choix.[\/vc_column_text][vc_btn title=\u00a0\u00bbDemander un devis\u00a0\u00bb style=\u00a0\u00bbflat\u00a0\u00bb color=\u00a0\u00bbsuccess\u00a0\u00bb align=\u00a0\u00bbcenter\u00a0\u00bb button_block=\u00a0\u00bbtrue\u00a0\u00bb el_class=\u00a0\u00bbpfs-cta-a small\u00a0\u00bb link=\u00a0\u00bburl:https%3A%2F%2Fwww.pompes-funebres-santilly.com%2Ffr%2Fdevis%2F|title:Demander%20un%20devis||\u00a0\u00bb][\/vc_column][\/vc_row][\/vc_section][vc_section css=\u00a0\u00bb.vc_custom_1580376950216{margin-bottom: 40px !important;}\u00a0\u00bb][vc_row full_width=\u00a0\u00bbstretch_row\u00a0\u00bb content_placement=\u00a0\u00bbmiddle\u00a0\u00bb css=\u00a0\u00bb.vc_custom_1708954527373{background-color: #f6f4f2 !important;}\u00a0\u00bb el_class=\u00a0\u00bblarge-color\u00a0\u00bb bb_tab_container=\u00a0\u00bb\u00a0\u00bb][vc_column width=\u00a0\u00bb1\/2&Prime;][vc_single_image image=\u00a0\u00bb19251&Prime; img_size=\u00a0\u00bblarge\u00a0\u00bb][\/vc_column][vc_column width=\u00a0\u00bb1\/2&Prime;][vc_column_text css=\u00a0\u00bb.vc_custom_1583848229942{margin-bottom: 30px !important;}\u00a0\u00bb]<\/p>\n<h2><a href=\"https:\/\/www.pompes-funebres-santilly.com\/fr\/prevoyance\/le-contrat-obseques-comment-ca-marche\/\">Le contrat obs\u00e8ques, comment \u00e7a marche ?<\/a><\/h2>\n<p>[\/vc_column_text][vc_column_text]Le contrat obs\u00e8ques permet de pr\u00e9voir le capital et le d\u00e9roulement des fun\u00e9railles dans le cadre de l\u2019organisation des obs\u00e8ques.[\/vc_column_text][vc_column_text el_class=\u00a0\u00bbmore-link fhl\u00a0\u00bb css=\u00a0\u00bb.vc_custom_1708954607633{margin-top: 30px !important;}\u00a0\u00bb bb_tab_container=\u00a0\u00bb\u00a0\u00bb]<span style=\"color: #a9a699;\"><a style=\"color: #a9a699;\" href=\"https:\/\/www.pompes-funebres-santilly.com\/fr\/prevoyance\/le-contrat-obseques-comment-ca-marche\/\"><strong>En savoir plus<\/strong><\/a><\/span>[\/vc_column_text][\/vc_column][\/vc_row][\/vc_section][vc_section el_id=\u00a0\u00bbcollectivite-espaces-section\u00a0\u00bb css=\u00a0\u00bb.vc_custom_1580376957876{margin-bottom: 40px !important;}\u00a0\u00bb][vc_row content_placement=\u00a0\u00bbmiddle\u00a0\u00bb][vc_column width=\u00a0\u00bb1\/2&Prime;][vc_column_text css=\u00a0\u00bb.vc_custom_1583848247136{margin-bottom: 30px !important;}\u00a0\u00bb]<\/p>\n<h2><a href=\"https:\/\/www.pompes-funebres-santilly.com\/fr\/prevoyance\/avantages-de-nos-contrats-obseques\/\">Avantages de nos contrats obs\u00e8ques<\/a><\/h2>\n<p>[\/vc_column_text][vc_column_text]De plus en plus nombreux sont les Fran\u00e7ais qui ont \u00e0 c\u0153ur de pr\u00e9voir leurs obs\u00e8ques, de prendre, \u00e0 l\u2019avance, des dispositions pour soulager leurs proches, le moment venu.[\/vc_column_text][vc_column_text el_class=\u00a0\u00bbmore-link fhl\u00a0\u00bb css=\u00a0\u00bb.vc_custom_1708954596153{margin-top: 30px !important;}\u00a0\u00bb bb_tab_container=\u00a0\u00bb\u00a0\u00bb]<span style=\"color: #a9a699;\"><a style=\"color: #a9a699;\" href=\"https:\/\/www.pompes-funebres-santilly.com\/fr\/prevoyance\/avantages-de-nos-contrats-obseques\/\"><strong>En savoir plus<\/strong><\/a><\/span>[\/vc_column_text][\/vc_column][vc_column width=\u00a0\u00bb1\/2&Prime;][vc_single_image image=\u00a0\u00bb19254&Prime; img_size=\u00a0\u00bblarge\u00a0\u00bb alignment=\u00a0\u00bbright\u00a0\u00bb][\/vc_column][\/vc_row][\/vc_section][vc_section s7upf_x_large_css=\u00a0\u00bb.vc_custom_1582187141420{background-color: #f2f5f5 !important;}\u00a0\u00bb el_class=\u00a0\u00bbno-color\u00a0\u00bb css=\u00a0\u00bb.vc_custom_1582187141418{margin-bottom: 60px !important;}\u00a0\u00bb][vc_row full_width=\u00a0\u00bbstretch_row\u00a0\u00bb equal_height=\u00a0\u00bbyes\u00a0\u00bb css=\u00a0\u00bb.vc_custom_1708954538889{padding-top: 50px !important;padding-bottom: 50px !important;background-color: #f6f4f2 !important;background-position: center !important;background-repeat: no-repeat !important;background-size: contain !important;}\u00a0\u00bb el_class=\u00a0\u00bbhome-shop-wrapper\u00a0\u00bb bb_tab_container=\u00a0\u00bb\u00a0\u00bb][vc_column][vc_column_text css=\u00a0\u00bb.vc_custom_1581006485131{margin-bottom: 30px !important;}\u00a0\u00bb]<\/p>\n<h2 style=\"text-align: center;\">Demander un Devis<\/h2>\n<p>[\/vc_column_text][vc_column_text]<\/p>\n<p style=\"text-align: center;\">Obtenez gratuitement un devis pour un d\u00e9c\u00e8s, une personne en fin de vie ou \u00e0 titre d&rsquo;information.<\/p>\n<p>[\/vc_column_text][vc_btn title=\u00a0\u00bbDemander un devis\u00a0\u00bb style=\u00a0\u00bbflat\u00a0\u00bb color=\u00a0\u00bbsuccess\u00a0\u00bb align=\u00a0\u00bbcenter\u00a0\u00bb el_class=\u00a0\u00bbpfs-cta-a small\u00a0\u00bb link=\u00a0\u00bburl:https%3A%2F%2Fwww.pompes-funebres-santilly.com%2Ffr%2Fdevis%2F|title:Collectivit%C3%A9s||\u00a0\u00bb][\/vc_column][vc_column bb_tab_container=\u00a0\u00bb\u00a0\u00bb el_class=\u00a0\u00bbhome-shop-visual\u00a0\u00bb][vc_single_image image=\u00a0\u00bb32763&Prime; img_size=\u00a0\u00bbfull\u00a0\u00bb alignment=\u00a0\u00bbright\u00a0\u00bb bb_tab_container=\u00a0\u00bb\u00a0\u00bb][\/vc_column][\/vc_row][\/vc_section][vc_section full_width=\u00a0\u00bbstretch_row\u00a0\u00bb el_id=\u00a0\u00bbfaq_embed\u00a0\u00bb css=\u00a0\u00bb.vc_custom_1603873176491{margin-top: 30px !important;background-color: #e1eced !important;}\u00a0\u00bb][vc_row][vc_column][vc_row_inner][vc_column_inner][vc_column_text]<\/p>\n<h2 style=\"text-align: center;\">Questions Fr\u00e9quentes<\/h2>\n<p>[\/vc_column_text][\/vc_column_inner][\/vc_row_inner][\/vc_column][\/vc_row][vc_row][vc_column][vc_column_text]\r\n    <div class=\"container-fluid to_moove\">\r\n\r\n        <div class=\"row\">\r\n    \r\n            <div class=\"col-md\">\r\n    \r\n            \r\n\r\n                <div class=\"card question\" data-cat=\"Ce qu'il faut savoir sur la pr\u00e9voyance obs\u00e8ques\">\r\n\r\n                <div class=\"container\">\r\n                    <div class=\"card-header spacer-card-faq arrow question_trigger\" data-toggle=\"collapse\" data-target=\"#collapse_0\" aria-expanded=\"false\" aria-controls=\"collapseExample\">\r\n                        <h3 class=\"card-title\">\r\n                            Comment pr\u00e9parer mes obs\u00e8ques \u00e0 l\u2019avance ?                        <\/h3>\r\n                        <img decoding=\"async\" class=\"arrow-icon\" src=\"https:\/\/www.pompes-funebres-santilly.com\/wp-content\/themes\/geschaft-child\/images\/Arrow.png\" width=\"30\" height=\"30\" alt=\"arrow bottom\" \/>\r\n\r\n\r\n                    <\/div>\r\n    \r\n                    <div class=\"content collapse card-body\" id=\"collapse_0\">\r\n                        <p><span style=\"font-weight: 400;\">La meilleure solution<\/span>est de souscrire un contrat obs\u00e8ques. Il permet, via des versements r\u00e9guliers accessibles, car planifi\u00e9s dans le temps, de pr\u00e9voir une somme d\u2019argent pour le r\u00e8glement de vos obs\u00e8ques. Le capital est garanti et revaloris\u00e9 chaque ann\u00e9e. Il vous donne \u00e9galement la possibilit\u00e9 de pr\u00e9ciser vos derni\u00e8res volont\u00e9s si vous pr\u00e9f\u00e9rez par exemple \u00eatre inhum\u00e9 ou faire appel \u00e0 la cr\u00e9mation, si vous d\u00e9sirez une c\u00e9r\u00e9monie la\u00efque ou religieuse, si vous avez des recommandations pour l\u2019organisation et le d\u00e9roulement de la c\u00e9r\u00e9monie et des fun\u00e9railles.<\/p>\n<p>Vous pouvez \u00e9galement ajouter une option suppl\u00e9mentaire \u00e0 votre contrat, appel\u00e9 \u00ab contrat obs\u00e8ques en prestations \u00bb qui vous permet de r\u00e9gler l\u2019ensemble des d\u00e9tails \u00e0 pr\u00e9voir : du cercueil au transport, des soins aux fleurs, des monuments aux parutions presse, etc.<\/p>\n                    <\/div>\r\n                <\/div>\r\n\r\n                <\/div>\r\n\r\n\r\n\r\n    \r\n            \r\n\r\n                <div class=\"card question\" data-cat=\"Ce qu'il faut savoir sur la pr\u00e9voyance obs\u00e8ques\">\r\n\r\n                <div class=\"container\">\r\n                    <div class=\"card-header spacer-card-faq arrow question_trigger\" data-toggle=\"collapse\" data-target=\"#collapse_1\" aria-expanded=\"false\" aria-controls=\"collapseExample\">\r\n                        <h3 class=\"card-title\">\r\n                            Quels sont les avantages d\u2019un contrat obs\u00e8ques ?                        <\/h3>\r\n                        <img decoding=\"async\" class=\"arrow-icon\" src=\"https:\/\/www.pompes-funebres-santilly.com\/wp-content\/themes\/geschaft-child\/images\/Arrow.png\" width=\"30\" height=\"30\" alt=\"arrow bottom\" \/>\r\n\r\n\r\n                    <\/div>\r\n    \r\n                    <div class=\"content collapse card-body\" id=\"collapse_1\">\r\n                        <p><span style=\"font-weight: 400;\">Au-del\u00e0 du fait que vous \u00e9pargnez une charge financi\u00e8re \u00e0 vos proches (c\u2019est la partie \u00ab contrat capital \u00bb), un contrat obs\u00e8ques vous donne l\u2019occasion de faire part de vos derni\u00e8res volont\u00e9s concernant l\u2019organisation des fun\u00e9railles (c\u2019est la partie \u00ab contrat prestations \u00bb). Les \u00c9tablissements Santilly sont habilit\u00e9s \u00e0 vous proposer ce type de contrats et veillent \u00e0 ce que toutes les consignes (d\u2019ordre personnel ou religieuses) inscrites soient rigoureusement respect\u00e9es. C\u2019est l\u2019occasion de r\u00e9fl\u00e9chir pos\u00e9ment \u00e0 la fa\u00e7on dont vous souhaitez dire au revoir \u00e0 vos proches. Vous pouvez personnaliser ce moment en ajoutant l\u2019option \u00ab contrat obs\u00e8ques en prestations \u00bb (transport, textes, musiques, articles fun\u00e9raires\u2026).<\/span><\/p>\n<p>&nbsp;<\/p>\n                    <\/div>\r\n                <\/div>\r\n\r\n                <\/div>\r\n\r\n\r\n\r\n    \r\n            \r\n\r\n                <div class=\"card question\" data-cat=\"Ce qu'il faut savoir sur la pr\u00e9voyance obs\u00e8ques\">\r\n\r\n                <div class=\"container\">\r\n                    <div class=\"card-header spacer-card-faq arrow question_trigger\" data-toggle=\"collapse\" data-target=\"#collapse_2\" aria-expanded=\"false\" aria-controls=\"collapseExample\">\r\n                        <h3 class=\"card-title\">\r\n                            Quels frais prend en charge un contrat obs\u00e8ques ?                        <\/h3>\r\n                        <img decoding=\"async\" class=\"arrow-icon\" src=\"https:\/\/www.pompes-funebres-santilly.com\/wp-content\/themes\/geschaft-child\/images\/Arrow.png\" width=\"30\" height=\"30\" alt=\"arrow bottom\" \/>\r\n\r\n\r\n                    <\/div>\r\n    \r\n                    <div class=\"content collapse card-body\" id=\"collapse_2\">\r\n                        <p>Le contrat obs\u00e8ques couvre les frais li\u00e9s \u00e0 l\u2019organisation des obs\u00e8ques et les achats d\u2019articles fun\u00e9raires. Par contre, il ne couvre pas les frais de tiers (li\u00e9s au culte, \u00e0 la mairie, \u00e0 la police). Il est toutefois possible d\u2019envisager une r\u00e9serve suppl\u00e9mentaire destin\u00e9e \u00e0 pourvoir \u00e0 ces compl\u00e9ments de d\u00e9penses.<\/p>\n                    <\/div>\r\n                <\/div>\r\n\r\n                <\/div>\r\n\r\n\r\n\r\n    \r\n            \r\n\r\n                <div class=\"card question\" data-cat=\"Ce qu'il faut savoir sur la pr\u00e9voyance obs\u00e8ques\">\r\n\r\n                <div class=\"container\">\r\n                    <div class=\"card-header spacer-card-faq arrow question_trigger\" data-toggle=\"collapse\" data-target=\"#collapse_3\" aria-expanded=\"false\" aria-controls=\"collapseExample\">\r\n                        <h3 class=\"card-title\">\r\n                            Qui peut me garantir que mon contrat obs\u00e8ques sera utilis\u00e9 \u00e0 bon escient\u00a0?                        <\/h3>\r\n                        <img decoding=\"async\" class=\"arrow-icon\" src=\"https:\/\/www.pompes-funebres-santilly.com\/wp-content\/themes\/geschaft-child\/images\/Arrow.png\" width=\"30\" height=\"30\" alt=\"arrow bottom\" \/>\r\n\r\n\r\n                    <\/div>\r\n    \r\n                    <div class=\"content collapse card-body\" id=\"collapse_3\">\r\n                        <h3><span style=\"font-weight: 400;\">La signature que vous apposez sur votre contrat engage contractuellement les b\u00e9n\u00e9ficiaires \u00e0 utiliser le capital pour payer les frais d\u2019obs\u00e8ques et respecter les volont\u00e9s consign\u00e9es. De leur c\u00f4t\u00e9, les \u00c9ts Santilly s\u2019engagent \u00e0 organiser la c\u00e9r\u00e9monie dans le respect dles souhaits consign\u00e9s par l\u2019assur\u00e9 (en termes d\u2019articles et de services fun\u00e9raires).<\/span><\/h3>\n<h3><span style=\"font-weight: 400;\">Comme placement financier, le capital est garanti et revaloris\u00e9 chaque ann\u00e9e. \u00c0 noter : le montant souscrit peut parfois \u00eatre insuffisant pour r\u00e9gler la totalit\u00e9 des obs\u00e8ques. Dans le cas inverse, s\u2019il reste une partie de capital non-utilis\u00e9, celui-ci est vers\u00e9 aux b\u00e9n\u00e9ficiaires que vous aurez pr\u00e9alablement d\u00e9sign\u00e9s.<\/span><\/h3>\n<p><a href=\"https:\/\/www.pompes-funebres-santilly.com\/fr\/nos-agences\/\">Nous contacter.<\/a><\/p>\n                    <\/div>\r\n                <\/div>\r\n\r\n                <\/div>\r\n\r\n\r\n\r\n                <div class=\"faq_navigation\">\r\n            <div class=\"next_posts\">\r\n                            <\/div>\r\n            <div class=\"prev_posts\">\r\n                 \r\n            <\/div>\r\n                    <\/div>\r\n        <\/div>\r\n    <\/div>\r\n[\/vc_column_text][vc_btn title=\u00a0\u00bbVOIR TOUT\u00a0\u00bb align=\u00a0\u00bbright\u00a0\u00bb el_id=\u00a0\u00bbfaq_btn\u00a0\u00bb link=\u00a0\u00bburl:https%3A%2F%2Fwww.pompes-funebres-santilly.com%2Ffr%2Fquestions-frequentes%2F|title:Questions%20fr%C3%A9quentes||\u00a0\u00bb][\/vc_column][\/vc_row][\/vc_section]<\/p>\n","protected":false},"excerpt":{"rendered":"<p>[vc_section el_id=\u00a0\u00bbcollectivite-service-section\u00a0\u00bb css=\u00a0\u00bb.vc_custom_1580376943631{margin-bottom: 40px !important;}\u00a0\u00bb][vc_row][vc_column][vc_column_text] Pr\u00e9voyance obseques : Contrat d&rsquo;assurance obs\u00e8ques [\/vc_column_text][vc_column_text css=\u00a0\u00bb.vc_custom_1580996830124{margin-bottom: 40px !important;}\u00a0\u00bb]En cas de d\u00e9c\u00e8s, souscrire un contrat obs\u00e8ques est devenu une des solutions incontournables pour prot\u00e9ger ses proches financi\u00e8rement et pour organiser des obs\u00e8ques en avance. Les conseillers fun\u00e9raires sont \u00e0 votre disposition pour vous aiguiller dans vos choix.[\/vc_column_text][vc_btn title=\u00a0\u00bbDemander un [&hellip;]<\/p>\n","protected":false},"author":1,"featured_media":0,"parent":0,"menu_order":0,"comment_status":"closed","ping_status":"closed","template":"","meta":{"_acf_changed":false,"footnotes":""},"class_list":["post-1001","page","type-page","status-publish","hentry"],"acf":false,"yoast_head":"<!-- This site is optimized with the Yoast SEO plugin v26.5 - https:\/\/yoast.com\/wordpress\/plugins\/seo\/ -->\n<title>Contrat obseques : Contrat de pr\u00e9voyance obs\u00e8ques - Pompes Fun\u00e8bres Santilly<\/title>\n<meta name=\"description\" content=\"L&#039;assurance obs\u00e8ques permet au souscripteur de soulager financi\u00e8rement sa famille en cas de d\u00e9c\u00e8s. D\u00e9couvrez nos conseils.\" \/>\n<meta name=\"robots\" content=\"index, follow, max-snippet:-1, max-image-preview:large, max-video-preview:-1\" \/>\n<link rel=\"canonical\" href=\"https:\/\/www.pompes-funebres-santilly.com\/fr\/prevoyance\/\" \/>\n<meta property=\"og:locale\" content=\"fr_FR\" \/>\n<meta property=\"og:type\" content=\"article\" \/>\n<meta property=\"og:title\" content=\"Contrat obseques : Contrat de pr\u00e9voyance obs\u00e8ques - Pompes Fun\u00e8bres Santilly\" \/>\n<meta property=\"og:description\" content=\"L&#039;assurance obs\u00e8ques permet au souscripteur de soulager financi\u00e8rement sa famille en cas de d\u00e9c\u00e8s. D\u00e9couvrez nos conseils.\" \/>\n<meta property=\"og:url\" content=\"https:\/\/www.pompes-funebres-santilly.com\/fr\/prevoyance\/\" \/>\n<meta property=\"og:site_name\" content=\"Pompes Fun\u00e8bres Santilly\" \/>\n<meta property=\"article:modified_time\" content=\"2024-02-26T13:36:51+00:00\" \/>\n<meta name=\"twitter:card\" content=\"summary_large_image\" \/>\n<meta name=\"twitter:label1\" content=\"Dur\u00e9e de lecture est.\" \/>\n\t<meta name=\"twitter:data1\" content=\"3 minutes\" \/>\n<script type=\"application\/ld+json\" class=\"yoast-schema-graph\">{\"@context\":\"https:\/\/schema.org\",\"@graph\":[{\"@type\":\"WebPage\",\"@id\":\"https:\/\/www.pompes-funebres-santilly.com\/fr\/prevoyance\/\",\"url\":\"https:\/\/www.pompes-funebres-santilly.com\/fr\/prevoyance\/\",\"name\":\"Contrat obseques : Contrat de pr\u00e9voyance obs\u00e8ques - Pompes Fun\u00e8bres Santilly\",\"isPartOf\":{\"@id\":\"https:\/\/www.pompes-funebres-santilly.com\/fr\/#website\"},\"datePublished\":\"2019-12-13T10:38:57+00:00\",\"dateModified\":\"2024-02-26T13:36:51+00:00\",\"description\":\"L'assurance obs\u00e8ques permet au souscripteur de soulager financi\u00e8rement sa famille en cas de d\u00e9c\u00e8s. D\u00e9couvrez nos conseils.\",\"breadcrumb\":{\"@id\":\"https:\/\/www.pompes-funebres-santilly.com\/fr\/prevoyance\/#breadcrumb\"},\"inLanguage\":\"fr-FR\",\"potentialAction\":[{\"@type\":\"ReadAction\",\"target\":[\"https:\/\/www.pompes-funebres-santilly.com\/fr\/prevoyance\/\"]}]},{\"@type\":\"BreadcrumbList\",\"@id\":\"https:\/\/www.pompes-funebres-santilly.com\/fr\/prevoyance\/#breadcrumb\",\"itemListElement\":[{\"@type\":\"ListItem\",\"position\":1,\"name\":\"Accueil\",\"item\":\"https:\/\/www.pompes-funebres-santilly.com\/fr\/\"},{\"@type\":\"ListItem\",\"position\":2,\"name\":\"Pr\u00e9voyance\"}]},{\"@type\":\"WebSite\",\"@id\":\"https:\/\/www.pompes-funebres-santilly.com\/fr\/#website\",\"url\":\"https:\/\/www.pompes-funebres-santilly.com\/fr\/\",\"name\":\"Pompes Fun\u00e8bres Santilly\",\"description\":\"\",\"publisher\":{\"@id\":\"https:\/\/www.pompes-funebres-santilly.com\/fr\/#organization\"},\"potentialAction\":[{\"@type\":\"SearchAction\",\"target\":{\"@type\":\"EntryPoint\",\"urlTemplate\":\"https:\/\/www.pompes-funebres-santilly.com\/fr\/?s={search_term_string}\"},\"query-input\":{\"@type\":\"PropertyValueSpecification\",\"valueRequired\":true,\"valueName\":\"search_term_string\"}}],\"inLanguage\":\"fr-FR\"},{\"@type\":\"Organization\",\"@id\":\"https:\/\/www.pompes-funebres-santilly.com\/fr\/#organization\",\"name\":\"LCF Santilly\",\"url\":\"https:\/\/www.pompes-funebres-santilly.com\/fr\/\",\"logo\":{\"@type\":\"ImageObject\",\"inLanguage\":\"fr-FR\",\"@id\":\"https:\/\/www.pompes-funebres-santilly.com\/fr\/#\/schema\/logo\/image\/\",\"url\":\"https:\/\/www.pompes-funebres-santilly.com\/wp-content\/uploads\/2019\/12\/logo-1.png\",\"contentUrl\":\"https:\/\/www.pompes-funebres-santilly.com\/wp-content\/uploads\/2019\/12\/logo-1.png\",\"width\":433,\"height\":115,\"caption\":\"LCF Santilly\"},\"image\":{\"@id\":\"https:\/\/www.pompes-funebres-santilly.com\/fr\/#\/schema\/logo\/image\/\"}}]}<\/script>\n<!-- \/ Yoast SEO plugin. -->","yoast_head_json":{"title":"Contrat obseques : Contrat de pr\u00e9voyance obs\u00e8ques - Pompes Fun\u00e8bres Santilly","description":"L'assurance obs\u00e8ques permet au souscripteur de soulager financi\u00e8rement sa famille en cas de d\u00e9c\u00e8s. D\u00e9couvrez nos conseils.","robots":{"index":"index","follow":"follow","max-snippet":"max-snippet:-1","max-image-preview":"max-image-preview:large","max-video-preview":"max-video-preview:-1"},"canonical":"https:\/\/www.pompes-funebres-santilly.com\/fr\/prevoyance\/","og_locale":"fr_FR","og_type":"article","og_title":"Contrat obseques : Contrat de pr\u00e9voyance obs\u00e8ques - Pompes Fun\u00e8bres Santilly","og_description":"L'assurance obs\u00e8ques permet au souscripteur de soulager financi\u00e8rement sa famille en cas de d\u00e9c\u00e8s. D\u00e9couvrez nos conseils.","og_url":"https:\/\/www.pompes-funebres-santilly.com\/fr\/prevoyance\/","og_site_name":"Pompes Fun\u00e8bres Santilly","article_modified_time":"2024-02-26T13:36:51+00:00","twitter_card":"summary_large_image","twitter_misc":{"Dur\u00e9e de lecture est.":"3 minutes"},"schema":{"@context":"https:\/\/schema.org","@graph":[{"@type":"WebPage","@id":"https:\/\/www.pompes-funebres-santilly.com\/fr\/prevoyance\/","url":"https:\/\/www.pompes-funebres-santilly.com\/fr\/prevoyance\/","name":"Contrat obseques : Contrat de pr\u00e9voyance obs\u00e8ques - Pompes Fun\u00e8bres Santilly","isPartOf":{"@id":"https:\/\/www.pompes-funebres-santilly.com\/fr\/#website"},"datePublished":"2019-12-13T10:38:57+00:00","dateModified":"2024-02-26T13:36:51+00:00","description":"L'assurance obs\u00e8ques permet au souscripteur de soulager financi\u00e8rement sa famille en cas de d\u00e9c\u00e8s. D\u00e9couvrez nos conseils.","breadcrumb":{"@id":"https:\/\/www.pompes-funebres-santilly.com\/fr\/prevoyance\/#breadcrumb"},"inLanguage":"fr-FR","potentialAction":[{"@type":"ReadAction","target":["https:\/\/www.pompes-funebres-santilly.com\/fr\/prevoyance\/"]}]},{"@type":"BreadcrumbList","@id":"https:\/\/www.pompes-funebres-santilly.com\/fr\/prevoyance\/#breadcrumb","itemListElement":[{"@type":"ListItem","position":1,"name":"Accueil","item":"https:\/\/www.pompes-funebres-santilly.com\/fr\/"},{"@type":"ListItem","position":2,"name":"Pr\u00e9voyance"}]},{"@type":"WebSite","@id":"https:\/\/www.pompes-funebres-santilly.com\/fr\/#website","url":"https:\/\/www.pompes-funebres-santilly.com\/fr\/","name":"Pompes Fun\u00e8bres Santilly","description":"","publisher":{"@id":"https:\/\/www.pompes-funebres-santilly.com\/fr\/#organization"},"potentialAction":[{"@type":"SearchAction","target":{"@type":"EntryPoint","urlTemplate":"https:\/\/www.pompes-funebres-santilly.com\/fr\/?s={search_term_string}"},"query-input":{"@type":"PropertyValueSpecification","valueRequired":true,"valueName":"search_term_string"}}],"inLanguage":"fr-FR"},{"@type":"Organization","@id":"https:\/\/www.pompes-funebres-santilly.com\/fr\/#organization","name":"LCF Santilly","url":"https:\/\/www.pompes-funebres-santilly.com\/fr\/","logo":{"@type":"ImageObject","inLanguage":"fr-FR","@id":"https:\/\/www.pompes-funebres-santilly.com\/fr\/#\/schema\/logo\/image\/","url":"https:\/\/www.pompes-funebres-santilly.com\/wp-content\/uploads\/2019\/12\/logo-1.png","contentUrl":"https:\/\/www.pompes-funebres-santilly.com\/wp-content\/uploads\/2019\/12\/logo-1.png","width":433,"height":115,"caption":"LCF Santilly"},"image":{"@id":"https:\/\/www.pompes-funebres-santilly.com\/fr\/#\/schema\/logo\/image\/"}}]}},"_links":{"self":[{"href":"https:\/\/www.pompes-funebres-santilly.com\/fr\/wp-json\/wp\/v2\/pages\/1001","targetHints":{"allow":["GET"]}}],"collection":[{"href":"https:\/\/www.pompes-funebres-santilly.com\/fr\/wp-json\/wp\/v2\/pages"}],"about":[{"href":"https:\/\/www.pompes-funebres-santilly.com\/fr\/wp-json\/wp\/v2\/types\/page"}],"author":[{"embeddable":true,"href":"https:\/\/www.pompes-funebres-santilly.com\/fr\/wp-json\/wp\/v2\/users\/1"}],"replies":[{"embeddable":true,"href":"https:\/\/www.pompes-funebres-santilly.com\/fr\/wp-json\/wp\/v2\/comments?post=1001"}],"version-history":[{"count":14,"href":"https:\/\/www.pompes-funebres-santilly.com\/fr\/wp-json\/wp\/v2\/pages\/1001\/revisions"}],"predecessor-version":[{"id":32792,"href":"https:\/\/www.pompes-funebres-santilly.com\/fr\/wp-json\/wp\/v2\/pages\/1001\/revisions\/32792"}],"wp:attachment":[{"href":"https:\/\/www.pompes-funebres-santilly.com\/fr\/wp-json\/wp\/v2\/media?parent=1001"}],"curies":[{"name":"wp","href":"https:\/\/api.w.org\/{rel}","templated":true}]}}